{"id":64867,"date":"2026-02-03T14:26:26","date_gmt":"2026-02-03T13:26:26","guid":{"rendered":"https:\/\/www.teleskopshop.ch\/shop\/senza-categoria\/telecamera-mono-zwo-asi-2600mm-air\/"},"modified":"2026-02-03T14:26:26","modified_gmt":"2026-02-03T13:26:26","slug":"telecamera-mono-zwo-asi-2600mm-air","status":"publish","type":"product","link":"https:\/\/www.teleskopshop.ch\/it\/shop\/astronomia-accessori-it\/telecamera-mono-zwo-asi-2600mm-air\/","title":{"rendered":"Telecamera mono ZWO ASI 2600MM-AIR"},"content":{"rendered":"<h1>Telecamera mono ZWO ASI 2600MM-AIR<\/h1>\n<h2 class=\"page-title\"><span class=\"base\" data-ui-id=\"page-title-wrapper\">DUE ASI 2600MM-ARIA<\/span><\/h2>\n<div>La ASI2600MM Air \u00e8 la soluzione perfetta per chi vuole praticare l&#8217;astrofotografia monocromatica ai massimi livelli, senza cavi aggrovigliati e tecnologie complicate. Questa fotocamera intelligente combina un sistema di imaging di alta precisione, una guida integrata e un controllo intelligente in un dispositivo compatto e senza fili. <\/div>\n<div><\/div>\n<div>Al centro c&#8217;\u00e8 un sensore monocromatico APS-C da 26 megapixel (IMX571) con ADC a 16 bit, elevata efficienza quantica e rumore di lettura estremamente ridotto: l&#8217;ideale per immagini dettagliate del cielo profondo. Grazie al sensore di guida integrato SC2210 (1\/1,8&#8243;, 2 MP, 92% QE), non \u00e8 pi\u00f9 necessario un cannocchiale di guida separato: questo fa risparmiare tempo e garantisce una maggiore precisione nella guida. <\/div>\n<div><\/div>\n<div>Connessione wireless? Nessun problema: la ASI2600MM Air comunica direttamente con i supporti AM3\/AM5 o i controller ASIAIR tramite Wi-Fi 5G\/2.4G e Bluetooth. La memoria eMMC da 256 GB e la RAM DDR da 2 GB garantiscono un trasferimento dati ultraveloce (fino a 138 MB\/s in lettura, 112 MB\/s in scrittura). Il live stacking integrato esegue l&#8217;elaborazione delle immagini in tempo reale, direttamente dal campo.   <\/div>\n<div><\/div>\n<div>\n<p>Con quattro porte USB 2.0, tre uscite DC e una porta USB-C, la massima flessibilit\u00e0 \u00e8 garantita. Che sia telecomandata o completamente automatica, la ASI2600MM Air rende l&#8217;astrofotografia pi\u00f9 facile, snella e intelligente che mai. <\/p>\n<ul>\n<li>Sensore monocromatico APS-C da 26MP<\/li>\n<li>Guida sull&#8217;asse integrata con SC2210<\/li>\n<li>WLAN e Bluetooth per il controllo wireless<\/li>\n<li>Memoria da 256 GB, velocit\u00e0 di lettura di 138 MB\/s<\/li>\n<li>Impilamento dal vivo e utilizzo completamente telecomandato<\/li>\n<\/ul>\n<\/div>\n","protected":false},"excerpt":{"rendered":"<p>ZWO ASI 2600MM-AIR Mono Camera<br \/>\nSono lieto di darti il benvenuto su teleskopshop.ch e di presentarti la seguente astrocamera.<\/p>\n","protected":false},"featured_media":64332,"comment_status":"closed","ping_status":"closed","template":"","meta":{"_acf_changed":false},"product_brand":[1788],"product_cat":[1655,1712,1715],"product_tag":[],"class_list":{"0":"post-64867","1":"product","2":"type-product","3":"status-publish","4":"has-post-thumbnail","6":"product_brand-zwo-asi","7":"product_cat-astronomia-accessori-it","8":"product_cat-astrofotografia","9":"product_cat-macchina-fotografica","11":"first","12":"instock","13":"taxable","14":"shipping-taxable","15":"purchasable","16":"product-type-simple"},"acf":[],"_links":{"self":[{"href":"https:\/\/www.teleskopshop.ch\/it\/wp-json\/wp\/v2\/product\/64867","targetHints":{"allow":["GET"]}}],"collection":[{"href":"https:\/\/www.teleskopshop.ch\/it\/wp-json\/wp\/v2\/product"}],"about":[{"href":"https:\/\/www.teleskopshop.ch\/it\/wp-json\/wp\/v2\/types\/product"}],"replies":[{"embeddable":true,"href":"https:\/\/www.teleskopshop.ch\/it\/wp-json\/wp\/v2\/comments?post=64867"}],"wp:featuredmedia":[{"embeddable":true,"href":"https:\/\/www.teleskopshop.ch\/it\/wp-json\/wp\/v2\/media\/64332"}],"wp:attachment":[{"href":"https:\/\/www.teleskopshop.ch\/it\/wp-json\/wp\/v2\/media?parent=64867"}],"wp:term":[{"taxonomy":"product_brand","embeddable":true,"href":"https:\/\/www.teleskopshop.ch\/it\/wp-json\/wp\/v2\/product_brand?post=64867"},{"taxonomy":"product_cat","embeddable":true,"href":"https:\/\/www.teleskopshop.ch\/it\/wp-json\/wp\/v2\/product_cat?post=64867"},{"taxonomy":"product_tag","embeddable":true,"href":"https:\/\/www.teleskopshop.ch\/it\/wp-json\/wp\/v2\/product_tag?post=64867"}],"curies":[{"name":"wp","href":"https:\/\/api.w.org\/{rel}","templated":true}]}}