{"id":64858,"date":"2026-02-03T14:52:07","date_gmt":"2026-02-03T13:52:07","guid":{"rendered":"https:\/\/www.teleskopshop.ch\/shop\/senza-categoria\/due-monoversioni-asi2600mm-pro\/"},"modified":"2026-02-03T14:52:07","modified_gmt":"2026-02-03T13:52:07","slug":"due-monoversioni-asi2600mm-pro","status":"publish","type":"product","link":"https:\/\/www.teleskopshop.ch\/it\/shop\/astronomia-accessori-it\/due-monoversioni-asi2600mm-pro\/","title":{"rendered":"DUE MONOVERSIONI ASI2600MM PRO"},"content":{"rendered":"<h1>DUE MONOVERSIONI ASI2600MM PRO<\/h1>\n<h1 class=\"page-title\"><span class=\"base\" data-ui-id=\"page-title-wrapper\">Due Asi 2600MM-P25<\/span><\/h1>\n<p>La ZWO ASI2600MM Pro \u00e8 una fotocamera CMOS mono raffreddata ad alta sensibilit\u00e0 e ampia gamma dinamica, progettata per l&#8217;astrofotografia pi\u00f9 esigente. Utilizza il sensore Sony IMX571 APS-C con un&#8217;area di 23,5 \u00d7 15,7 mm (diagonale di 28,3 mm). Con 26 megapixel e una dimensione dei pixel di 3,76 \u00b5m, offre immagini dettagliate con una struttura molto fine.  <\/p>\n<h3>SENSORE E QUALIT\u00c0 DELL&#8217;IMMAGINE<\/h3>\n<ul>\n<li>Sensore mono APS-C Sony IMX571<\/li>\n<li>Dimensione del pixel: 3,76 \u00b5m<\/li>\n<li>Risoluzione: 26 megapixel (6248 \u00d7 4176)<\/li>\n<li>Capacit\u00e0 a pozzetto: 73 ke-<\/li>\n<li>Valore di picco del QE: 91%.<\/li>\n<\/ul>\n<p>L&#8217;ADC nativo a 16 bit consente una gamma dinamica fino a 14 f-stop. Questo garantisce gradienti di luminosit\u00e0 uniformi e un rilevamento preciso sia di deboli strutture nebulari che di campi stellari luminosi. La versione mono si distingue per la combinazione con filtri a banda stretta.  <\/p>\n<h3>CARATTERISTICHE TECNICHE SPECIALI<\/h3>\n<ul>\n<li><strong>Zero Amp Glow:<\/strong> nessun effetto di bagliore dell&#8217;amplificatore con le esposizioni lunghe<\/li>\n<li><strong>Riscaldamento anti-umidit\u00e0: il<\/strong> finestrino anteriore riscaldato impedisce la formazione di condensa<\/li>\n<li><strong>512 MB di buffer DDR3:<\/strong> trasferimento dati veloce e stabile<\/li>\n<li><strong>Regolazione dell&#8217;inclinazione del sensore:<\/strong> allineamento preciso del livello del sensore<\/li>\n<\/ul>\n<h3>COMPORTAMENTO DI RAFFREDDAMENTO E RUMORE<\/h3>\n<p>Il sistema di raffreddamento TEC a due stadi abbassa la temperatura del sensore fino a 30-35 \u00b0C rispetto all&#8217;ambiente. Di conseguenza, il rumore della corrente di buio \u00e8 estremamente basso: a 0 \u00b0C \u00e8 di soli 0,0022 e-\/s\/pix, a -20 \u00b0C solo 0,00012 e-\/s\/pix. La modalit\u00e0 HCG con guadagno 100 riduce ulteriormente il rumore di lettura senza compromettere la gamma dinamica.  <\/p>\n<h3>MECCANICA E CONNESSIONE<\/h3>\n<p>Con un peso di soli 0,7 kg e un&#8217;interfaccia USB 3.0, la fotocamera \u00e8 leggera e potente. La distanza di messa a fuoco posteriore di 55 mm ne consente l&#8217;utilizzo con correttori e ruote portafiltri standard. Gli adattatori in dotazione facilitano l&#8217;integrazione nei sistemi esistenti.  <\/p>\n<ul>\n<li>Sensore mono APS-C Sony IMX571<\/li>\n<li>26 megapixel, dimensione dei pixel 3,76 \u00b5m<\/li>\n<li>Valore di picco del QE: 91%.<\/li>\n<li>Raffreddamento TEC a due stadi fino a -35 \u00b0C<\/li>\n<li>Zero amp glow, riscaldamento antigoccia<\/li>\n<li>USB 3.0 e 512 MB di buffer<\/li>\n<\/ul>\n","protected":false},"excerpt":{"rendered":"<p>ZWO ASI2600MM PRO MONOVERSIONE<\/p>\n<p>Sono lieto di darti il benvenuto su teleskopshop.ch e di presentarti la seguente astrocamera.<\/p>\n","protected":false},"featured_media":64395,"comment_status":"closed","ping_status":"closed","template":"","meta":{"_acf_changed":false},"product_brand":[1788],"product_cat":[1655,1712,1715],"product_tag":[],"class_list":{"0":"post-64858","1":"product","2":"type-product","3":"status-publish","4":"has-post-thumbnail","6":"product_brand-zwo-asi","7":"product_cat-astronomia-accessori-it","8":"product_cat-astrofotografia","9":"product_cat-macchina-fotografica","11":"first","12":"instock","13":"taxable","14":"shipping-taxable","15":"purchasable","16":"product-type-simple"},"acf":[],"_links":{"self":[{"href":"https:\/\/www.teleskopshop.ch\/it\/wp-json\/wp\/v2\/product\/64858","targetHints":{"allow":["GET"]}}],"collection":[{"href":"https:\/\/www.teleskopshop.ch\/it\/wp-json\/wp\/v2\/product"}],"about":[{"href":"https:\/\/www.teleskopshop.ch\/it\/wp-json\/wp\/v2\/types\/product"}],"replies":[{"embeddable":true,"href":"https:\/\/www.teleskopshop.ch\/it\/wp-json\/wp\/v2\/comments?post=64858"}],"wp:featuredmedia":[{"embeddable":true,"href":"https:\/\/www.teleskopshop.ch\/it\/wp-json\/wp\/v2\/media\/64395"}],"wp:attachment":[{"href":"https:\/\/www.teleskopshop.ch\/it\/wp-json\/wp\/v2\/media?parent=64858"}],"wp:term":[{"taxonomy":"product_brand","embeddable":true,"href":"https:\/\/www.teleskopshop.ch\/it\/wp-json\/wp\/v2\/product_brand?post=64858"},{"taxonomy":"product_cat","embeddable":true,"href":"https:\/\/www.teleskopshop.ch\/it\/wp-json\/wp\/v2\/product_cat?post=64858"},{"taxonomy":"product_tag","embeddable":true,"href":"https:\/\/www.teleskopshop.ch\/it\/wp-json\/wp\/v2\/product_tag?post=64858"}],"curies":[{"name":"wp","href":"https:\/\/api.w.org\/{rel}","templated":true}]}}