{"id":64855,"date":"2026-02-03T14:59:32","date_gmt":"2026-02-03T13:59:32","guid":{"rendered":"https:\/\/www.teleskopshop.ch\/shop\/senza-categoria\/zwo-asi-2600mm-duo\/"},"modified":"2026-02-03T14:59:32","modified_gmt":"2026-02-03T13:59:32","slug":"zwo-asi-2600mm-duo","status":"publish","type":"product","link":"https:\/\/www.teleskopshop.ch\/it\/shop\/astronomia-accessori-it\/zwo-asi-2600mm-duo\/","title":{"rendered":"ZWO ASI 2600MM-Duo"},"content":{"rendered":"<h1 class=\"page-title\"><span class=\"base\" data-ui-id=\"page-title-wrapper\">ZWO ASI 2600MM-Duo<\/span><\/h1>\n<h2 class=\"page-title\"><span class=\"base\" data-ui-id=\"page-title-wrapper\">ZWO ASI 2600MM-Duo Astro\/Camera di guida<\/span><\/h2>\n<div>\n<div><strong>Sensore principale<\/strong><\/div>\n<div>Il sensore principale IMX571 ha un formato APS-C e un totale di 26MP pixel. Le dimensioni sono 23,5 mm di larghezza x 15,7 mm di altezza, mentre la diagonale misura 28,3 mm. La dimensione dei piccoli pixel \u00e8 di 3,76 um x 3,76 um, il che consente di ottenere un&#8217;impressionante profondit\u00e0 di 50ke. Con la nuova tecnologia hardware, questo valore pu\u00f2 essere esteso fino a 80ke.  <\/div>\n<div><\/div>\n<div><strong>Sensore guida<\/strong><\/div>\n<div>Il sensore SC2210, che deriva dalla mini telecamera ASI220MM, ha una sensibilit\u00e0 molto elevata. Il valore di picco QE raggiunge il 92% a 500nm. Il rumore di lettura \u00e8 pari a 0,6e. Essendo un sensore di guida di nuova generazione, ha ottenuto un grande successo nella guida dei telescopi, come dimostrato da centinaia di astrofotografi.   <\/div>\n<div>\n<ul>\n<li>Sensore APS-C (IMX571)<\/li>\n<li>26 megapixel<\/li>\n<li>Pixel grandi da 3,76um<\/li>\n<li>nessun &#8220;amp-glow&#8221; disponibile<\/li>\n<li>Sensore di guida integrato (ASI220Mini)<\/li>\n<\/ul>\n<\/div>\n<\/div>\n<div><\/div>\n<div><\/div>\n<div><strong>Sensore fotografico<\/strong><\/div>\n<div><\/div>\n<div><img decoding=\"async\" src=\"https:\/\/login01.myfactory.cloud\/FotoZumstein\/CustomUpload\/374O357O340O370O356O369O350O335O359O366O371O366O341O360O370O360O366O365O345O372O364O370O371O356O360O365O320O326O\/02-10.jpg?dp=1&amp;DocumentID=1424524&amp;DocMail=-1\"><\/div>\n<div><\/div>\n<div><strong>Sensore guida<\/strong><\/div>\n<div><\/div>\n<div><img decoding=\"async\" src=\"https:\/\/login01.myfactory.cloud\/FotoZumstein\/CustomUpload\/374O357O340O370O356O369O350O335O359O366O371O366O341O360O370O360O366O365O345O372O364O370O371O356O360O365O320O326O\/03-9.jpg?dp=1&amp;DocumentID=1424526&amp;DocMail=-1\"><\/div>\n<div><\/div>\n<div><\/div>\n<div><\/div>\n<div><img decoding=\"async\" src=\"https:\/\/login01.myfactory.cloud\/FotoZumstein\/CustomUpload\/374O357O340O370O356O369O350O335O359O366O371O366O341O360O370O360O366O365O345O372O364O370O371O356O360O365O320O326O\/05-9.jpg?dp=1&amp;DocumentID=1424525&amp;DocMail=-1\"><\/div>\n","protected":false},"excerpt":{"rendered":"<p>ZWO ASI 2600MM-Duo<\/p>\n<p>Sono lieto di darti il benvenuto su teleskopshop.ch e di presentarti la seguente astrocamera.<\/p>\n","protected":false},"featured_media":64400,"comment_status":"closed","ping_status":"closed","template":"","meta":{"_acf_changed":false},"product_brand":[1788],"product_cat":[1655,1712,1715],"product_tag":[],"class_list":{"0":"post-64855","1":"product","2":"type-product","3":"status-publish","4":"has-post-thumbnail","6":"product_brand-zwo-asi","7":"product_cat-astronomia-accessori-it","8":"product_cat-astrofotografia","9":"product_cat-macchina-fotografica","11":"first","12":"instock","13":"taxable","14":"shipping-taxable","15":"purchasable","16":"product-type-simple"},"acf":[],"_links":{"self":[{"href":"https:\/\/www.teleskopshop.ch\/it\/wp-json\/wp\/v2\/product\/64855","targetHints":{"allow":["GET"]}}],"collection":[{"href":"https:\/\/www.teleskopshop.ch\/it\/wp-json\/wp\/v2\/product"}],"about":[{"href":"https:\/\/www.teleskopshop.ch\/it\/wp-json\/wp\/v2\/types\/product"}],"replies":[{"embeddable":true,"href":"https:\/\/www.teleskopshop.ch\/it\/wp-json\/wp\/v2\/comments?post=64855"}],"wp:featuredmedia":[{"embeddable":true,"href":"https:\/\/www.teleskopshop.ch\/it\/wp-json\/wp\/v2\/media\/64400"}],"wp:attachment":[{"href":"https:\/\/www.teleskopshop.ch\/it\/wp-json\/wp\/v2\/media?parent=64855"}],"wp:term":[{"taxonomy":"product_brand","embeddable":true,"href":"https:\/\/www.teleskopshop.ch\/it\/wp-json\/wp\/v2\/product_brand?post=64855"},{"taxonomy":"product_cat","embeddable":true,"href":"https:\/\/www.teleskopshop.ch\/it\/wp-json\/wp\/v2\/product_cat?post=64855"},{"taxonomy":"product_tag","embeddable":true,"href":"https:\/\/www.teleskopshop.ch\/it\/wp-json\/wp\/v2\/product_tag?post=64855"}],"curies":[{"name":"wp","href":"https:\/\/api.w.org\/{rel}","templated":true}]}}