{"id":64112,"date":"2025-11-24T13:46:17","date_gmt":"2025-11-24T12:46:17","guid":{"rendered":"https:\/\/www.teleskopshop.ch\/?post_type=product&#038;p=64112"},"modified":"2025-11-24T13:46:17","modified_gmt":"2025-11-24T12:46:17","slug":"skywatcher-photovisuelles-okular-10mm","status":"publish","type":"product","link":"https:\/\/www.teleskopshop.ch\/it\/shop\/ottica\/prolunghe-ottiche\/oculari\/oculari-da-125\/skywatcher-photovisuelles-okular-10mm\/","title":{"rendered":"Skywatcher Photovisuelles Okular 10mm"},"content":{"rendered":"<h1>Skywatcher Photovisuelles Okular 10mm<\/h1>\n<h2>PHOTOVISUELLES OKULAR F\u00dcR DIE VERWENDUNG MIT DEM SMARTPHOTO\u2122 ADAPTER<\/h2>\n<p>Das neue Photovisuelle Sky-Watcher Okular mit 10mm Brennweite wurde speziell f\u00fcr die Verwendung mit dem\u00a0SmartPhoto\u2122 Smartphone Adapter entwickelt. Die kurze Brennweite erm\u00f6glicht eine noch h\u00f6here Vergr\u00f6\u00dferung am Teleskop mit Ihrem Smartphone. Nat\u00fcrlich kann das Okular aber auch als visuelles Okular f\u00fcr die Beobachtung genutzt werden.<\/p>\n<p><strong>Lieferumfang:<\/strong><\/p>\n<ul>\n<li>10mm Okular<\/li>\n<li>2 Staubkappen<\/li>\n<\/ul>\n<div class=\"row-fluid\">\n<div class=\"col-sm-10 partialHeader\">ALLGEMEIN<\/div>\n<div class=\"col-sm-24\">\n<div class=\"row attributrow\">\n<div class=\"col-sm-10\">Versandgewicht<\/div>\n<div class=\"col-sm-14\">0.05kg<\/div>\n<\/div>\n<\/div>\n<div class=\"col-sm-24\">\n<div class=\"row attributrow\">\n<div class=\"col-sm-10\">Versandgr\u00f6\u00dfe<\/div>\n<div class=\"col-sm-14\">5x3x3cm<\/div>\n<\/div>\n<\/div>\n<\/div>\n<div class=\"row-fluid\">\n<div class=\"col-sm-10 partialHeader\">ZUBEH\u00d6R<\/div>\n<div class=\"col-sm-24\">\n<div class=\"row attributrow\">\n<div class=\"col-sm-10\">Typ<\/div>\n<div class=\"col-sm-14\">Photovisuelles Okular<\/div>\n<\/div>\n<\/div>\n<div class=\"col-sm-24\">\n<div class=\"row attributrow\">\n<div class=\"col-sm-10\">Brennweite (mm)<\/div>\n<div class=\"col-sm-14\">10<\/div>\n<\/div>\n<\/div>\n<div class=\"col-sm-24\">\n<div class=\"row attributrow\">\n<div class=\"col-sm-10\">Anschluss<\/div>\n<div class=\"col-sm-14\">1,25&#8243;<\/div>\n<\/div>\n<\/div>\n<\/div>\n","protected":false},"excerpt":{"rendered":"<p>Skywatcher Photovisuelles Okular 10mm<\/p>\n<p>Es freut mich Sie auf teleskopshop.ch zu begr\u00fcssen und Ihnen folgendes Okular pr\u00e4sentieren zu k\u00f6nnen.<\/p>\n","protected":false},"featured_media":64113,"comment_status":"closed","ping_status":"closed","template":"","meta":{"_acf_changed":false},"product_brand":[675],"product_cat":[536,497,591,496,495,532,637,592,498],"product_tag":[],"class_list":{"0":"post-64112","1":"product","2":"type-product","3":"status-publish","4":"has-post-thumbnail","6":"product_brand-skywatcher","7":"product_cat-zubehoer-montierungen","8":"product_cat-125-okulare","9":"product_cat-astrofotografie","10":"product_cat-okulare","11":"product_cat-optik","12":"product_cat-optische-erweiterungen","13":"product_cat-optisches-zubehoer","14":"product_cat-astro-smartphone-adapter","15":"product_cat-zubehoer","17":"first","18":"instock","19":"taxable","20":"shipping-taxable","21":"purchasable","22":"product-type-simple"},"acf":[],"_links":{"self":[{"href":"https:\/\/www.teleskopshop.ch\/it\/wp-json\/wp\/v2\/product\/64112","targetHints":{"allow":["GET"]}}],"collection":[{"href":"https:\/\/www.teleskopshop.ch\/it\/wp-json\/wp\/v2\/product"}],"about":[{"href":"https:\/\/www.teleskopshop.ch\/it\/wp-json\/wp\/v2\/types\/product"}],"replies":[{"embeddable":true,"href":"https:\/\/www.teleskopshop.ch\/it\/wp-json\/wp\/v2\/comments?post=64112"}],"wp:featuredmedia":[{"embeddable":true,"href":"https:\/\/www.teleskopshop.ch\/it\/wp-json\/wp\/v2\/media\/64113"}],"wp:attachment":[{"href":"https:\/\/www.teleskopshop.ch\/it\/wp-json\/wp\/v2\/media?parent=64112"}],"wp:term":[{"taxonomy":"product_brand","embeddable":true,"href":"https:\/\/www.teleskopshop.ch\/it\/wp-json\/wp\/v2\/product_brand?post=64112"},{"taxonomy":"product_cat","embeddable":true,"href":"https:\/\/www.teleskopshop.ch\/it\/wp-json\/wp\/v2\/product_cat?post=64112"},{"taxonomy":"product_tag","embeddable":true,"href":"https:\/\/www.teleskopshop.ch\/it\/wp-json\/wp\/v2\/product_tag?post=64112"}],"curies":[{"name":"wp","href":"https:\/\/api.w.org\/{rel}","templated":true}]}}