{"id":64070,"date":"2025-10-14T13:45:03","date_gmt":"2025-10-14T11:45:03","guid":{"rendered":"https:\/\/www.teleskopshop.ch\/shop\/senza-categoria\/telescopio-newtoniano-skywatcher-starquest-1145p\/"},"modified":"2025-10-14T13:45:03","modified_gmt":"2025-10-14T11:45:03","slug":"telescopio-newtoniano-skywatcher-starquest-1145p","status":"publish","type":"product","link":"https:\/\/www.teleskopshop.ch\/it\/shop\/ottica\/telescopio-newtoniano-skywatcher-starquest-1145p\/","title":{"rendered":"Telescopio newtoniano Skywatcher Starquest 1145P"},"content":{"rendered":"<h1>Telescopio newtoniano Skywatcher Starquest 1145P<\/h1>\n<h3>TELESCOPIO RIFLETTORE PARABOLICO EQUATORIALE NEWTONIANO DA 114 MM (4,5&#8243;) F\/4,4<\/h3>\n<p>La serie Starquest \u00e8 facilmente trasportabile e combina ottiche paraboliche Sky-Watcher di alta qualit\u00e0 con una montatura equatoriale Starquest potente e di alta qualit\u00e0. La montatura \u00e8 dotata di un sistema di frizione e di ingranaggi con 122 denti su entrambi gli assi per un&#8217;eccellente stabilit\u00e0 con un carico massimo di 3 kg. Se utilizzata in modalit\u00e0 equatoriale e allineata al polo celeste, la montatura permette di seguire facilmente gli oggetti del cielo notturno grazie ai sensibili alberi flessibili.  <\/p>\n<p>Il telescopio parabolico newtoniano da 114 mm, con la sua grande apertura di 114 mm, \u00e8 un potente tuttofare per osservare la luna, i pianeti pi\u00f9 luminosi e le nebulose, nonch\u00e9 le galassie e gli ammassi stellari. La montatura equatoriale \u00e8 dotata di un treppiede in alluminio regolabile in altezza. \u00c8 incluso anche un supporto per smartphone per fotografare facilmente con il tuo smartphone.  <\/p>\n<ul>\n<li>Ingrandimento con gli oculari inclusi: 25x e 50x<\/li>\n<li>Ingrandimento massimo utile: 228x<\/li>\n<li>Diametro dello specchio primario: 114 mm<\/li>\n<li>Specchio primario e secondario parabolico con rivestimento Radiant\u2122 Aluminium Quartz (RAQ\u2122) con riflettivit\u00e0 fino al 94% e durata ottimale Stabilit\u00e0<\/li>\n<li>Cella a specchio primaria completamente collimabile<\/li>\n<li>Lunghezza focale del telescopio: 500 mm (f\/4.4)<\/li>\n<li>Oculari inclusi: 10mm e 20mm fotovisivo<\/li>\n<li>Cercatore di punti rossi<\/li>\n<li>Adattatore universale per smartphone (per smartphone con larghezza di 54-90 mm)<\/li>\n<li>Montatura equatoriale\/azimutale con treppiede in alluminio regolabile in altezza con vassoio per gli accessori<\/li>\n<li>Alberi flessibili per gli assi RA e DEC<\/li>\n<li>Barra di contrappeso con contrappeso<\/li>\n<li>125% di potenza di raccolta della luce in pi\u00f9 rispetto a un telescopio da 76 mm<\/li>\n<\/ul>\n<p><img decoding=\"async\" src=\"https:\/\/www.opticalvision.de\/fileadmin\/_processed_\/8\/7\/csm_RAQLogo_3afca0bcf4.jpg\" width=\"200\" height=\"133\"><\/p>\n<p><strong>Ambito di consegna:<\/strong><\/p>\n<ul>\n<li>Tubo per telescopio newtoniano da 114 mm<\/li>\n<li>Cercatore di punti rossi<\/li>\n<li>Oculari da 10 mm \/ 20 mm<\/li>\n<li>Supporto per smartphone<\/li>\n<li>Montatura Starquest con treppiede in alluminio e supporto per oculari<\/li>\n<li>Alberi flessibili<\/li>\n<\/ul>\n<div class=\"row-fluid\">\n<div class=\"col-sm-10 partialHeader\">GENERALE<\/div>\n<div class=\"col-sm-24\">\n<div class=\"row attributrow\">\n<div class=\"col-sm-10\">Peso di spedizione<\/div>\n<div class=\"col-sm-14\">12,0 kg<\/div>\n<\/div>\n<\/div>\n<div class=\"col-sm-24\">\n<div class=\"row attributrow\">\n<div class=\"col-sm-10\">Dimensioni della spedizione<\/div>\n<div class=\"col-sm-14\">83x40x26cm<\/div>\n<\/div>\n<\/div>\n<\/div>\n<div class=\"row-fluid\">\n<div class=\"col-sm-10 partialHeader\">OTTICA<\/div>\n<div class=\"col-sm-24\">\n<div class=\"row attributrow\">\n<div class=\"col-sm-10\">Tipo di costruzione<\/div>\n<div class=\"col-sm-14\">Telescopio riflettore newtoniano<\/div>\n<\/div>\n<\/div>\n<div class=\"col-sm-24\">\n<div class=\"row attributrow\">\n<div class=\"col-sm-10\">Lunghezza focale (mm)<\/div>\n<div class=\"col-sm-14\">500<\/div>\n<\/div>\n<\/div>\n<div class=\"col-sm-24\">\n<div class=\"row attributrow\">\n<div class=\"col-sm-10\">Apertura (mm)<\/div>\n<div class=\"col-sm-14\">114<\/div>\n<\/div>\n<\/div>\n<div class=\"col-sm-24\">\n<div class=\"row attributrow\">\n<div class=\"col-sm-10\">Rapporto di apertura<\/div>\n<div class=\"col-sm-14\">f\/4<\/div>\n<\/div>\n<\/div>\n<div class=\"col-sm-24\">\n<div class=\"row attributrow\">\n<div class=\"col-sm-10\">Focalizzatore<\/div>\n<div class=\"col-sm-14\">Estrazione a cremagliera e pignone<\/div>\n<\/div>\n<\/div>\n<div class=\"col-sm-24\">\n<div class=\"row attributrow\">\n<div class=\"col-sm-10\">Peso del tubo (kg)<\/div>\n<div class=\"col-sm-14\">2.5<\/div>\n<\/div>\n<\/div>\n<\/div>\n<div class=\"row-fluid\">\n<div class=\"col-sm-10 partialHeader\">ASSEMBLAGGIO<\/div>\n<div class=\"col-sm-24\">\n<div class=\"row attributrow\">\n<div class=\"col-sm-10\">Tipo<\/div>\n<div class=\"col-sm-14\">Montatura equatoriale\/azimutale<\/div>\n<\/div>\n<\/div>\n<div class=\"col-sm-24\">\n<div class=\"row attributrow\">\n<div class=\"col-sm-10\">Max. Carico utile visivo (kg) <\/div>\n<div class=\"col-sm-14\">3<\/div>\n<\/div>\n<\/div>\n<div class=\"col-sm-24\">\n<div class=\"row attributrow\">\n<div class=\"col-sm-10\">Peso totale del montaggio (kg)<\/div>\n<div class=\"col-sm-14\">6<\/div>\n<\/div>\n<\/div>\n<\/div>\n","protected":false},"excerpt":{"rendered":"<p>Skywatcher Starquest 1145P Telescopio Newtoniano<br \/>\nSono lieto di darti il benvenuto su Teleskopshop.ch e di presentarti questo prodotto.<\/p>\n","protected":false},"featured_media":63971,"comment_status":"closed","ping_status":"closed","template":"","meta":{"_acf_changed":false},"product_brand":[675],"product_cat":[1340,1592,1589,1568,1577],"product_tag":[],"class_list":{"0":"post-64070","1":"product","2":"type-product","3":"status-publish","4":"has-post-thumbnail","6":"product_brand-skywatcher","7":"product_cat-ottica","8":"product_cat-equatoriale","9":"product_cat-newtoniano","10":"product_cat-telescopi","11":"product_cat-telescopio-per-principianti","13":"first","14":"instock","15":"sale","16":"taxable","17":"shipping-taxable","18":"purchasable","19":"product-type-simple"},"acf":[],"_links":{"self":[{"href":"https:\/\/www.teleskopshop.ch\/it\/wp-json\/wp\/v2\/product\/64070","targetHints":{"allow":["GET"]}}],"collection":[{"href":"https:\/\/www.teleskopshop.ch\/it\/wp-json\/wp\/v2\/product"}],"about":[{"href":"https:\/\/www.teleskopshop.ch\/it\/wp-json\/wp\/v2\/types\/product"}],"replies":[{"embeddable":true,"href":"https:\/\/www.teleskopshop.ch\/it\/wp-json\/wp\/v2\/comments?post=64070"}],"wp:featuredmedia":[{"embeddable":true,"href":"https:\/\/www.teleskopshop.ch\/it\/wp-json\/wp\/v2\/media\/63971"}],"wp:attachment":[{"href":"https:\/\/www.teleskopshop.ch\/it\/wp-json\/wp\/v2\/media?parent=64070"}],"wp:term":[{"taxonomy":"product_brand","embeddable":true,"href":"https:\/\/www.teleskopshop.ch\/it\/wp-json\/wp\/v2\/product_brand?post=64070"},{"taxonomy":"product_cat","embeddable":true,"href":"https:\/\/www.teleskopshop.ch\/it\/wp-json\/wp\/v2\/product_cat?post=64070"},{"taxonomy":"product_tag","embeddable":true,"href":"https:\/\/www.teleskopshop.ch\/it\/wp-json\/wp\/v2\/product_tag?post=64070"}],"curies":[{"name":"wp","href":"https:\/\/api.w.org\/{rel}","templated":true}]}}