{"id":64069,"date":"2025-10-14T14:08:39","date_gmt":"2025-10-14T12:08:39","guid":{"rendered":"https:\/\/www.teleskopshop.ch\/shop\/senza-categoria\/telescopio-rifrattore-skywatcher-starquest-dx1026r\/"},"modified":"2025-10-14T14:08:39","modified_gmt":"2025-10-14T12:08:39","slug":"telescopio-rifrattore-skywatcher-starquest-dx1026r","status":"publish","type":"product","link":"https:\/\/www.teleskopshop.ch\/it\/shop\/ottica\/telescopio-rifrattore-skywatcher-starquest-dx1026r\/","title":{"rendered":"Telescopio rifrattore Skywatcher Starquest DX1026R"},"content":{"rendered":"<h1>Telescopio rifrattore Skywatcher Starquest DX1026R<\/h1>\n<h2>TELESCOPIO RIFRATTORE DA 102 MM (4&#8243;) F\/5.9 SU MONTATURA EQUATORIALE<\/h2>\n<p><strong>Telescopio di alta qualit\u00e0 per i principianti, ma anche per gli astrofili pi\u00f9 esperti<\/strong><\/p>\n<p>La <strong>serie Starquest DX<\/strong> consiste in pacchetti di telescopi completamente equipaggiati con una selezione di ottiche Sky-Watcher di alta qualit\u00e0 e di comprovata efficacia e con la nuova e precisa montatura StarQuest DX Deluxe, da cui prende il nome questa serie. Questi telescopi sono particolarmente adatti ai principianti, ma anche agli astronomi dilettanti pi\u00f9 esperti che non vogliono scendere a compromessi sulla qualit\u00e0. Siamo sicuri che, indipendentemente dalla serie che sceglierai, sarai soddisfatto delle prestazioni ottiche e della solida montatura che ti permetteranno di iniziare a praticare l&#8217;affascinante hobby dell&#8217;astronomia.  <\/p>\n<p>Lo <strong>Starquest DX1026R<\/strong> \u00e8 un classico acromatico a 2 elementi con apertura sensibilmente libera di 102 mm. L&#8217;obiettivo \u00e8 completamente multicoated per ottenere la massima trasmissione della luce, contrasto e nitidezza. Il rapporto focale corto di f\/5,9 lo rende ideale per osservare la Luna, i pianeti luminosi e un gran numero di oggetti deep-sky.  <\/p>\n<p>La <strong>montatura Starquest DX <\/strong>di nuova generazione \u00e8 una montatura leggera e di alta qualit\u00e0, facile da usare e adatta sia ai principianti che agli osservatori esperti. Una volta allineata con Polaris, la montatura ti permette di seguire facilmente gli oggetti celesti utilizzando gli alberi flessibili. La montatura offre un carico massimo di 5 kg ed \u00e8 dotata di un robusto treppiede in acciaio inossidabile regolabile in altezza per garantire la massima stabilit\u00e0. La montatura \u00e8 dotata di motori a 360\u00b0 sugli assi di ascensione retta e declinazione. Opzionalmente, \u00e8 possibile collegare un motore a corrente continua (n. 20940) all&#8217;asse dell&#8217;ascensione retta per l&#8217;inseguimento automatico. Il set include un adattatore per smartphone per i tuoi primi tentativi di fotografare il cielo notturno.     <\/p>\n<ul>\n<li>Ingrandimento con gli oculari inclusi: 30x e 60x<\/li>\n<li>Ingrandimento massimo utile: 204x<\/li>\n<li>Diametro dell&#8217;obiettivo: 102 mm<\/li>\n<li>Lunghezza focale: 600 mm (f\/5,9)<\/li>\n<li>Oculari inclusi: 10mm e 20mm fotovisivo<\/li>\n<li>Cercatore di punti rossi<\/li>\n<li>Adattatore universale per smartphone (adatto a smartphone con una larghezza di 54-90 mm)<\/li>\n<li>Specchio zenitale a 90\u00ba da 1,25 pollici<\/li>\n<li>Estrazione a cremagliera e pignone<\/li>\n<li>Montatura equatoriale StarQuest DX Deluxe<\/li>\n<li>Supporto in acciaio inox regolabile in altezza con vassoio per gli accessori<\/li>\n<li>Alberi flessibili per assali RA e DEK<\/li>\n<li>Barra di contrappeso con contrappeso da 2,5 kg<\/li>\n<li>Carico massimo: 5 kg<\/li>\n<li>Riduttore a vite senza fine<\/li>\n<li>Ruota dentata grande da 95 mm in RA (con 93 denti)<\/li>\n<li>Ruota dentata da 62 mm in DEK (con 60 denti)<\/li>\n<li>Accoppiamenti in asse R. e DEK<\/li>\n<li>Cerchi di passo regolabili su entrambi gli assi<\/li>\n<li>Morsetto per prisma da 45 mm<\/li>\n<li>Peso della testa di montaggio: 1,4 kg<\/li>\n<li>Peso del treppiede: 2,4 kg<\/li>\n<li>Treppiede estensibile da 680 mm a 1160 mm<\/li>\n<li>Disponibile come opzione l&#8217;azionamento motorizzato RA (n. 20940)<\/li>\n<li>28,4% di capacit\u00e0 di raccolta della luce in pi\u00f9 rispetto a un telescopio da 90 mm<\/li>\n<\/ul>\n<p><strong>Ambito di consegna:<\/strong><\/p>\n<ul>\n<li>Tubo del telescopio rifrattore da 102 mm<\/li>\n<li>Cercatore di punti rossi<\/li>\n<li>Oculari da 10 mm \/ 20 mm<\/li>\n<li>Specchio Zenith<\/li>\n<li>Supporto per smartphone<\/li>\n<li>Montatura Starquest DX con treppiede e portaoculari in acciaio inossidabile<\/li>\n<li>Alberi flessibili<\/li>\n<\/ul>\n<p>&nbsp;<\/p>\n<div class=\"row-fluid\">\n<div class=\"col-sm-10 partialHeader\">GENERALE<\/div>\n<div class=\"col-sm-24\">\n<div class=\"row attributrow\">\n<div class=\"col-sm-10\">Peso di spedizione<\/div>\n<div class=\"col-sm-14\">12,0 kg<\/div>\n<\/div>\n<\/div>\n<div class=\"col-sm-24\">\n<div class=\"row attributrow\">\n<div class=\"col-sm-10\">Dimensioni della spedizione<\/div>\n<div class=\"col-sm-14\">101x36x23cm<\/div>\n<\/div>\n<\/div>\n<\/div>\n<div class=\"row-fluid\">\n<div class=\"col-sm-10 partialHeader\">OTTICA<\/div>\n<div class=\"col-sm-24\">\n<div class=\"row attributrow\">\n<div class=\"col-sm-10\">Tipo di costruzione<\/div>\n<div class=\"col-sm-14\">Rifrattore acromatico<\/div>\n<\/div>\n<\/div>\n<div class=\"col-sm-24\">\n<div class=\"row attributrow\">\n<div class=\"col-sm-10\">Lunghezza focale (mm)<\/div>\n<div class=\"col-sm-14\">600<\/div>\n<\/div>\n<\/div>\n<div class=\"col-sm-24\">\n<div class=\"row attributrow\">\n<div class=\"col-sm-10\">Apertura (mm)<\/div>\n<div class=\"col-sm-14\">102<\/div>\n<\/div>\n<\/div>\n<div class=\"col-sm-24\">\n<div class=\"row attributrow\">\n<div class=\"col-sm-10\">Rapporto di apertura<\/div>\n<div class=\"col-sm-14\">f:5,9<\/div>\n<\/div>\n<\/div>\n<div class=\"col-sm-24\">\n<div class=\"row attributrow\">\n<div class=\"col-sm-10\">Focalizzatore<\/div>\n<div class=\"col-sm-14\">Estrazione a cremagliera e pignone<\/div>\n<\/div>\n<\/div>\n<div class=\"col-sm-24\">\n<div class=\"row attributrow\">\n<div class=\"col-sm-10\">Peso del tubo (kg)<\/div>\n<div class=\"col-sm-14\">3<\/div>\n<\/div>\n<\/div>\n<\/div>\n<div class=\"row-fluid\">\n<div class=\"col-sm-10 partialHeader\">ASSEMBLAGGIO<\/div>\n<div class=\"col-sm-24\">\n<div class=\"row attributrow\">\n<div class=\"col-sm-10\">Tipo<\/div>\n<div class=\"col-sm-14\">Montatura equatoriale<\/div>\n<\/div>\n<\/div>\n<div class=\"col-sm-24\">\n<div class=\"row attributrow\">\n<div class=\"col-sm-10\">Max. Carico utile visivo (kg) <\/div>\n<div class=\"col-sm-14\">5<\/div>\n<\/div>\n<\/div>\n<div class=\"col-sm-24\">\n<div class=\"row attributrow\">\n<div class=\"col-sm-10\">Peso totale del montaggio (kg)<\/div>\n<div class=\"col-sm-14\">3.5<\/div>\n<\/div>\n<\/div>\n<\/div>\n","protected":false},"excerpt":{"rendered":"<p>Telescopio rifrattore Skywatcher Starquest DX1026R<br \/>\nSono lieto di darti il benvenuto su Teleskopshop.ch e di presentarti questo prodotto.<\/p>\n","protected":false},"featured_media":63997,"comment_status":"closed","ping_status":"closed","template":"","meta":{"_acf_changed":false},"product_brand":[675],"product_cat":[1340,1592,1568,1577],"product_tag":[],"class_list":{"0":"post-64069","1":"product","2":"type-product","3":"status-publish","4":"has-post-thumbnail","6":"product_brand-skywatcher","7":"product_cat-ottica","8":"product_cat-equatoriale","9":"product_cat-telescopi","10":"product_cat-telescopio-per-principianti","12":"first","13":"instock","14":"sale","15":"taxable","16":"shipping-taxable","17":"purchasable","18":"product-type-simple"},"acf":[],"_links":{"self":[{"href":"https:\/\/www.teleskopshop.ch\/it\/wp-json\/wp\/v2\/product\/64069","targetHints":{"allow":["GET"]}}],"collection":[{"href":"https:\/\/www.teleskopshop.ch\/it\/wp-json\/wp\/v2\/product"}],"about":[{"href":"https:\/\/www.teleskopshop.ch\/it\/wp-json\/wp\/v2\/types\/product"}],"replies":[{"embeddable":true,"href":"https:\/\/www.teleskopshop.ch\/it\/wp-json\/wp\/v2\/comments?post=64069"}],"wp:featuredmedia":[{"embeddable":true,"href":"https:\/\/www.teleskopshop.ch\/it\/wp-json\/wp\/v2\/media\/63997"}],"wp:attachment":[{"href":"https:\/\/www.teleskopshop.ch\/it\/wp-json\/wp\/v2\/media?parent=64069"}],"wp:term":[{"taxonomy":"product_brand","embeddable":true,"href":"https:\/\/www.teleskopshop.ch\/it\/wp-json\/wp\/v2\/product_brand?post=64069"},{"taxonomy":"product_cat","embeddable":true,"href":"https:\/\/www.teleskopshop.ch\/it\/wp-json\/wp\/v2\/product_cat?post=64069"},{"taxonomy":"product_tag","embeddable":true,"href":"https:\/\/www.teleskopshop.ch\/it\/wp-json\/wp\/v2\/product_tag?post=64069"}],"curies":[{"name":"wp","href":"https:\/\/api.w.org\/{rel}","templated":true}]}}