{"id":64060,"date":"2025-10-14T13:57:40","date_gmt":"2025-10-14T11:57:40","guid":{"rendered":"https:\/\/www.teleskopshop.ch\/shop\/senza-categoria\/telescopio-skywatcher-starquest-dx102mc-maksutov-cassegrain\/"},"modified":"2025-10-14T13:57:40","modified_gmt":"2025-10-14T11:57:40","slug":"telescopio-skywatcher-starquest-dx102mc-maksutov-cassegrain","status":"publish","type":"product","link":"https:\/\/www.teleskopshop.ch\/it\/shop\/ottica\/telescopio-skywatcher-starquest-dx102mc-maksutov-cassegrain\/","title":{"rendered":"Telescopio Skywatcher Starquest DX102MC Maksutov Cassegrain"},"content":{"rendered":"<h1>Telescopio Skywatcher Starquest DX102MC Maksutov Cassegrain<\/h1>\n<h2>TELESCOPIO MAKSUTOV CASSEGRAIN DA 102 MM (4&#8243;) F\/12,7 SU MONTATURA EQUATORIALE<\/h2>\n<p><strong>Telescopio di alta qualit\u00e0 per i principianti, ma anche per gli astrofili pi\u00f9 esperti<\/strong><\/p>\n<p>La <strong>serie Starquest DX<\/strong> consiste in pacchetti di telescopi completamente equipaggiati con una selezione di ottiche Sky-Watcher di alta qualit\u00e0 e di comprovata efficacia e con la nuova e precisa montatura StarQuest DX Deluxe, da cui prende il nome questa serie. Questi telescopi sono particolarmente adatti ai principianti, ma anche agli astronomi dilettanti pi\u00f9 esperti che non vogliono scendere a compromessi sulla qualit\u00e0. Siamo sicuri che, indipendentemente dalla serie che sceglierai, sarai soddisfatto delle prestazioni ottiche e della solida montatura che ti permetteranno di iniziare a praticare l&#8217;affascinante hobby dell&#8217;astronomia.  <\/p>\n<p>Il telescopio <strong>Starquest DX102MC<\/strong> Maksutov Cassegrain, compatto ma molto potente, con un&#8217;apertura di 102 mm, \u00e8 ideale per osservare stelle doppie, dettagli sulla superficie lunare o anche pianeti luminosi. Il Maksutov Cassegrain \u00e8 un progetto catadiottico che utilizza uno specchio primario e un correttore frontale, ripiegando di fatto la lunga lunghezza focale in un tubo telescopio compatto. Le ottiche ad alta risoluzione e a lunga focale sono multicoated per ottenere il massimo contrasto e la massima nitidezza dell&#8217;immagine.  <\/p>\n<p>La <strong>montatura Starquest DX <\/strong>di nuova generazione \u00e8 una montatura leggera e di alta qualit\u00e0, facile da usare e adatta sia ai principianti che agli osservatori esperti. Una volta allineata con Polaris, la montatura ti permette di seguire facilmente gli oggetti celesti utilizzando gli alberi flessibili. La montatura offre un carico massimo di 5 kg ed \u00e8 dotata di un robusto treppiede in acciaio inossidabile regolabile in altezza per garantire la massima stabilit\u00e0. La montatura \u00e8 dotata di motori a 360\u00b0 sugli assi di ascensione retta e declinazione. Opzionalmente, \u00e8 possibile collegare un motore a corrente continua (n. 20940) all&#8217;asse dell&#8217;ascensione retta per l&#8217;inseguimento automatico. Il set include un adattatore per smartphone per i tuoi primi tentativi di fotografare il cielo notturno.     <\/p>\n<ul>\n<li>Ingrandimento con gli oculari inclusi: 65x e 130x<\/li>\n<li>Ingrandimento massimo utile: 204x<\/li>\n<li>Diametro dello specchio principale: 102 mm<\/li>\n<li>Specchio primario e secondario parabolico con rivestimento Radiant\u2122 Aluminium Quartz (RAQ\u2122) con riflettivit\u00e0 fino al 94% e durata ottimale Stabilit\u00e0<\/li>\n<li>Lunghezza focale del telescopio: 1300 mm (f\/12.7)<\/li>\n<li>Oculari inclusi: 10mm e 20mm fotovisivo<\/li>\n<li>Cercatore di punti rossi<\/li>\n<li>Adattatore universale per smartphone (adatto a smartphone con una larghezza di 54-90 mm)<\/li>\n<li>Specchio zenitale a 90\u00ba da 1,25 pollici<\/li>\n<li>StarQuest DX Deluxe Monte Equatoriale<\/li>\n<li>Supporto in acciaio inox regolabile in altezza con vassoio per gli accessori<\/li>\n<li>Alberi flessibili per assali RA e DEK<\/li>\n<li>Barra di contrappeso con contrappeso da 1 kg<\/li>\n<li>Carico massimo: 5 kg<\/li>\n<li>Riduttore a vite senza fine<\/li>\n<li>Ruota dentata grande da 95 mm in RA (con 93 denti)<\/li>\n<li>Ruota dentata da 62 mm in DEK (con 60 denti)<\/li>\n<li>Accoppiamenti in asse R. e DEK<\/li>\n<li>Cerchi di passo regolabili su entrambi gli assi<\/li>\n<li>Morsetto per prisma da 45 mm<\/li>\n<li>Peso della testa di montaggio: 1,4 kg<\/li>\n<li>Peso del treppiede: 2,4 kg<\/li>\n<li>Treppiede estensibile da 680 mm a 1160 mm<\/li>\n<li>Disponibile come opzione l&#8217;azionamento motorizzato RA (n. 20940)<\/li>\n<li>28,4% di capacit\u00e0 di raccolta della luce in pi\u00f9 rispetto a un telescopio da 90 mm<\/li>\n<\/ul>\n<p><img decoding=\"async\" src=\"https:\/\/www.opticalvision.de\/fileadmin\/_processed_\/8\/7\/csm_RAQLogo_3afca0bcf4.jpg\" width=\"200\" height=\"133\"><\/p>\n<p><strong>Ambito di consegna:<\/strong><\/p>\n<ul>\n<li>Tubo del telescopio Maksutov Cassegrain da 102 mm<\/li>\n<li>Cercatore di punti rossi<\/li>\n<li>Oculari da 10 mm \/ 20 mm<\/li>\n<li>Supporto per smartphone<\/li>\n<li>Montatura Starquest DX con treppiede e portaoculari in acciaio inossidabile<\/li>\n<li>Alberi flessibili<\/li>\n<\/ul>\n<p>&nbsp;<\/p>\n<div class=\"row-fluid\">\n<div class=\"col-sm-10 partialHeader\">GENERALE<\/div>\n<div class=\"col-sm-24\">\n<div class=\"row attributrow\">\n<div class=\"col-sm-10\">Peso di spedizione<\/div>\n<div class=\"col-sm-14\">10,0 kg<\/div>\n<\/div>\n<\/div>\n<div class=\"col-sm-24\">\n<div class=\"row attributrow\">\n<div class=\"col-sm-10\">Dimensioni della spedizione<\/div>\n<div class=\"col-sm-14\">85x36x23cm<\/div>\n<\/div>\n<\/div>\n<\/div>\n<div class=\"row-fluid\">\n<div class=\"col-sm-10 partialHeader\">OTTICA<\/div>\n<div class=\"col-sm-24\">\n<div class=\"row attributrow\">\n<div class=\"col-sm-10\">Tipo di costruzione<\/div>\n<div class=\"col-sm-14\">Cassegrain Maksutov<\/div>\n<\/div>\n<\/div>\n<div class=\"col-sm-24\">\n<div class=\"row attributrow\">\n<div class=\"col-sm-10\">Lunghezza focale (mm)<\/div>\n<div class=\"col-sm-14\">1300<\/div>\n<\/div>\n<\/div>\n<div class=\"col-sm-24\">\n<div class=\"row attributrow\">\n<div class=\"col-sm-10\">Apertura (mm)<\/div>\n<div class=\"col-sm-14\">102<\/div>\n<\/div>\n<\/div>\n<div class=\"col-sm-24\">\n<div class=\"row attributrow\">\n<div class=\"col-sm-10\">Rapporto di apertura<\/div>\n<div class=\"col-sm-14\">f:12,7<\/div>\n<\/div>\n<\/div>\n<div class=\"col-sm-24\">\n<div class=\"row attributrow\">\n<div class=\"col-sm-10\">Focalizzatore<\/div>\n<div class=\"col-sm-14\">Messa a fuoco dello specchio primario<\/div>\n<\/div>\n<\/div>\n<div class=\"col-sm-24\">\n<div class=\"row attributrow\">\n<div class=\"col-sm-10\">Peso del tubo (kg)<\/div>\n<div class=\"col-sm-14\">3<\/div>\n<\/div>\n<\/div>\n<\/div>\n<div class=\"row-fluid\">\n<div class=\"col-sm-10 partialHeader\">ASSEMBLAGGIO<\/div>\n<div class=\"col-sm-24\">\n<div class=\"row attributrow\">\n<div class=\"col-sm-10\">Tipo<\/div>\n<div class=\"col-sm-14\">Montatura equatoriale<\/div>\n<\/div>\n<\/div>\n<div class=\"col-sm-24\">\n<div class=\"row attributrow\">\n<div class=\"col-sm-10\">Max. Carico utile visivo (kg) <\/div>\n<div class=\"col-sm-14\">5<\/div>\n<\/div>\n<\/div>\n<div class=\"col-sm-24\">\n<div class=\"row attributrow\">\n<div class=\"col-sm-10\">Peso totale del montaggio (kg)<\/div>\n<div class=\"col-sm-14\">3.5<\/div>\n<\/div>\n<\/div>\n<\/div>\n","protected":false},"excerpt":{"rendered":"<p>Telescopio Skywatcher Starquest DX102MC Maksutov Cassegrain<br \/>\nSono lieto di darti il benvenuto su Teleskopshop.ch e di presentarti questo prodotto.<\/p>\n","protected":false},"featured_media":63984,"comment_status":"closed","ping_status":"closed","template":"","meta":{"_acf_changed":false},"product_brand":[675],"product_cat":[1340,1586,1592,1568,1577],"product_tag":[],"class_list":{"0":"post-64060","1":"product","2":"type-product","3":"status-publish","4":"has-post-thumbnail","6":"product_brand-skywatcher","7":"product_cat-ottica","8":"product_cat-cassegrain-maksutov","9":"product_cat-equatoriale","10":"product_cat-telescopi","11":"product_cat-telescopio-per-principianti","13":"first","14":"instock","15":"sale","16":"taxable","17":"shipping-taxable","18":"purchasable","19":"product-type-simple"},"acf":[],"_links":{"self":[{"href":"https:\/\/www.teleskopshop.ch\/it\/wp-json\/wp\/v2\/product\/64060","targetHints":{"allow":["GET"]}}],"collection":[{"href":"https:\/\/www.teleskopshop.ch\/it\/wp-json\/wp\/v2\/product"}],"about":[{"href":"https:\/\/www.teleskopshop.ch\/it\/wp-json\/wp\/v2\/types\/product"}],"replies":[{"embeddable":true,"href":"https:\/\/www.teleskopshop.ch\/it\/wp-json\/wp\/v2\/comments?post=64060"}],"wp:featuredmedia":[{"embeddable":true,"href":"https:\/\/www.teleskopshop.ch\/it\/wp-json\/wp\/v2\/media\/63984"}],"wp:attachment":[{"href":"https:\/\/www.teleskopshop.ch\/it\/wp-json\/wp\/v2\/media?parent=64060"}],"wp:term":[{"taxonomy":"product_brand","embeddable":true,"href":"https:\/\/www.teleskopshop.ch\/it\/wp-json\/wp\/v2\/product_brand?post=64060"},{"taxonomy":"product_cat","embeddable":true,"href":"https:\/\/www.teleskopshop.ch\/it\/wp-json\/wp\/v2\/product_cat?post=64060"},{"taxonomy":"product_tag","embeddable":true,"href":"https:\/\/www.teleskopshop.ch\/it\/wp-json\/wp\/v2\/product_tag?post=64060"}],"curies":[{"name":"wp","href":"https:\/\/api.w.org\/{rel}","templated":true}]}}