{"id":64057,"date":"2025-10-14T14:32:45","date_gmt":"2025-10-14T12:32:45","guid":{"rendered":"https:\/\/www.teleskopshop.ch\/shop\/senza-categoria\/skywatcher-starquest-dx-deluxe-equatorial-mount\/"},"modified":"2025-10-15T13:32:42","modified_gmt":"2025-10-15T11:32:42","slug":"skywatcher-starquest-dx-deluxe-equatorial-mount","status":"publish","type":"product","link":"https:\/\/www.teleskopshop.ch\/it\/shop\/montature\/skywatcher-starquest-dx-deluxe-equatorial-mount\/","title":{"rendered":"Skywatcher Starquest DX Deluxe Equatorial Mount"},"content":{"rendered":"<h1>Skywatcher Starquest DX Deluxe Equatorial Mount<\/h1>\n<h2>MONTATURA EQUATORIALE COMPATTA STARQUEST DX DELUXE<\/h2>\n<p>La <strong>montatura Starquest DX <\/strong>di nuova generazione \u00e8 una montatura leggera e di alta qualit\u00e0, facile da usare e adatta sia ai principianti che agli osservatori esperti. Una volta allineata con Polaris, la montatura ti permette di seguire facilmente gli oggetti celesti utilizzando gli alberi flessibili. La montatura offre un carico massimo di 5 kg ed \u00e8 dotata di un robusto treppiede in acciaio inossidabile regolabile in altezza per garantire la massima stabilit\u00e0. La montatura \u00e8 dotata di motori a 360\u00b0 sugli assi di ascensione retta e declinazione. Opzionalmente, \u00e8 possibile collegare un motore a corrente continua (n. 20940) all&#8217;asse dell&#8217;ascensione retta per l&#8217;inseguimento automatico. Il set include un adattatore per smartphone per i tuoi primi tentativi di fotografare il cielo notturno.     <\/p>\n<ul>\n<li>Barra di contrappeso con contrappeso da 2,5 kg<\/li>\n<li>Carico massimo: 5 kg<\/li>\n<li>Riduttore a vite senza fine<\/li>\n<li>Ruota dentata grande da 95 mm in RA (con 93 denti)<\/li>\n<li>Ruota dentata da 62 mm in DEK (con 60 denti)<\/li>\n<li>Accoppiamenti in asse R. e DEK<\/li>\n<li>Cerchi di passo regolabili su entrambi gli assi<\/li>\n<li>Morsetto per prisma da 45 mm<\/li>\n<li>Peso della testa di montaggio: 1,4 kg<\/li>\n<li>Peso del treppiede: 2,4 kg<\/li>\n<li>Treppiede estensibile da 680 mm a 1160 mm<\/li>\n<li>Disponibile come opzione l&#8217;azionamento motorizzato RA (n. 20940)<\/li>\n<\/ul>\n<p><strong>Ambito di consegna:<\/strong><\/p>\n<ul>\n<li>Montatura Starquest DX con treppiede e portaoculari in acciaio inossidabile<\/li>\n<li>Alberi flessibili<\/li>\n<li>Barra di contrappeso con contrappeso da 2,5 kg<\/li>\n<\/ul>\n<p>&nbsp;<\/p>\n<div class=\"row-fluid\">\n<div class=\"col-sm-10 partialHeader\">GENERALE<\/div>\n<div class=\"col-sm-24\">\n<div class=\"row attributrow\">\n<div class=\"col-sm-10\">Peso di spedizione<\/div>\n<div class=\"col-sm-14\">8 kg<\/div>\n<\/div>\n<\/div>\n<div class=\"col-sm-24\">\n<div class=\"row attributrow\">\n<div class=\"col-sm-10\">Dimensioni della spedizione<\/div>\n<div class=\"col-sm-14\">80x40x20cm<\/div>\n<\/div>\n<\/div>\n<\/div>\n<div class=\"row-fluid\">\n<div class=\"col-sm-10 partialHeader\">ASSEMBLAGGIO<\/div>\n<div class=\"col-sm-24\">\n<div class=\"row attributrow\">\n<div class=\"col-sm-10\">Tipo<\/div>\n<div class=\"col-sm-14\">Montatura equatoriale<\/div>\n<\/div>\n<\/div>\n<div class=\"col-sm-24\">\n<div class=\"row attributrow\">\n<div class=\"col-sm-10\">Max. Carico utile visivo (kg) <\/div>\n<div class=\"col-sm-14\">5<\/div>\n<\/div>\n<\/div>\n<div class=\"col-sm-24\">\n<div class=\"row attributrow\">\n<div class=\"col-sm-10\">Peso totale del montaggio (kg)<\/div>\n<div class=\"col-sm-14\">3.8<\/div>\n<\/div>\n<\/div>\n<\/div>\n","protected":false},"excerpt":{"rendered":"<p>Skywatcher Starquest DX Deluxe Equatorial Mount<\/p>\n<p>Sono lieto di darti il benvenuto su Teleskopshop.ch e di presentarti questo prodotto.<\/p>\n","protected":false},"featured_media":64040,"comment_status":"closed","ping_status":"closed","template":"","meta":{"_acf_changed":false},"product_brand":[675],"product_cat":[1280,1334],"product_tag":[],"class_list":{"0":"post-64057","1":"product","2":"type-product","3":"status-publish","4":"has-post-thumbnail","6":"product_brand-skywatcher","7":"product_cat-montature","8":"product_cat-montature-equatoriali","10":"first","11":"instock","12":"taxable","13":"shipping-taxable","14":"purchasable","15":"product-type-simple"},"acf":[],"_links":{"self":[{"href":"https:\/\/www.teleskopshop.ch\/it\/wp-json\/wp\/v2\/product\/64057","targetHints":{"allow":["GET"]}}],"collection":[{"href":"https:\/\/www.teleskopshop.ch\/it\/wp-json\/wp\/v2\/product"}],"about":[{"href":"https:\/\/www.teleskopshop.ch\/it\/wp-json\/wp\/v2\/types\/product"}],"replies":[{"embeddable":true,"href":"https:\/\/www.teleskopshop.ch\/it\/wp-json\/wp\/v2\/comments?post=64057"}],"wp:featuredmedia":[{"embeddable":true,"href":"https:\/\/www.teleskopshop.ch\/it\/wp-json\/wp\/v2\/media\/64040"}],"wp:attachment":[{"href":"https:\/\/www.teleskopshop.ch\/it\/wp-json\/wp\/v2\/media?parent=64057"}],"wp:term":[{"taxonomy":"product_brand","embeddable":true,"href":"https:\/\/www.teleskopshop.ch\/it\/wp-json\/wp\/v2\/product_brand?post=64057"},{"taxonomy":"product_cat","embeddable":true,"href":"https:\/\/www.teleskopshop.ch\/it\/wp-json\/wp\/v2\/product_cat?post=64057"},{"taxonomy":"product_tag","embeddable":true,"href":"https:\/\/www.teleskopshop.ch\/it\/wp-json\/wp\/v2\/product_tag?post=64057"}],"curies":[{"name":"wp","href":"https:\/\/api.w.org\/{rel}","templated":true}]}}