{"id":63946,"date":"2025-09-02T09:24:47","date_gmt":"2025-09-02T07:24:47","guid":{"rendered":"https:\/\/www.teleskopshop.ch\/shop\/senza-categoria\/skywatcher-esprit-80edx\/"},"modified":"2025-09-02T09:24:47","modified_gmt":"2025-09-02T07:24:47","slug":"skywatcher-esprit-80edx","status":"publish","type":"product","link":"https:\/\/www.teleskopshop.ch\/it\/shop\/ottica\/skywatcher-esprit-80edx\/","title":{"rendered":"Skywatcher Esprit-80EDX"},"content":{"rendered":"<h2>Skywatcher Esprit-80EDX<\/h2>\n<h3>TELESCOPIO RIFRATTORE TRIPLETTO F\/5 SUPER APO<\/h3>\n<p><strong>Sky-Watcher Esprit, nello spirito della perfezione!<\/strong><\/p>\n<p>I nuovi telescopi di punta di Sky-Watcher, Esprit EDX con ottiche apocromatiche a 3 elementi ED, sono strumenti di altissima qualit\u00e0 con prestazioni davvero impressionanti, pari o addirittura pi\u00f9 potenti di telescopi analoghi di note marche di telescopi di fascia alta.<\/p>\n<p>L&#8217;Esprit EDX Super Apo Triplets \u00e8 stato progettato principalmente per gli astrofotografi pi\u00f9 esigenti, ma anche come telescopio per gli osservatori visivi. Il sistema ottico di prima qualit\u00e0 e superbamente corretto offre immagini dettagliate con il massimo contrasto e un&#8217;aberrazione cromatica impercettibile, anche sugli oggetti pi\u00f9 luminosi con un contrasto e una nitidezza eccezionali. <\/p>\n<p>L&#8217;Esprit-80EDX incorpora la stessa eccezionale ottica f\/5 del modello precedente con una lente giapponese Ohara FPL-53 ED di qualit\u00e0 superiore. Ogni superficie vetro-aria \u00e8 stata rivestita con un esotico rivestimento metallico antiriflesso per ottenere una trasmissione luminosa massima del 99,5%. Il rivestimento metallico ad alta trasmissione (MHTC) di propriet\u00e0 di Sky-Watcher \u00e8 il rivestimento antiriflesso di pi\u00f9 alta qualit\u00e0 della sua categoria!  <\/p>\n<p>L&#8217;Esprit-80EDX ha un design migliorato con focheggiatore Crayford come il modello precedente e un&#8217;opzione di rotazione ancora pi\u00f9 semplice. Inoltre, l&#8217;adattatore di connessione pu\u00f2 essere ruotato per facilitare la regolazione della sezione dell&#8217;immagine. \u00c8 inclusa anche la base per prisma precedentemente installata con morsetto per tubo singolo. Per una maggiore comodit\u00e0, il telescopio \u00e8 dotato di una maniglia per il trasporto. Il focheggiatore lineare a cremagliera e pignone a doppia velocit\u00e0, estremamente stabile, ha un elevato carico utile e non presenta giochi ed \u00e8 dotato di un tubo di prolunga da 2,8&#8243; con scala. Il telescopio viene fornito in una robusta valigetta con struttura in alluminio e rivestimento in schiuma.     <\/p>\n<p>Un appiattitore di campo corrispondente (20187) per la fotografia \u00e8 disponibile come opzione.<\/p>\n<p><em>Il telescopio viene fornito senza oculari, diagonale stellare e mirino!<\/em><\/p>\n<p><strong>Attrezzatura<\/strong>:<\/p>\n<ul>\n<li>Diametro dell&#8217;obiettivo: 80 mm<\/li>\n<li>Lunghezza focale del telescopio: 400 mm (f\/5)<\/li>\n<li>Focalizzatore lineare a doppia velocit\u00e0 11:1 ibrido a cremagliera e pignone (prodotto da CNC)<\/li>\n<li>Focalizzatore senza gioco con carico utile elevato<\/li>\n<li>Tubo di prolunga da 2,8&#8243; con scala e adattatore per la rotazione a 360\u00ba<\/li>\n<li>Focalizzatore ruotabile in aggiunta all&#8217;adattatore di connessione ruotabile<\/li>\n<li>Obiettivo MHTC Multi-Coated Triplet con lente Ohara FPL53 ED<\/li>\n<li>Cappello a corda fissa<\/li>\n<li>Adattatore per collegamento oculare da 2&#8243;<\/li>\n<li>Slitta per mirino (compatibile con tutti i mirini Sky-Watcher)<\/li>\n<li>Morsetto per tubi in alluminio lavorato a CNC con maniglia di trasporto<\/li>\n<li>Guida per prismi da 45 mm<\/li>\n<li>OTA in alluminio con pannelli interni<\/li>\n<li>Lunghezza OTA: 420 mm<\/li>\n<li>Peso dell&#8217;OTA: 3,97 kg<\/li>\n<li>Valigia di trasporto in alluminio<\/li>\n<\/ul>\n<p><strong>Ambito di consegna:<\/strong><\/p>\n<ul>\n<li>Telescopio Esprit-80EDX<\/li>\n<li>Morsetto per tubi con maniglia<\/li>\n<li>Guida per prismi da 45 mm<\/li>\n<li>Valigia di trasporto in alluminio<\/li>\n<\/ul>\n<p>&nbsp;<\/p>\n<div class=\"row-fluid\">\n<div class=\"col-sm-10 partialHeader\">GENERALE<\/div>\n<div class=\"col-sm-24\">\n<div class=\"row attributrow\">\n<div class=\"col-sm-10\">Peso di spedizione<\/div>\n<div class=\"col-sm-14\">16,0 kg<\/div>\n<\/div>\n<\/div>\n<div class=\"col-sm-24\">\n<div class=\"row attributrow\">\n<div class=\"col-sm-10\">Dimensioni della spedizione<\/div>\n<div class=\"col-sm-14\">68x51x40cm<\/div>\n<\/div>\n<\/div>\n<\/div>\n<div class=\"row-fluid\">\n<div class=\"col-sm-10 partialHeader\">OTTICA<\/div>\n<div class=\"col-sm-24\">\n<div class=\"row attributrow\">\n<div class=\"col-sm-10\">Tipo di costruzione<\/div>\n<div class=\"col-sm-14\">rifrattore apocromatico a tripletto ED<\/div>\n<\/div>\n<\/div>\n<div class=\"col-sm-24\">\n<div class=\"row attributrow\">\n<div class=\"col-sm-10\">Lunghezza focale (mm)<\/div>\n<div class=\"col-sm-14\">400<\/div>\n<\/div>\n<\/div>\n<div class=\"col-sm-24\">\n<div class=\"row attributrow\">\n<div class=\"col-sm-10\">Apertura (mm)<\/div>\n<div class=\"col-sm-14\">80<\/div>\n<\/div>\n<\/div>\n<div class=\"col-sm-24\">\n<div class=\"row attributrow\">\n<div class=\"col-sm-10\">Rapporto di apertura<\/div>\n<div class=\"col-sm-14\">f:5<\/div>\n<\/div>\n<\/div>\n<div class=\"col-sm-24\">\n<div class=\"row attributrow\">\n<div class=\"col-sm-10\">Focalizzatore<\/div>\n<div class=\"col-sm-14\">focheggiatore lineare a cremagliera ibrida da 2,8&#8243; a doppia velocit\u00e0 11:1<\/div>\n<\/div>\n<\/div>\n<div class=\"col-sm-24\">\n<div class=\"row attributrow\">\n<div class=\"col-sm-10\">Peso del tubo (kg)<\/div>\n<div class=\"col-sm-14\">3.97<\/div>\n<\/div>\n<\/div>\n<\/div>\n","protected":false},"excerpt":{"rendered":"<p>Skywatcher Esprit-80EDX<br \/>\nSono lieto di darti il benvenuto su Teleskopshop.ch e di presentarti questo nuovo telescopio Skywatcher.<\/p>\n","protected":false},"featured_media":63854,"comment_status":"closed","ping_status":"closed","template":"","meta":{"_acf_changed":false},"product_brand":[675],"product_cat":[1340,1619,1613,1568,1610],"product_tag":[],"class_list":{"0":"post-63946","1":"product","2":"type-product","3":"status-publish","4":"has-post-thumbnail","6":"product_brand-skywatcher","7":"product_cat-ottica","8":"product_cat-apocromatici-ed","9":"product_cat-rifrattori","10":"product_cat-telescopi","11":"product_cat-tubi-ottici-ota","13":"first","14":"instock","15":"sale","16":"taxable","17":"shipping-taxable","18":"purchasable","19":"product-type-simple"},"acf":[],"_links":{"self":[{"href":"https:\/\/www.teleskopshop.ch\/it\/wp-json\/wp\/v2\/product\/63946","targetHints":{"allow":["GET"]}}],"collection":[{"href":"https:\/\/www.teleskopshop.ch\/it\/wp-json\/wp\/v2\/product"}],"about":[{"href":"https:\/\/www.teleskopshop.ch\/it\/wp-json\/wp\/v2\/types\/product"}],"replies":[{"embeddable":true,"href":"https:\/\/www.teleskopshop.ch\/it\/wp-json\/wp\/v2\/comments?post=63946"}],"wp:featuredmedia":[{"embeddable":true,"href":"https:\/\/www.teleskopshop.ch\/it\/wp-json\/wp\/v2\/media\/63854"}],"wp:attachment":[{"href":"https:\/\/www.teleskopshop.ch\/it\/wp-json\/wp\/v2\/media?parent=63946"}],"wp:term":[{"taxonomy":"product_brand","embeddable":true,"href":"https:\/\/www.teleskopshop.ch\/it\/wp-json\/wp\/v2\/product_brand?post=63946"},{"taxonomy":"product_cat","embeddable":true,"href":"https:\/\/www.teleskopshop.ch\/it\/wp-json\/wp\/v2\/product_cat?post=63946"},{"taxonomy":"product_tag","embeddable":true,"href":"https:\/\/www.teleskopshop.ch\/it\/wp-json\/wp\/v2\/product_tag?post=63946"}],"curies":[{"name":"wp","href":"https:\/\/api.w.org\/{rel}","templated":true}]}}