{"id":63943,"date":"2025-09-02T09:37:07","date_gmt":"2025-09-02T07:37:07","guid":{"rendered":"https:\/\/www.teleskopshop.ch\/shop\/senza-categoria\/skywatcher-esprit-100edx\/"},"modified":"2025-09-02T09:37:07","modified_gmt":"2025-09-02T07:37:07","slug":"skywatcher-esprit-100edx","status":"publish","type":"product","link":"https:\/\/www.teleskopshop.ch\/it\/shop\/ottica\/skywatcher-esprit-100edx\/","title":{"rendered":"Skywatcher Esprit-100EDX"},"content":{"rendered":"<h1>Skywatcher Esprit-100EDX<\/h1>\n<h3>TELESCOPIO RIFRATTORE TRIPLETTO F\/5.5 SUPER APO<\/h3>\n<p><strong>Sky-Watcher Esprit, nello spirito della perfezione!<\/strong><\/p>\n<p>I nuovi telescopi di punta di Sky-Watcher, Esprit EDX con ottiche apocromatiche a 3 elementi ED, sono strumenti di altissima qualit\u00e0 con prestazioni davvero impressionanti, pari o addirittura pi\u00f9 potenti di telescopi analoghi di note marche di telescopi di fascia alta.<\/p>\n<p>L&#8217;Esprit EDX Super Apo Triplets \u00e8 stato progettato principalmente per gli astrofotografi pi\u00f9 esigenti, ma anche come telescopio per gli osservatori visivi. Il sistema ottico di prima qualit\u00e0 e superbamente corretto offre immagini dettagliate con il massimo contrasto e un&#8217;aberrazione cromatica impercettibile, anche sugli oggetti pi\u00f9 luminosi con un contrasto e una nitidezza eccezionali. <\/p>\n<p>L&#8217;Esprit-100EDX incorpora la stessa eccezionale ottica f\/5,5 del modello precedente con una lente in vetro giapponese Ohara FPL-53 ED. Ogni superficie vetro-aria \u00e8 stata rivestita con un esotico rivestimento metallico antiriflesso per ottenere una trasmissione luminosa massima del 99,5%. Il rivestimento metallico ad alta trasmissione (MHTC) di propriet\u00e0 di Sky-Watcher \u00e8 il rivestimento antiriflesso di pi\u00f9 alta qualit\u00e0 della sua categoria!  <\/p>\n<p>L&#8217;Esprit-100EDX ha un design migliorato con focheggiatore Crayford come il modello precedente e un&#8217;opzione di rotazione ancora pi\u00f9 semplice. Inoltre, l&#8217;adattatore di connessione pu\u00f2 essere ruotato per facilitare la regolazione della sezione dell&#8217;immagine. Per una maggiore comodit\u00e0, il telescopio \u00e8 dotato di una maniglia per il trasporto. Il focheggiatore lineare a cremagliera e pignone a doppia velocit\u00e0, estremamente stabile e lavorato a CNC, ha un&#8217;elevata capacit\u00e0 di carico e non presenta giochi ed \u00e8 dotato di un tubo di prolunga da 3&#8243; con scala. Il telescopio viene fornito in una robusta valigetta con struttura in alluminio e rivestimento in schiuma.    <\/p>\n<p>Come opzione \u00e8 disponibile un appiattitore di campo (20188) per la fotografia.<\/p>\n<p><em>Il telescopio viene fornito senza oculari, diagonale stellare e mirino!<\/em><\/p>\n<p><strong>Attrezzatura<\/strong>:<\/p>\n<ul>\n<li>Diametro dell&#8217;obiettivo: 100 mm<\/li>\n<li>Lunghezza focale del telescopio: 550 mm (f\/5.5)<\/li>\n<li>Focalizzatore lineare a doppia velocit\u00e0 11:1 ibrido a cremagliera e pignone (prodotto da CNC)<\/li>\n<li>Focalizzatore senza gioco con carico utile elevato<\/li>\n<li>Tubo di prolunga da 3&#8243; con scala e adattatore per la rotazione a 360\u00ba<\/li>\n<li>Focalizzatore ruotabile in aggiunta all&#8217;adattatore di connessione ruotabile<\/li>\n<li>Obiettivo MHTC Multi-Coated Triplet con lente Ohara FPL53 ED<\/li>\n<li>Cappello a corda fissa<\/li>\n<li>Adattatore per collegamento oculare da 2&#8243;<\/li>\n<li>Slitta per mirino (compatibile con tutti i mirini Sky-Watcher)<\/li>\n<li>Pinze per tubi in alluminio lavorate a CNC con maniglia di trasporto<\/li>\n<li>Guida per prismi da 75 mm<\/li>\n<li>OTA in alluminio con pannelli interni<\/li>\n<li>Lunghezza OTA: 565 mm<\/li>\n<li>Peso dell&#8217;OTA: 6,3 kg<\/li>\n<li>Valigia di trasporto in alluminio<\/li>\n<\/ul>\n<p><strong>Ambito di consegna:<\/strong><\/p>\n<ul>\n<li>Telescopio Esprit-100EDX<\/li>\n<li>Pinze per tubi con maniglia<\/li>\n<li>Guida per prismi da 75 mm<\/li>\n<li>Valigia di trasporto in alluminio<\/li>\n<\/ul>\n<p>&nbsp;<\/p>\n<div class=\"row-fluid\">\n<div class=\"col-sm-10 partialHeader\">GENERALE<\/div>\n<div class=\"col-sm-24\">\n<div class=\"row attributrow\">\n<div class=\"col-sm-10\">Peso di spedizione<\/div>\n<div class=\"col-sm-14\">21,7 kg<\/div>\n<\/div>\n<\/div>\n<div class=\"col-sm-24\">\n<div class=\"row attributrow\">\n<div class=\"col-sm-10\">Dimensioni della spedizione<\/div>\n<div class=\"col-sm-14\">68x58x40cm<\/div>\n<\/div>\n<\/div>\n<\/div>\n<div class=\"row-fluid\">\n<div class=\"col-sm-10 partialHeader\">OTTICA<\/div>\n<div class=\"col-sm-24\">\n<div class=\"row attributrow\">\n<div class=\"col-sm-10\">Tipo di costruzione<\/div>\n<div class=\"col-sm-14\">rifrattore apocromatico a tripletto ED<\/div>\n<\/div>\n<\/div>\n<div class=\"col-sm-24\">\n<div class=\"row attributrow\">\n<div class=\"col-sm-10\">Lunghezza focale (mm)<\/div>\n<div class=\"col-sm-14\">550<\/div>\n<\/div>\n<\/div>\n<div class=\"col-sm-24\">\n<div class=\"row attributrow\">\n<div class=\"col-sm-10\">Apertura (mm)<\/div>\n<div class=\"col-sm-14\">100<\/div>\n<\/div>\n<\/div>\n<div class=\"col-sm-24\">\n<div class=\"row attributrow\">\n<div class=\"col-sm-10\">Rapporto di apertura<\/div>\n<div class=\"col-sm-14\">f:5.5<\/div>\n<\/div>\n<\/div>\n<div class=\"col-sm-24\">\n<div class=\"row attributrow\">\n<div class=\"col-sm-10\">Focalizzatore<\/div>\n<div class=\"col-sm-14\">Focalizzatore lineare da 3&#8243; a doppia velocit\u00e0 11:1 ibrido a cremagliera e pignone<\/div>\n<\/div>\n<\/div>\n<div class=\"col-sm-24\">\n<div class=\"row attributrow\">\n<div class=\"col-sm-10\">Peso del tubo (kg)<\/div>\n<div class=\"col-sm-14\">7.36<\/div>\n<\/div>\n<\/div>\n<\/div>\n","protected":false},"excerpt":{"rendered":"<p>Skywatcher Esprit-100EDX<br \/>\nSono lieto di darti il benvenuto su Teleskopshop.ch e di presentarti questo prodotto.<\/p>\n","protected":false},"featured_media":63879,"comment_status":"closed","ping_status":"closed","template":"","meta":{"_acf_changed":false},"product_brand":[675],"product_cat":[1340,1619,1613,1568,1610],"product_tag":[],"class_list":{"0":"post-63943","1":"product","2":"type-product","3":"status-publish","4":"has-post-thumbnail","6":"product_brand-skywatcher","7":"product_cat-ottica","8":"product_cat-apocromatici-ed","9":"product_cat-rifrattori","10":"product_cat-telescopi","11":"product_cat-tubi-ottici-ota","13":"first","14":"instock","15":"sale","16":"taxable","17":"shipping-taxable","18":"purchasable","19":"product-type-simple"},"acf":[],"_links":{"self":[{"href":"https:\/\/www.teleskopshop.ch\/it\/wp-json\/wp\/v2\/product\/63943","targetHints":{"allow":["GET"]}}],"collection":[{"href":"https:\/\/www.teleskopshop.ch\/it\/wp-json\/wp\/v2\/product"}],"about":[{"href":"https:\/\/www.teleskopshop.ch\/it\/wp-json\/wp\/v2\/types\/product"}],"replies":[{"embeddable":true,"href":"https:\/\/www.teleskopshop.ch\/it\/wp-json\/wp\/v2\/comments?post=63943"}],"wp:featuredmedia":[{"embeddable":true,"href":"https:\/\/www.teleskopshop.ch\/it\/wp-json\/wp\/v2\/media\/63879"}],"wp:attachment":[{"href":"https:\/\/www.teleskopshop.ch\/it\/wp-json\/wp\/v2\/media?parent=63943"}],"wp:term":[{"taxonomy":"product_brand","embeddable":true,"href":"https:\/\/www.teleskopshop.ch\/it\/wp-json\/wp\/v2\/product_brand?post=63943"},{"taxonomy":"product_cat","embeddable":true,"href":"https:\/\/www.teleskopshop.ch\/it\/wp-json\/wp\/v2\/product_cat?post=63943"},{"taxonomy":"product_tag","embeddable":true,"href":"https:\/\/www.teleskopshop.ch\/it\/wp-json\/wp\/v2\/product_tag?post=63943"}],"curies":[{"name":"wp","href":"https:\/\/api.w.org\/{rel}","templated":true}]}}