{"id":63762,"date":"2025-07-22T11:07:52","date_gmt":"2025-07-22T09:07:52","guid":{"rendered":"https:\/\/www.teleskopshop.ch\/shop\/senza-categoria\/skywatcher-esprit-70edx\/"},"modified":"2025-07-22T11:07:52","modified_gmt":"2025-07-22T09:07:52","slug":"skywatcher-esprit-70edx","status":"publish","type":"product","link":"https:\/\/www.teleskopshop.ch\/it\/shop\/ottica\/skywatcher-esprit-70edx\/","title":{"rendered":"Skywatcher Esprit-70EDX"},"content":{"rendered":"<h1>Skywatcher Esprit-70EDX<\/h1>\n<h2>TELESCOPIO RIFRATTORE TRIPLETTO F\/7 SUPER APO<\/h2>\n<p><strong>Sky-Watcher Esprit, nello spirito della perfezione!<\/strong><\/p>\n<p>I nuovi telescopi di punta di Sky-Watcher, Esprit EDX con ottiche apocromatiche a 3 elementi ED, sono strumenti di altissima qualit\u00e0 con prestazioni davvero impressionanti, pari o addirittura pi\u00f9 potenti di telescopi analoghi di note marche di telescopi di fascia alta.<\/p>\n<p>L&#8217;Esprit EDX Super Apo Triplets \u00e8 stato progettato principalmente per gli astrofotografi pi\u00f9 esigenti, ma anche come telescopio per gli osservatori visivi. Il sistema ottico di prima qualit\u00e0 e superbamente corretto offre immagini dettagliate con il massimo contrasto e un&#8217;aberrazione cromatica impercettibile, anche sugli oggetti pi\u00f9 luminosi con un contrasto e una nitidezza eccezionali. <\/p>\n<p>L&#8217;Esprit-70EDX \u00e8 un nuovo modello della gamma ed \u00e8 particolarmente compatto ma di grande potenza. Incorpora un eccezionale sistema ottico f\/7 che comprende un obiettivo di qualit\u00e0 superiore realizzato con vetro giapponese Hoya FCD100 ED. Ogni superficie vetro-aria \u00e8 stata rivestita con un esotico rivestimento metallico antiriflesso per massimizzare la trasmissione della luce al 99,5%. Il rivestimento metallico ad alta trasmissione (MHTC) di propriet\u00e0 di Sky-Watcher \u00e8 il rivestimento antiriflesso di pi\u00f9 alta qualit\u00e0 della sua categoria!   <\/p>\n<p>L&#8217;Esprit-70EDX non ha un focheggiatore ruotabile, ma sul tubo del focheggiatore \u00e8 stato installato un adattatore ruotabile che aiuta a determinare la sezione dell&#8217;immagine. Per una maggiore comodit\u00e0, il telescopio \u00e8 dotato di una maniglia per il trasporto. Il focheggiatore lineare a cremagliera e pignone a doppia velocit\u00e0, estremamente stabile, ha un elevato carico utile e non presenta giochi ed \u00e8 dotato di un tubo di prolunga da 2,8&#8243; con scala. Il telescopio viene fornito in una robusta valigetta con struttura in alluminio e rivestimento in schiuma.   <\/p>\n<p>Per la fotografia \u00e8 disponibile come optional un riduttore\/appiattitore di focale 0,92x (20332).<\/p>\n<p><em>Il telescopio viene fornito senza oculari, diagonale stellare e mirino!<\/em><\/p>\n<p><strong>Attrezzatura<\/strong>:<\/p>\n<ul>\n<li>Diametro dell&#8217;obiettivo: 70 mm<\/li>\n<li>Lunghezza focale del telescopio: 490 mm (f\/7)<\/li>\n<li>Focalizzatore lineare a doppia velocit\u00e0 11:1 ibrido a cremagliera e pignone (prodotto da CNC)<\/li>\n<li>Tubo di prolunga da 2,8&#8243; con scala e adattatore per la rotazione a 360\u00ba<\/li>\n<li>Focalizzatore senza gioco con carico utile elevato<\/li>\n<li>L&#8217;obiettivo MHTC Multi-Coated Triplet con un obiettivo Hoya FC100 ED<\/li>\n<li>Cappuccio a corda retrattile<\/li>\n<li>Attacco oculare da 2&#8243;<\/li>\n<li>Slitta per mirino (compatibile con tutti i mirini Sky-Watcher)<\/li>\n<li>Pinze per tubi in alluminio lavorate a CNC con maniglia di trasporto<\/li>\n<li>Guida per prismi da 45 mm<\/li>\n<li>OTA in alluminio con pannelli interni<\/li>\n<li>Lunghezza OTA: 368 mm (tappo della corda inserito), 420 mm (tappo della corda estratto)<\/li>\n<li>Peso OTA: 3,2 kg<\/li>\n<li>Valigia di trasporto in alluminio<\/li>\n<\/ul>\n<p><strong>Ambito di consegna:<\/strong><\/p>\n<ul>\n<li>Telescopio Esprit-70EDX<\/li>\n<li>Pinze per tubi con maniglia<\/li>\n<li>Guida per prismi da 45 mm<\/li>\n<li>Valigia di trasporto in alluminio<\/li>\n<\/ul>\n<p>&nbsp;<\/p>\n<div class=\"row-fluid\">\n<div class=\"col-sm-10 partialHeader\">GENERALE<\/div>\n<div class=\"col-sm-24\">\n<div class=\"row attributrow\">\n<div class=\"col-sm-10\">Peso di spedizione<\/div>\n<div class=\"col-sm-14\">15,0 kg<\/div>\n<\/div>\n<\/div>\n<div class=\"col-sm-24\">\n<div class=\"row attributrow\">\n<div class=\"col-sm-10\">Dimensioni della spedizione<\/div>\n<div class=\"col-sm-14\">68x51x40cm<\/div>\n<\/div>\n<\/div>\n<\/div>\n<div class=\"row-fluid\">\n<div class=\"col-sm-10 partialHeader\">OTTICA<\/div>\n<div class=\"col-sm-24\">\n<div class=\"row attributrow\">\n<div class=\"col-sm-10\">Tipo di costruzione<\/div>\n<div class=\"col-sm-14\">rifrattore apocromatico a tripletto ED<\/div>\n<\/div>\n<\/div>\n<div class=\"col-sm-24\">\n<div class=\"row attributrow\">\n<div class=\"col-sm-10\">Lunghezza focale (mm)<\/div>\n<div class=\"col-sm-14\">490<\/div>\n<\/div>\n<\/div>\n<div class=\"col-sm-24\">\n<div class=\"row attributrow\">\n<div class=\"col-sm-10\">Apertura (mm)<\/div>\n<div class=\"col-sm-14\">70<\/div>\n<\/div>\n<\/div>\n<div class=\"col-sm-24\">\n<div class=\"row attributrow\">\n<div class=\"col-sm-10\">Rapporto di apertura<\/div>\n<div class=\"col-sm-14\">f:7<\/div>\n<\/div>\n<\/div>\n<div class=\"col-sm-24\">\n<div class=\"row attributrow\">\n<div class=\"col-sm-10\">Focalizzatore<\/div>\n<div class=\"col-sm-14\">focheggiatore lineare a cremagliera ibrida da 2,8&#8243; a doppia velocit\u00e0 11:1<\/div>\n<\/div>\n<\/div>\n<div class=\"col-sm-24\">\n<div class=\"row attributrow\">\n<div class=\"col-sm-10\">Peso del tubo (kg)<\/div>\n<div class=\"col-sm-14\">3.2<\/div>\n<\/div>\n<\/div>\n<\/div>\n","protected":false},"excerpt":{"rendered":"<p>Skywatcher Esprit-70EDX<br \/>\nSono lieto di darti il benvenuto su Teleskopshop.ch e di presentarti questo nuovo telescopio Skywatcher.<\/p>\n","protected":false},"featured_media":63759,"comment_status":"closed","ping_status":"closed","template":"","meta":{"_acf_changed":false},"product_brand":[675],"product_cat":[1340,1619,1613,1568,1610],"product_tag":[],"class_list":{"0":"post-63762","1":"product","2":"type-product","3":"status-publish","4":"has-post-thumbnail","6":"product_brand-skywatcher","7":"product_cat-ottica","8":"product_cat-apocromatici-ed","9":"product_cat-rifrattori","10":"product_cat-telescopi","11":"product_cat-tubi-ottici-ota","13":"first","14":"instock","15":"sale","16":"taxable","17":"shipping-taxable","18":"purchasable","19":"product-type-simple"},"acf":[],"_links":{"self":[{"href":"https:\/\/www.teleskopshop.ch\/it\/wp-json\/wp\/v2\/product\/63762","targetHints":{"allow":["GET"]}}],"collection":[{"href":"https:\/\/www.teleskopshop.ch\/it\/wp-json\/wp\/v2\/product"}],"about":[{"href":"https:\/\/www.teleskopshop.ch\/it\/wp-json\/wp\/v2\/types\/product"}],"replies":[{"embeddable":true,"href":"https:\/\/www.teleskopshop.ch\/it\/wp-json\/wp\/v2\/comments?post=63762"}],"wp:featuredmedia":[{"embeddable":true,"href":"https:\/\/www.teleskopshop.ch\/it\/wp-json\/wp\/v2\/media\/63759"}],"wp:attachment":[{"href":"https:\/\/www.teleskopshop.ch\/it\/wp-json\/wp\/v2\/media?parent=63762"}],"wp:term":[{"taxonomy":"product_brand","embeddable":true,"href":"https:\/\/www.teleskopshop.ch\/it\/wp-json\/wp\/v2\/product_brand?post=63762"},{"taxonomy":"product_cat","embeddable":true,"href":"https:\/\/www.teleskopshop.ch\/it\/wp-json\/wp\/v2\/product_cat?post=63762"},{"taxonomy":"product_tag","embeddable":true,"href":"https:\/\/www.teleskopshop.ch\/it\/wp-json\/wp\/v2\/product_tag?post=63762"}],"curies":[{"name":"wp","href":"https:\/\/api.w.org\/{rel}","templated":true}]}}