{"id":63726,"date":"2025-07-22T10:38:09","date_gmt":"2025-07-22T08:38:09","guid":{"rendered":"https:\/\/www.teleskopshop.ch\/shop\/senza-categoria\/skywatcher-evostar-150edx\/"},"modified":"2025-07-22T10:38:09","modified_gmt":"2025-07-22T08:38:09","slug":"skywatcher-evostar-150edx","status":"publish","type":"product","link":"https:\/\/www.teleskopshop.ch\/it\/shop\/ottica\/skywatcher-evostar-150edx\/","title":{"rendered":"Skywatcher Evostar-150EDX"},"content":{"rendered":"<h1>Skywatcher Evostar-150EDX<\/h1>\n<h2>TELESCOPIO RIFRATTORE APOCROMATICO DA 150 MM (6&#8243;) F\/1200 ED<\/h2>\n<p>Il rifrattore doppietto apocromatico Sky-Watcher Evostar-150ED ha subito alcuni fantastici miglioramenti. Siamo lieti di presentare il nuovo modello Evostar-150EDX, che ha ricevuto una serie di miglioramenti meccanici molto utili. \u00c8 disponibile in una splendida finitura bianco\/verde. L&#8217;Evostar-150EDX \u00e8 uno strumento eccellente sia per l&#8217;osservazione visuale che per l&#8217;uso fotografico, dotato di tutti gli accessori necessari.   <\/p>\n<p>Il nuovo Evostar-150EDX \u00e8 ora dotato di un focheggiatore a pignone e cremagliera da 3&#8243; lavorato a CNC con scala, che ha un adattatore ruotabile a 360\u00b0, un tappo di rugiada retrattile e una maniglia che funge anche da guida di montaggio. \u00c8 inoltre dotato di solidi morsetti per tubi in alluminio anodizzato e di una guida per prismi da 75 mm. <\/p>\n<p>Contiene la stessa collaudata ottica a f\/8 del modello precedente, che include un obiettivo realizzato con il pregiato vetro giapponese Ohara FPL-53 ED che elimina l&#8217;aberrazione cromatica visibile. Per la fotografia \u00e8 disponibile un riduttore di focale\/appiattitore di campo 0,77x opzionale (20333). <\/p>\n<p>L&#8217;ottica offre stelle nitidissime con uno sfondo del cielo nero come la pece e ad alto contrasto. Ogni superficie vetro-aria \u00e8 rivestita con un esotico rivestimento metallico che garantisce un&#8217;impressionante trasmissione della luce del 99,5%. I rivestimenti metallici ad alta transmissione (MHTC) di propriet\u00e0 di Sky-Watcher sono tra i migliori rivestimenti antiriflesso della categoria.  <\/p>\n<p>I rifrattori apocromatici, con le loro figure di diffrazione senza ostacoli e da manuale, producono l&#8217;immagine pi\u00f9 nitida e di qualit\u00e0 possibile per questa apertura di qualsiasi altro sistema ottico disponibile.<\/p>\n<p>Per molto tempo i doppietti Evostar-ED sono stati la scelta migliore di rifrattori fotografici per molti astrofotografi, grazie alla loro combinazione di eccellenti prestazioni di imaging e prezzo vantaggioso. Grazie all&#8217;utilizzo di una minore quantit\u00e0 di vetro nella costruzione, sono solitamente pi\u00f9 leggeri e quindi pi\u00f9 comodi da trasportare rispetto a tripletti comparabili o altri rifrattori ED multi-lente con questa apertura. <\/p>\n<p><em>Attenzione: Consegna senza oculari, specchio zenitale e mirino<\/em><\/p>\n<p><strong>Attrezzatura:<\/strong><\/p>\n<ul>\n<li>Ingrandimento massimo utile: 300x<\/li>\n<li>Apertura: 150 mm<\/li>\n<li>Lunghezza focale: 1200 mm (f\/8)<\/li>\n<li>Focalizzatore a doppia velocit\u00e0 11:1 da 3&#8243; a cremagliera (prodotto da CNC)<\/li>\n<li>Tubo di prolunga da 3&#8243; con scala e adattatore per la rotazione a 360\u00ba<\/li>\n<li>Lente multistrato con rivestimento MHTC<\/li>\n<li>Cappuccio a corda retrattile<\/li>\n<li>Attacco oculare da 2&#8243;<\/li>\n<li>Scarpa per cercatori compatibile con tutti i cercatori Sky-Watcher<\/li>\n<li>Pinze per tubi con maniglia<\/li>\n<li>Guida per prismi da 75 mm<\/li>\n<li>OTA in alluminio con paraluce<\/li>\n<li>Lunghezza OTA: 1067 mm (cappello della corda inserito), 1250 mm (cappello della corda estratto)<\/li>\n<li>Peso OTA: 15 kg<\/li>\n<li>Valigia di trasporto in alluminio<\/li>\n<\/ul>\n<p><strong>Ambito di consegna:<\/strong><\/p>\n<ul>\n<li>Tubo telescopico Evostar-150EDX<\/li>\n<li>Pinze per tubi con maniglia<\/li>\n<li>Guida per prismi da 75 mm<\/li>\n<li>Valigia di trasporto in alluminio<\/li>\n<\/ul>\n<p><em>La disponibilit\u00e0 \u00e8 prevista a partire dalla fine dell&#8217;anno.<\/em><\/p>\n<div class=\"row-fluid\">\n<div class=\"col-sm-10 partialHeader\">GENERALE<\/div>\n<div class=\"col-sm-24\">\n<div class=\"row attributrow\">\n<div class=\"col-sm-10\">Peso di spedizione<\/div>\n<div class=\"col-sm-14\">28,0 kg<\/div>\n<\/div>\n<\/div>\n<div class=\"col-sm-24\">\n<div class=\"row attributrow\">\n<div class=\"col-sm-10\">Dimensioni della spedizione<\/div>\n<div class=\"col-sm-14\">150x47x37cm<\/div>\n<\/div>\n<\/div>\n<\/div>\n<div class=\"row-fluid\">\n<div class=\"col-sm-10 partialHeader\">OTTICA<\/div>\n<div class=\"col-sm-24\">\n<div class=\"row attributrow\">\n<div class=\"col-sm-10\">Tipo di costruzione<\/div>\n<div class=\"col-sm-14\">Rifrattore apocromatico<\/div>\n<\/div>\n<\/div>\n<div class=\"col-sm-24\">\n<div class=\"row attributrow\">\n<div class=\"col-sm-10\">Lunghezza focale (mm)<\/div>\n<div class=\"col-sm-14\">1200<\/div>\n<\/div>\n<\/div>\n<div class=\"col-sm-24\">\n<div class=\"row attributrow\">\n<div class=\"col-sm-10\">Apertura (mm)<\/div>\n<div class=\"col-sm-14\">150<\/div>\n<\/div>\n<\/div>\n<div class=\"col-sm-24\">\n<div class=\"row attributrow\">\n<div class=\"col-sm-10\">Rapporto di apertura<\/div>\n<div class=\"col-sm-14\">f\/8<\/div>\n<\/div>\n<\/div>\n<div class=\"col-sm-24\">\n<div class=\"row attributrow\">\n<div class=\"col-sm-10\">Focalizzatore<\/div>\n<div class=\"col-sm-14\">Focalizzatore a doppia velocit\u00e0 11:1 da 3&#8243; a cremagliera (prodotto da CNC)<\/div>\n<\/div>\n<\/div>\n<div class=\"col-sm-24\">\n<div class=\"row attributrow\">\n<div class=\"col-sm-10\">Peso del tubo (kg)<\/div>\n<div class=\"col-sm-14\">15<\/div>\n<\/div>\n<\/div>\n<\/div>\n","protected":false},"excerpt":{"rendered":"<p>Skywatcher Evostar-150EDX<br \/>\nSono lieto di darti il benvenuto su Teleskopshop.ch e di presentarti questo nuovo telescopio Skywatcher.<\/p>\n","protected":false},"featured_media":63723,"comment_status":"closed","ping_status":"closed","template":"","meta":{"_acf_changed":false},"product_brand":[675],"product_cat":[1340,1619,1613,1568,1610],"product_tag":[],"class_list":{"0":"post-63726","1":"product","2":"type-product","3":"status-publish","4":"has-post-thumbnail","6":"product_brand-skywatcher","7":"product_cat-ottica","8":"product_cat-apocromatici-ed","9":"product_cat-rifrattori","10":"product_cat-telescopi","11":"product_cat-tubi-ottici-ota","13":"first","14":"instock","15":"sale","16":"taxable","17":"shipping-taxable","18":"purchasable","19":"product-type-simple"},"acf":[],"_links":{"self":[{"href":"https:\/\/www.teleskopshop.ch\/it\/wp-json\/wp\/v2\/product\/63726","targetHints":{"allow":["GET"]}}],"collection":[{"href":"https:\/\/www.teleskopshop.ch\/it\/wp-json\/wp\/v2\/product"}],"about":[{"href":"https:\/\/www.teleskopshop.ch\/it\/wp-json\/wp\/v2\/types\/product"}],"replies":[{"embeddable":true,"href":"https:\/\/www.teleskopshop.ch\/it\/wp-json\/wp\/v2\/comments?post=63726"}],"wp:featuredmedia":[{"embeddable":true,"href":"https:\/\/www.teleskopshop.ch\/it\/wp-json\/wp\/v2\/media\/63723"}],"wp:attachment":[{"href":"https:\/\/www.teleskopshop.ch\/it\/wp-json\/wp\/v2\/media?parent=63726"}],"wp:term":[{"taxonomy":"product_brand","embeddable":true,"href":"https:\/\/www.teleskopshop.ch\/it\/wp-json\/wp\/v2\/product_brand?post=63726"},{"taxonomy":"product_cat","embeddable":true,"href":"https:\/\/www.teleskopshop.ch\/it\/wp-json\/wp\/v2\/product_cat?post=63726"},{"taxonomy":"product_tag","embeddable":true,"href":"https:\/\/www.teleskopshop.ch\/it\/wp-json\/wp\/v2\/product_tag?post=63726"}],"curies":[{"name":"wp","href":"https:\/\/api.w.org\/{rel}","templated":true}]}}