{"id":63685,"date":"2025-07-21T16:20:14","date_gmt":"2025-07-21T14:20:14","guid":{"rendered":"https:\/\/www.teleskopshop.ch\/shop\/senza-categoria\/skywatcher-evostar-80edx\/"},"modified":"2025-07-21T16:20:14","modified_gmt":"2025-07-21T14:20:14","slug":"skywatcher-evostar-80edx","status":"publish","type":"product","link":"https:\/\/www.teleskopshop.ch\/it\/shop\/ottica\/skywatcher-evostar-80edx\/","title":{"rendered":"Skywatcher Evostar 80EDX"},"content":{"rendered":"<h1>Skywatcher Evostar 80EDX<\/h1>\n<h2>TELESCOPIO RIFRATTORE APOCROMATICO DA 80 MM (3,1&#8243;) F\/600 ED DOUBLET<\/h2>\n<p>Il collaudato rifrattore doppietto apocromatico Sky-Watcher Evostar-80ED ha subito alcuni fantastici miglioramenti. Siamo lieti di presentare il nuovo modello Evostar-80EDX, che ha ricevuto una serie di utilissimi miglioramenti meccanici. \u00c8 disponibile in una splendida finitura bianco\/verde. L&#8217;Evostar-80EDX \u00e8 uno strumento eccellente sia per l&#8217;osservazione visuale che per l&#8217;uso fotografico, dotato di tutti gli accessori necessari.   <\/p>\n<p>Il nuovo Evostar-80EDX \u00e8 ora dotato di un focheggiatore ingrandito da 2,8&#8243; con scala, di un adattatore ruotabile a 360\u00b0, di un tappo di rugiada retrattile e di una solida impugnatura.<\/p>\n<p>Contiene la stessa collaudata ottica f\/7,5 del modello precedente, che include un obiettivo realizzato con il pregiato vetro giapponese Ohara FPL-53 ED, che elimina l&#8217;aberrazione cromatica visibile. Il riduttore focale 0,85x \/ appiattitore di campo (20236) \u00e8 disponibile come optional per la fotografia. <\/p>\n<p>L&#8217;ottica offre stelle nitidissime con uno sfondo del cielo nero come la pece e ad alto contrasto. Ogni superficie vetro-aria \u00e8 rivestita con un esotico rivestimento metallico che garantisce un&#8217;impressionante trasmissione della luce del 99,5%. I rivestimenti metallici ad alta transmissione (MHTC) di propriet\u00e0 di Sky-Watcher sono tra i migliori rivestimenti antiriflesso della categoria.  <\/p>\n<p>I rifrattori apocromatici, con le loro figure di diffrazione senza ostacoli e da manuale, producono l&#8217;immagine pi\u00f9 nitida e di qualit\u00e0 possibile per questa apertura di qualsiasi altro sistema ottico disponibile.<\/p>\n<p>Per molto tempo i doppietti Evostar-ED sono stati la scelta migliore di rifrattori fotografici per molti astrofotografi, grazie alla loro combinazione di eccellenti prestazioni di imaging e prezzo vantaggioso. Grazie all&#8217;utilizzo di una minore quantit\u00e0 di vetro nella costruzione, sono solitamente pi\u00f9 leggeri e quindi pi\u00f9 comodi da trasportare rispetto a tripletti comparabili o altri rifrattori ED multi-lente con questa apertura. <\/p>\n<p><em>Attenzione: Consegna senza oculari, specchio zenitale e mirino<\/em><\/p>\n<p><strong>Attrezzatura:<\/strong><\/p>\n<ul>\n<li>Ingrandimento massimo utile: 160x<\/li>\n<li>Apertura: 80 mm<\/li>\n<li>Lunghezza focale: 600 mm (f\/7,5)<\/li>\n<li>Focalizzatore Crayford da 2&#8243; a doppia velocit\u00e0 11:1<\/li>\n<li>Tubo di prolunga da 2,8&#8243; con scala e adattatore per la rotazione a 360\u00ba<\/li>\n<li>Lente multistrato con rivestimento MHTC<\/li>\n<li>Cappuccio a corda retrattile<\/li>\n<li>Attacco oculare da 2&#8243;<\/li>\n<li>Scarpa per cercatori compatibile con tutti i cercatori Sky-Watcher<\/li>\n<li>Pinze per tubi con maniglia<\/li>\n<li>Guida per prismi da 45 mm<\/li>\n<li>OTA in alluminio con paraluce<\/li>\n<li>Lunghezza OTA: 475 mm (tappo della corda inserito), 557 mm (tappo della corda estratto)<\/li>\n<li>Peso OTA: 4 kg<\/li>\n<li>Valigia di trasporto in alluminio<\/li>\n<\/ul>\n<p><strong>Ambito di consegna:<\/strong><\/p>\n<ul>\n<li>Tubo telescopico Evostar-80EDX<\/li>\n<li>Pinze per tubi con maniglia<\/li>\n<li>Guida per prismi da 45 mm<\/li>\n<li>Valigia di trasporto in alluminio<\/li>\n<\/ul>\n<p><em>La disponibilit\u00e0 \u00e8 prevista a partire dalla fine dell&#8217;anno.<\/em><\/p>\n","protected":false},"excerpt":{"rendered":"<p>Skywatcher Evostar 80EDX<br \/>\nSono lieto di darti il benvenuto su Teleskopshop.ch e di presentarti questo nuovo telescopio Skywatcher.<\/p>\n","protected":false},"featured_media":63658,"comment_status":"closed","ping_status":"closed","template":"","meta":{"_acf_changed":false},"product_brand":[675],"product_cat":[1340,1619,1613,1568,1610],"product_tag":[],"class_list":{"0":"post-63685","1":"product","2":"type-product","3":"status-publish","4":"has-post-thumbnail","6":"product_brand-skywatcher","7":"product_cat-ottica","8":"product_cat-apocromatici-ed","9":"product_cat-rifrattori","10":"product_cat-telescopi","11":"product_cat-tubi-ottici-ota","13":"first","14":"instock","15":"sale","16":"taxable","17":"shipping-taxable","18":"purchasable","19":"product-type-simple"},"acf":[],"_links":{"self":[{"href":"https:\/\/www.teleskopshop.ch\/it\/wp-json\/wp\/v2\/product\/63685","targetHints":{"allow":["GET"]}}],"collection":[{"href":"https:\/\/www.teleskopshop.ch\/it\/wp-json\/wp\/v2\/product"}],"about":[{"href":"https:\/\/www.teleskopshop.ch\/it\/wp-json\/wp\/v2\/types\/product"}],"replies":[{"embeddable":true,"href":"https:\/\/www.teleskopshop.ch\/it\/wp-json\/wp\/v2\/comments?post=63685"}],"wp:featuredmedia":[{"embeddable":true,"href":"https:\/\/www.teleskopshop.ch\/it\/wp-json\/wp\/v2\/media\/63658"}],"wp:attachment":[{"href":"https:\/\/www.teleskopshop.ch\/it\/wp-json\/wp\/v2\/media?parent=63685"}],"wp:term":[{"taxonomy":"product_brand","embeddable":true,"href":"https:\/\/www.teleskopshop.ch\/it\/wp-json\/wp\/v2\/product_brand?post=63685"},{"taxonomy":"product_cat","embeddable":true,"href":"https:\/\/www.teleskopshop.ch\/it\/wp-json\/wp\/v2\/product_cat?post=63685"},{"taxonomy":"product_tag","embeddable":true,"href":"https:\/\/www.teleskopshop.ch\/it\/wp-json\/wp\/v2\/product_tag?post=63685"}],"curies":[{"name":"wp","href":"https:\/\/api.w.org\/{rel}","templated":true}]}}