{"id":63533,"date":"2025-05-07T16:03:10","date_gmt":"2025-05-07T14:03:10","guid":{"rendered":"https:\/\/www.teleskopshop.ch\/shop\/senza-categoria\/zwo-asi-120mm-mini\/"},"modified":"2025-05-07T16:03:10","modified_gmt":"2025-05-07T14:03:10","slug":"zwo-asi-120mm-mini","status":"publish","type":"product","link":"https:\/\/www.teleskopshop.ch\/it\/shop\/astrofotografia\/macchina-fotografica\/zwo-asi-120mm-mini\/","title":{"rendered":"ZWO ASI 120MM Mini"},"content":{"rendered":"<h3><b>ZWO ASI 120MM Mini &#8211; La tua fotocamera guida perfetta per l&#8217;astrofotografia!<\/b><\/h3>\n<p>&nbsp;<\/p>\n<p class=\"p3\">Scopri il controllo preciso di cui hai bisogno per ottenere astrofoto nitidissime! Il modello <span class=\"s2\"><b>ZWO ASI 120MM Mini<\/b><\/span> \u00e8 una delle fotocamere guida pi\u00f9 apprezzate dai principianti e dagli astrofotografi esperti: piccola, leggera e potente. <\/p>\n<p class=\"p4\"><span class=\"s3\"> <\/span><b>Eccezionale sensibilit\u00e0<\/b><b><\/b><\/p>\n<p class=\"p3\">Con il sensore CMOS altamente sensibile <span class=\"s2\"><b>sensore CMOS AR0130CS<\/b><\/span> la fotocamera \u00e8 in grado di catturare in modo affidabile anche le stelle guida pi\u00f9 deboli, anche in condizioni di scarsa visibilit\u00e0.<\/p>\n<p class=\"p4\"><b>Ideale per l&#8217;autoguida<\/b><b><\/b><\/p>\n<p class=\"p3\">Grazie al design ottimizzato in formato mini, si adatta perfettamente alle guide fuori asse o ai telescopi guida. L&#8217;interfaccia USB 2.0 garantisce un trasferimento dati veloce e stabile. <\/p>\n<p class=\"p4\"><b>Pi\u00f9 di una semplice guida<\/b><b><\/b><\/p>\n<p class=\"p3\">Vuoi fotografare anche i pianeti o la luna? Nessun problema: l&#8217;ASI 120MM Mini \u00e8 ideale per immagini ad alta risoluzione di oggetti luminosi. <\/p>\n<ul>\n<li>Telecamera per la guida<\/li>\n<li>Sensore da 1\/3<\/li>\n<li>ADC a 12 bit<\/li>\n<li>35 fotogrammi al secondo<\/li>\n<\/ul>\n<p class=\"p4\"><b>Ambito di consegna<\/b><b><\/b><\/p>\n<p class=\"p1\">\n<ul>\n<li>\n<p class=\"p1\">ZWO ASI 120MM Mini<\/p>\n<\/li>\n<li>\n<p class=\"p1\">Cavo USB<\/p>\n<\/li>\n<li>\n<p class=\"p1\">Cavo guida ST4<\/p>\n<\/li>\n<li>\n<p class=\"p1\">Adattatore da 1,25<\/p>\n<\/li>\n<li>\n<p class=\"p1\">Pratica scatola portaoggetti<\/p>\n<\/li>\n<\/ul>\n<p>&nbsp;<\/p>\n<p class=\"p3\"><span class=\"s2\"><b>Perfettamente compatibile<\/b><\/span> con software come PHD2, ASCOM, SharpCap e molti altri.<\/p>\n","protected":false},"excerpt":{"rendered":"<p>Grazie per aver visitato Teleskopshop.ch<\/p>\n<p>Siamo lieti di offrirti lo <strong>ZWO ASI 120MM Mini <\/strong>alle seguenti condizioni.<\/p>\n","protected":false},"featured_media":63504,"comment_status":"closed","ping_status":"closed","template":"","meta":{"_acf_changed":false},"product_brand":[1788],"product_cat":[1655,1712,1715],"product_tag":[],"class_list":{"0":"post-63533","1":"product","2":"type-product","3":"status-publish","4":"has-post-thumbnail","6":"product_brand-zwo-asi","7":"product_cat-astronomia-accessori-it","8":"product_cat-astrofotografia","9":"product_cat-macchina-fotografica","11":"first","12":"instock","13":"taxable","14":"shipping-taxable","15":"purchasable","16":"product-type-simple"},"acf":[],"_links":{"self":[{"href":"https:\/\/www.teleskopshop.ch\/it\/wp-json\/wp\/v2\/product\/63533","targetHints":{"allow":["GET"]}}],"collection":[{"href":"https:\/\/www.teleskopshop.ch\/it\/wp-json\/wp\/v2\/product"}],"about":[{"href":"https:\/\/www.teleskopshop.ch\/it\/wp-json\/wp\/v2\/types\/product"}],"replies":[{"embeddable":true,"href":"https:\/\/www.teleskopshop.ch\/it\/wp-json\/wp\/v2\/comments?post=63533"}],"wp:featuredmedia":[{"embeddable":true,"href":"https:\/\/www.teleskopshop.ch\/it\/wp-json\/wp\/v2\/media\/63504"}],"wp:attachment":[{"href":"https:\/\/www.teleskopshop.ch\/it\/wp-json\/wp\/v2\/media?parent=63533"}],"wp:term":[{"taxonomy":"product_brand","embeddable":true,"href":"https:\/\/www.teleskopshop.ch\/it\/wp-json\/wp\/v2\/product_brand?post=63533"},{"taxonomy":"product_cat","embeddable":true,"href":"https:\/\/www.teleskopshop.ch\/it\/wp-json\/wp\/v2\/product_cat?post=63533"},{"taxonomy":"product_tag","embeddable":true,"href":"https:\/\/www.teleskopshop.ch\/it\/wp-json\/wp\/v2\/product_tag?post=63533"}],"curies":[{"name":"wp","href":"https:\/\/api.w.org\/{rel}","templated":true}]}}