{"id":63496,"date":"2025-05-05T11:21:07","date_gmt":"2025-05-05T09:21:07","guid":{"rendered":"https:\/\/www.teleskopshop.ch\/shop\/senza-categoria\/montatura-per-telescopio-skywatcher-eq8-rh-pro-synscan\/"},"modified":"2025-05-05T11:21:07","modified_gmt":"2025-05-05T09:21:07","slug":"montatura-per-telescopio-skywatcher-eq8-rh-pro-synscan","status":"publish","type":"product","link":"https:\/\/www.teleskopshop.ch\/it\/shop\/montature\/montatura-per-telescopio-skywatcher-eq8-rh-pro-synscan\/","title":{"rendered":"Montatura per telescopio Skywatcher EQ8-RH Pro Synscan"},"content":{"rendered":"<h2>SKYWATCHER MONTATURA EQUATORIALE GOTO EXTRA PESANTE CON ENCODER RENISHAW AD ALTA RISOLUZIONE<\/h2>\n<p>La nuova montatura Sky-Watcher EQ8-RH Pro \u00e8 il grande sviluppo evolutivo della famosa montatura EQ8 Pro. La EQ8-RH \u00e8 una montatura equatoriale per osservatorio extra pesante con una capacit\u00e0 di carico fino a 50 kg. Funziona in modo molto silenzioso ed \u00e8 dotata della nota centralina SynScan GoTo con V.5. La montatura \u00e8 in grado di ricercare e seguire automaticamente oltre 42.900 oggetti celesti dal vasto database del computer.    <\/p>\n<p>Un treppiede a colonna pesante \u00e8 disponibile come opzione per la montatura EQ8-RH. La fornitura comprende due contrappesi da 10 kg ciascuno e la pulsantiera V.5. La montatura pu\u00f2 essere utilizzata anche in modalit\u00e0 wireless con un dongle WiFi disponibile come opzione e l&#8217;applicazione SynScan Pro.   <\/p>\n<p>L&#8217;EQ8-RH \u00e8 identico nel design all&#8217;EQ8-R, ma \u00e8 dotato di un encoder Renishaw di fascia alta sull&#8217;asse dell&#8217;ascensione retta per un inseguimento particolarmente preciso, che permette di fare astrofotografia anche senza autoguida.<\/p>\n<p><strong>La nuova EQ8-RH \u00e8 stata ulteriormente sviluppata sotto molti aspetti:<\/strong><\/p>\n<ul>\n<li>Passaggio dei cavi interno per evitare il solito caos di cavi<\/li>\n<li>Opzioni di connessione migliorate (USB, uscite a 12Volt)<\/li>\n<li>Posizionamento ottimizzato dei motori di azionamento per un migliore equilibrio<\/li>\n<li>Frizioni migliorate sugli assali per una maggiore forza di tenuta<\/li>\n<li>Viti di serraggio migliorate sul morsetto del prisma per un maggiore comfort e una maggiore forza di serraggio<\/li>\n<li>Trasmissione a cinghia nell&#8217;asse di declinazione per un funzionamento pi\u00f9 fluido<\/li>\n<li>L&#8217;encoder Renishaw ad alta risoluzione sull&#8217;asse di ascensione retta consente l&#8217;astrofotografia senza autoguida<\/li>\n<\/ul>\n<p>&nbsp;<\/p>\n<p><strong>**La nuova montatura non \u00e8 pi\u00f9 dotata di encoder Freedom-Find**.<\/strong><\/p>\n<p>&nbsp;<\/p>\n<p><strong>Ambito di consegna:<\/strong><\/p>\n<ul>\n<li>Montaggio EQ8-RH Pro<\/li>\n<li>SynScan V.5 scatola\/cavo di comando manuale <\/li>\n<li>2 pezzi da 10 kg di contrappesi<\/li>\n<\/ul>\n<p>L&#8217;alimentatore e le batterie non sono inclusi nella fornitura!<\/p>\n<div class=\"row-fluid\">\n<div class=\"col-sm-10 partialHeader\">GENERALE<\/div>\n<div class=\"col-sm-24\">\n<div class=\"row attributrow\">\n<div class=\"col-sm-10\">Peso di spedizione<\/div>\n<div class=\"col-sm-14\">73 kg<\/div>\n<\/div>\n<\/div>\n<div class=\"col-sm-24\">\n<div class=\"row attributrow\">\n<div class=\"col-sm-10\">Dimensioni della spedizione<\/div>\n<div class=\"col-sm-14\">66x72x56cm \/ 2 pezzi 25x13x26cm<\/div>\n<\/div>\n<\/div>\n<\/div>\n<div class=\"row-fluid\">\n<div class=\"col-sm-10 partialHeader\">ASSEMBLAGGIO<\/div>\n<div class=\"col-sm-24\">\n<div class=\"row attributrow\">\n<div class=\"col-sm-10\">Tipo<\/div>\n<div class=\"col-sm-14\">Montatura equatoriale motorizzata con encoder Renishaw<\/div>\n<\/div>\n<\/div>\n<div class=\"col-sm-24\">\n<div class=\"row attributrow\">\n<div class=\"col-sm-10\">GoTo<\/div>\n<div class=\"col-sm-14\">S\u00ec<\/div>\n<\/div>\n<\/div>\n<div class=\"col-sm-24\">\n<div class=\"row attributrow\">\n<div class=\"col-sm-10\">Max. Carico utile visivo (kg) <\/div>\n<div class=\"col-sm-14\">50<\/div>\n<\/div>\n<\/div>\n<div class=\"col-sm-24\">\n<div class=\"row attributrow\">\n<div class=\"col-sm-10\">Peso totale del montaggio (kg)<\/div>\n<div class=\"col-sm-14\">48.4<\/div>\n<\/div>\n<\/div>\n<\/div>\n","protected":false},"excerpt":{"rendered":"<p>Grazie per aver visitato Teleskopshop.ch<\/p>\n<p>Siamo lieti di offrirti la <strong>montatura per telescopio Skywatcher EQ8-RH Pro Synscan<\/strong> alle seguenti condizioni.<\/p>\n","protected":false},"featured_media":63479,"comment_status":"closed","ping_status":"closed","template":"","meta":{"_acf_changed":false},"product_brand":[675],"product_cat":[1280,1334,1289],"product_tag":[],"class_list":{"0":"post-63496","1":"product","2":"type-product","3":"status-publish","4":"has-post-thumbnail","6":"product_brand-skywatcher","7":"product_cat-montature","8":"product_cat-montature-equatoriali","9":"product_cat-montature-go-to","11":"first","12":"instock","13":"sale","14":"taxable","15":"shipping-taxable","16":"purchasable","17":"product-type-simple"},"acf":[],"_links":{"self":[{"href":"https:\/\/www.teleskopshop.ch\/it\/wp-json\/wp\/v2\/product\/63496","targetHints":{"allow":["GET"]}}],"collection":[{"href":"https:\/\/www.teleskopshop.ch\/it\/wp-json\/wp\/v2\/product"}],"about":[{"href":"https:\/\/www.teleskopshop.ch\/it\/wp-json\/wp\/v2\/types\/product"}],"replies":[{"embeddable":true,"href":"https:\/\/www.teleskopshop.ch\/it\/wp-json\/wp\/v2\/comments?post=63496"}],"wp:featuredmedia":[{"embeddable":true,"href":"https:\/\/www.teleskopshop.ch\/it\/wp-json\/wp\/v2\/media\/63479"}],"wp:attachment":[{"href":"https:\/\/www.teleskopshop.ch\/it\/wp-json\/wp\/v2\/media?parent=63496"}],"wp:term":[{"taxonomy":"product_brand","embeddable":true,"href":"https:\/\/www.teleskopshop.ch\/it\/wp-json\/wp\/v2\/product_brand?post=63496"},{"taxonomy":"product_cat","embeddable":true,"href":"https:\/\/www.teleskopshop.ch\/it\/wp-json\/wp\/v2\/product_cat?post=63496"},{"taxonomy":"product_tag","embeddable":true,"href":"https:\/\/www.teleskopshop.ch\/it\/wp-json\/wp\/v2\/product_tag?post=63496"}],"curies":[{"name":"wp","href":"https:\/\/api.w.org\/{rel}","templated":true}]}}