{"id":63493,"date":"2025-05-05T11:12:39","date_gmt":"2025-05-05T09:12:39","guid":{"rendered":"https:\/\/www.teleskopshop.ch\/shop\/senza-categoria\/montatura-per-telescopio-skywatcher-eq8-r-pro-synscan-con-treppiede-a-colonna\/"},"modified":"2025-05-05T11:12:39","modified_gmt":"2025-05-05T09:12:39","slug":"montatura-per-telescopio-skywatcher-eq8-r-pro-synscan-con-treppiede-a-colonna","status":"publish","type":"product","link":"https:\/\/www.teleskopshop.ch\/it\/shop\/montature\/montatura-per-telescopio-skywatcher-eq8-r-pro-synscan-con-treppiede-a-colonna\/","title":{"rendered":"Montatura per telescopio Skywatcher EQ8-R Pro Synscan con treppiede a colonna"},"content":{"rendered":"<h2>SKYWATCHER SET DI MONTATURA EQUATORIALE GOTO COMPUTERIZZATA EXTRA PESANTE CON TREPPIEDE A COLONNA<\/h2>\n<p>La nuova montatura Sky-Watcher EQ8-R Pro \u00e8 il grande sviluppo evolutivo della famosa montatura EQ8 Pro. La EQ8-R \u00e8 una montatura equatoriale per osservatorio extra pesante con una capacit\u00e0 di carico fino a 50 kg. Funziona in modo molto silenzioso ed \u00e8 dotata della nota centralina SynScan GoTo con V.5. La montatura \u00e8 in grado di ricercare e seguire automaticamente oltre 42.900 oggetti celesti dal vasto database del computer.    <\/p>\n<p>Il set comprende anche il pesante treppiede a colonna per la montatura EQ8-R, che pu\u00f2 essere livellato con precisione grazie ai supporti in dotazione. Sono inclusi anche due contrappesi da 10 kg ciascuno e la centralina V.5. La montatura pu\u00f2 essere utilizzata anche in modalit\u00e0 wireless con un dongle WiFi disponibile come opzione e l&#8217;app SynScan Pro.   <\/p>\n<p>&nbsp;<\/p>\n<p><strong>La nuova EQ8-R \u00e8 stata ulteriormente sviluppata sotto molti aspetti:<\/strong><\/p>\n<p>&#8211; Passaggio dei cavi interno per evitare il solito caos di cavi<\/p>\n<p>&#8211; Opzioni di connessione migliorate (USB, uscite a 12Volt)<\/p>\n<p>&#8211; Posizionamento ottimizzato dei motori di azionamento per un migliore equilibrio<\/p>\n<p>&#8211; Frizioni migliorate sugli assali per una maggiore forza di tenuta<\/p>\n<p>&#8211; Viti di serraggio migliorate sul morsetto del prisma per un maggiore comfort e una maggiore forza di serraggio<\/p>\n<p>&#8211; Trasmissione a cinghia nell&#8217;asse di declinazione per un funzionamento pi\u00f9 fluido<\/p>\n<p>&nbsp;<\/p>\n<p><strong>**La nuova montatura non \u00e8 pi\u00f9 dotata di encoder Freedom-Find**.<\/strong><\/p>\n<p>&nbsp;<\/p>\n<p><strong>Ambito di consegna:<\/strong><\/p>\n<ul>\n<li>Supporto EQ8-R Pro<\/li>\n<li>SynScan V.5 scatola\/cavo di comando manuale <\/li>\n<li>2 pezzi da 10 kg di contrappesi<\/li>\n<li>Supporto a colonna con supporti regolabili in altezza<\/li>\n<\/ul>\n<p>L&#8217;alimentatore e le batterie non sono inclusi nella fornitura!<\/p>\n<div class=\"row-fluid\">\n<div class=\"col-sm-10 partialHeader\">GENERALE<\/div>\n<div class=\"col-sm-24\">\n<div class=\"row attributrow\">\n<div class=\"col-sm-10\">Peso di spedizione<\/div>\n<div class=\"col-sm-14\">84 kg<\/div>\n<\/div>\n<\/div>\n<div class=\"col-sm-24\">\n<div class=\"row attributrow\">\n<div class=\"col-sm-10\">Dimensioni della spedizione<\/div>\n<div class=\"col-sm-14\">50x50x40cm \/ 2 pezzi 25x13x26cm \/ 99x50x50cm<\/div>\n<\/div>\n<\/div>\n<\/div>\n<div class=\"row-fluid\">\n<div class=\"col-sm-10 partialHeader\">ASSEMBLAGGIO<\/div>\n<div class=\"col-sm-24\">\n<div class=\"row attributrow\">\n<div class=\"col-sm-10\">Tipo<\/div>\n<div class=\"col-sm-14\">Montatura equatoriale motorizzata<\/div>\n<\/div>\n<\/div>\n<div class=\"col-sm-24\">\n<div class=\"row attributrow\">\n<div class=\"col-sm-10\">GoTo<\/div>\n<div class=\"col-sm-14\">S\u00ec<\/div>\n<\/div>\n<\/div>\n<div class=\"col-sm-24\">\n<div class=\"row attributrow\">\n<div class=\"col-sm-10\">Max. Carico utile visivo (kg) <\/div>\n<div class=\"col-sm-14\">50<\/div>\n<\/div>\n<\/div>\n<div class=\"col-sm-24\">\n<div class=\"row attributrow\">\n<div class=\"col-sm-10\">Peso totale del montaggio (kg)<\/div>\n<div class=\"col-sm-14\">77.8<\/div>\n<\/div>\n<\/div>\n<\/div>\n","protected":false},"excerpt":{"rendered":"<p>Grazie per aver visitato Teleskopshop.ch<\/p>\n<div class=\"row-fluid\">\n<div class=\"col-sm-24\">\n<div class=\"row attributrow\">\n<div class=\"col-sm-10\">Siamo lieti di offrirti la <strong>montatura per telescopio Skywatcher EQ8-R Pro Synscan con treppiede a colonna<\/strong> alle seguenti condizioni.<\/div>\n<\/div>\n<\/div>\n<\/div>\n","protected":false},"featured_media":63470,"comment_status":"closed","ping_status":"closed","template":"","meta":{"_acf_changed":false},"product_brand":[675],"product_cat":[1280,1289],"product_tag":[],"class_list":{"0":"post-63493","1":"product","2":"type-product","3":"status-publish","4":"has-post-thumbnail","6":"product_brand-skywatcher","7":"product_cat-montature","8":"product_cat-montature-go-to","10":"first","11":"instock","12":"sale","13":"taxable","14":"shipping-taxable","15":"purchasable","16":"product-type-simple"},"acf":[],"_links":{"self":[{"href":"https:\/\/www.teleskopshop.ch\/it\/wp-json\/wp\/v2\/product\/63493","targetHints":{"allow":["GET"]}}],"collection":[{"href":"https:\/\/www.teleskopshop.ch\/it\/wp-json\/wp\/v2\/product"}],"about":[{"href":"https:\/\/www.teleskopshop.ch\/it\/wp-json\/wp\/v2\/types\/product"}],"replies":[{"embeddable":true,"href":"https:\/\/www.teleskopshop.ch\/it\/wp-json\/wp\/v2\/comments?post=63493"}],"wp:featuredmedia":[{"embeddable":true,"href":"https:\/\/www.teleskopshop.ch\/it\/wp-json\/wp\/v2\/media\/63470"}],"wp:attachment":[{"href":"https:\/\/www.teleskopshop.ch\/it\/wp-json\/wp\/v2\/media?parent=63493"}],"wp:term":[{"taxonomy":"product_brand","embeddable":true,"href":"https:\/\/www.teleskopshop.ch\/it\/wp-json\/wp\/v2\/product_brand?post=63493"},{"taxonomy":"product_cat","embeddable":true,"href":"https:\/\/www.teleskopshop.ch\/it\/wp-json\/wp\/v2\/product_cat?post=63493"},{"taxonomy":"product_tag","embeddable":true,"href":"https:\/\/www.teleskopshop.ch\/it\/wp-json\/wp\/v2\/product_tag?post=63493"}],"curies":[{"name":"wp","href":"https:\/\/api.w.org\/{rel}","templated":true}]}}