{"id":63367,"date":"2025-03-18T12:40:13","date_gmt":"2025-03-18T11:40:13","guid":{"rendered":"https:\/\/www.teleskopshop.ch\/shop\/senza-categoria\/zwo-asi-662mc\/"},"modified":"2025-03-18T12:40:13","modified_gmt":"2025-03-18T11:40:13","slug":"zwo-asi-662mc","status":"publish","type":"product","link":"https:\/\/www.teleskopshop.ch\/it\/shop\/astrofotografia\/macchina-fotografica\/zwo-asi-662mc\/","title":{"rendered":"ZWO ASI 662MC"},"content":{"rendered":"<p class=\"p1\">La ZWO ASI662MC \u00e8 una fotocamera a colori compatta e potente, sviluppata appositamente per l&#8217;astrofotografia. \u00c8 dotata del sensore CMOS Sony IMX662 retroilluminato, che offre una risoluzione di 2,07 megapixel (1920 x 1080) e una dimensione dei pixel di 2,9 \u00b5m. Grazie alla tecnologia STARVIS 2, la fotocamera raggiunge un&#8217;elevata sensibilit\u00e0 con un&#8217;efficienza quantica di circa il 91%, che consente tempi di esposizione brevi.  <span class=\"Apple-converted-space\">  <\/span><\/p>\n<p class=\"p1\">Una caratteristica straordinaria dell&#8217;ASI662MC \u00e8 l&#8217;elevata capacit\u00e0 a pozzetto pieno di 37,8 ke-, tre volte superiore a quella del suo predecessore, l&#8217;IMX462. Ci\u00f2 consente tempi di esposizione pi\u00f9 lunghi e riduce il rischio di sovraesposizione. La fotocamera ha anche un rumore di lettura molto basso, che si attiva automaticamente in modalit\u00e0 HCG ad alto guadagno per massimizzare la gamma dinamica.  <span class=\"Apple-converted-space\">  <\/span><\/p>\n<p class=\"p1\">L&#8217;ASI662MC \u00e8 versatile ed \u00e8 ideale per la fotografia planetaria dettagliata, per catturare dettagli della luna e del sole (con un filtro adatto) e per fotografare oggetti deep-sky pi\u00f9 luminosi come nebulose e ammassi stellari. Con una frequenza di fotogrammi fino a 107,6 fotogrammi al secondo alla massima risoluzione, consente anche osservazioni in tempo reale e l&#8217;astronomia assistita elettronicamente (EAA). <span class=\"Apple-converted-space\">  <\/span><\/p>\n<p class=\"p1\">Un altro vantaggio dell&#8217;ASI662MC \u00e8 l&#8217;assenza di bagliore dell&#8217;amplificatore zero, indipendentemente dal tempo di esposizione e dai valori di guadagno. Questo si traduce in immagini pi\u00f9 chiare e meno rumorose. La telecamera \u00e8 dotata di una porta USB 3.0 per il trasferimento veloce dei dati e di una porta per autoguida ST-4, il che significa che pu\u00f2 essere utilizzata anche come telecamera per autoguida.  <span class=\"Apple-converted-space\">  <\/span><\/p>\n<p class=\"p1\">Oltre alla ASI662MC stessa, la fotocamera viene fornita con un adattatore da 1,25 pollici, un cavo USB 3.0, un cavo ST-4 e una lente a grande campo. Con un peso di soli 126 grammi, \u00e8 anche leggera e non mette a dura prova il focheggiatore. <span class=\"Apple-converted-space\">  <\/span><\/p>\n<p class=\"p1\">Nel complesso, la ZWO ASI662MC \u00e8 una scelta eccellente per gli astrofotografi che cercano una fotocamera potente, versatile e facile da usare per catturare gli oggetti celesti.<\/p>\n<header class=\"cs-product-details__headline\" data-role=\"title\">\n<h2 class=\"cs-product-details__headline-title\">DETTAGLI<\/h2>\n<\/header>\n<div class=\"cs-product-details__content\" data-role=\"content\">\n<div class=\"cs-product-details-main\">\n<div class=\"cs-product-details-main__column cs-product-details-main__column--left\">\n<section id=\"description\" class=\"cs-product-details-main__item cs-product-details-main__item--description \">\n<div class=\"cs-product-details-main__content\" data-role=\"content\">\n<div class=\"product attribute description\">\n<div class=\"value\">\n<div><img decoding=\"async\" src=\"https:\/\/login01.myfactory.cloud\/FotoZumstein\/CustomUpload\/374O357O340O370O356O369O350O335O359O366O371O366O341O360O370O360O366O365O345O372O364O370O371O356O360O365O320O326O\/Bildschirmfoto_2022-06-15_um_09_12_14_Kopie.png?dp=1&amp;DocumentID=1245580&amp;DocMail=-1\"><\/div>\n<div>\n<ul>\n<li>Fotocamera a colori<\/li>\n<li>2,07 milioni di pixel<\/li>\n<li>Pixel da 2,9 \u00b5m<\/li>\n<li>107,6 fotogrammi al secondo<\/li>\n<li>Comportamento acustico molto basso<\/li>\n<\/ul>\n<\/div>\n<\/div>\n<\/div>\n<\/div>\n<\/section>\n<\/div>\n<\/div>\n<\/div>\n","protected":false},"excerpt":{"rendered":"<p class=\"p1\">La ZWO ASI 662MC \u00e8 una fotocamera a colori ad alta sensibilit\u00e0 con sensore Sony IMX662, basso rumore ed elevata capacit\u00e0 di riempimento, ideale per la fotografia planetaria e lunare.<\/p>\n","protected":false},"featured_media":63309,"comment_status":"closed","ping_status":"closed","template":"","meta":{"_acf_changed":false},"product_brand":[1788],"product_cat":[1655,1712,1715],"product_tag":[],"class_list":{"0":"post-63367","1":"product","2":"type-product","3":"status-publish","4":"has-post-thumbnail","6":"product_brand-zwo-asi","7":"product_cat-astronomia-accessori-it","8":"product_cat-astrofotografia","9":"product_cat-macchina-fotografica","11":"first","12":"instock","13":"taxable","14":"shipping-taxable","15":"purchasable","16":"product-type-simple"},"acf":[],"_links":{"self":[{"href":"https:\/\/www.teleskopshop.ch\/it\/wp-json\/wp\/v2\/product\/63367","targetHints":{"allow":["GET"]}}],"collection":[{"href":"https:\/\/www.teleskopshop.ch\/it\/wp-json\/wp\/v2\/product"}],"about":[{"href":"https:\/\/www.teleskopshop.ch\/it\/wp-json\/wp\/v2\/types\/product"}],"replies":[{"embeddable":true,"href":"https:\/\/www.teleskopshop.ch\/it\/wp-json\/wp\/v2\/comments?post=63367"}],"wp:featuredmedia":[{"embeddable":true,"href":"https:\/\/www.teleskopshop.ch\/it\/wp-json\/wp\/v2\/media\/63309"}],"wp:attachment":[{"href":"https:\/\/www.teleskopshop.ch\/it\/wp-json\/wp\/v2\/media?parent=63367"}],"wp:term":[{"taxonomy":"product_brand","embeddable":true,"href":"https:\/\/www.teleskopshop.ch\/it\/wp-json\/wp\/v2\/product_brand?post=63367"},{"taxonomy":"product_cat","embeddable":true,"href":"https:\/\/www.teleskopshop.ch\/it\/wp-json\/wp\/v2\/product_cat?post=63367"},{"taxonomy":"product_tag","embeddable":true,"href":"https:\/\/www.teleskopshop.ch\/it\/wp-json\/wp\/v2\/product_tag?post=63367"}],"curies":[{"name":"wp","href":"https:\/\/api.w.org\/{rel}","templated":true}]}}