{"id":63364,"date":"2025-03-18T10:54:00","date_gmt":"2025-03-18T09:54:00","guid":{"rendered":"https:\/\/www.teleskopshop.ch\/shop\/senza-categoria\/zwo-asi-2600mc-air\/"},"modified":"2025-03-18T10:54:00","modified_gmt":"2025-03-18T09:54:00","slug":"zwo-asi-2600mc-air","status":"publish","type":"product","link":"https:\/\/www.teleskopshop.ch\/it\/shop\/astrofotografia\/macchina-fotografica\/zwo-asi-2600mc-air\/","title":{"rendered":"ZWO ASI 2600MC-Air"},"content":{"rendered":"<div>\n<div>ZWO ASI 2600MC-Air<br \/>\nAstrocamera con chip APS-C<\/div>\n<div><img decoding=\"async\" src=\"https:\/\/login01.myfactory.cloud\/FotoZumstein\/CustomUpload\/374O357O340O370O356O369O350O335O359O366O371O366O341O360O370O360O366O365O345O372O364O370O371O356O360O365O320O326O\/154.jpg?dp=1&amp;DocumentID=1775265&amp;DocMail=-1\"><\/div>\n<div><\/div>\n<div><strong>Sensore principale<\/strong><\/div>\n<div>Il sensore principale IMX571 ha un formato APS-C e 26MP. Le dimensioni sono 23,5 mm di larghezza x 15,7 mm di altezza e la diagonale \u00e8 di 28,3 mm. Le dimensioni ridotte dei pixel (3,76um x 3,76um) consentono di ottenere un&#8217;impressionante profondit\u00e0 d&#8217;immagine di 50ke. Con la nuova tecnologia hardware, si pu\u00f2 arrivare fino a 73ke.  <\/div>\n<div><\/div>\n<div><img decoding=\"async\" src=\"https:\/\/login01.myfactory.cloud\/FotoZumstein\/CustomUpload\/374O357O340O370O356O369O350O335O359O366O371O366O341O360O370O360O366O365O345O372O364O370O371O356O360O365O320O326O\/151.jpg?dp=1&amp;DocumentID=1775197&amp;DocMail=-1\"><\/div>\n<\/div>\n<div><\/div>\n<div><\/div>\n<div>\n<div><strong>Sensore guida<\/strong><\/div>\n<div>Il sensore SC2210 della mini telecamera ASI220MM \u00e8 caratterizzato da una sensibilit\u00e0 molto elevata. Il valore QE di picco raggiunge il 92% a 500nm. Il rumore di lettura \u00e8 di soli 0,6e. Essendo un sensore di guida di nuova generazione, ha ottenuto ottimi risultati nella guida, come dimostrato da centinaia di astrofotografi.   <\/div>\n<div><\/div>\n<div><img decoding=\"async\" src=\"https:\/\/login01.myfactory.cloud\/FotoZumstein\/CustomUpload\/374O357O340O370O356O369O350O335O359O366O371O366O341O360O370O360O366O365O345O372O364O370O371O356O360O365O320O326O\/152.jpg?dp=1&amp;DocumentID=1775199&amp;DocMail=-1\"><\/div>\n<div><\/div>\n<div>\n<p>&nbsp;<\/p>\n<p><b>Vai oltre con il sistema sviluppato in proprio da ZWO<\/b><\/p>\n<p>Grazie alle tecnologie brevettate da ZWO, il nostro sistema garantisce prestazioni astrofotografiche stabili. I continui aggiornamenti dell&#8217;app mantengono il tuo dispositivo aggiornato con le ultime funzioni, migliorano la tua esperienza d&#8217;uso e ampliano le tue possibilit\u00e0. <\/p>\n<p><img decoding=\"async\" src=\"https:\/\/login01.myfactory.cloud\/FotoZumstein\/CustomUpload\/374O357O340O370O356O369O350O335O359O366O371O366O341O360O370O360O366O365O345O372O364O370O371O356O360O365O320O326O\/153.jpg?dp=1&amp;DocumentID=1775245&amp;DocMail=-1\"><\/p>\n<p>&nbsp;<\/p>\n<p><b>Controllo completo di tutto il tuo impianto con la punta delle dita<\/b><\/p>\n<p>Con l&#8217;App ASIAIR Smart puoi controllare facilmente l&#8217;inseguimento, l&#8217;imaging, la montatura e il focheggiatore elettronico, tutto dal tuo smartphone. L&#8217;app supporta diverse modalit\u00e0 di ripresa, in modo che anche i principianti possano imparare rapidamente e realizzare immagini di qualit\u00e0 professionale. <\/p>\n<p><b>Post-elaborazione e condivisione istantanea<\/b><\/p>\n<p>Il Live Stack \u00e8 supportato durante la sessione di registrazione. Puoi anche regolare la luminosit\u00e0, il contrasto e altre impostazioni dell&#8217;immagine finale. Puoi condividere immediatamente i tuoi capolavori sulle piattaforme dei social media e nelle comunit\u00e0 astronomiche per dare risalto al tuo lavoro.  <\/p>\n<ul>\n<li>Sensore APS-C: 26 MP, ADC a 16 bit, nessun bagliore di amplificazione<\/li>\n<li>256 GB di memoria eMMC<\/li>\n<li>2 GB di memoria DDR<\/li>\n<li>Wi-Fi a doppia banda 5G\/2.4G<\/li>\n<li>Interfacce multiple: USB 2.0, DC 12V 10A, Tipo-C<\/li>\n<li>Alta velocit\u00e0 di trasferimento dati: 138 MB\/s in lettura, 112 MB\/s in scrittura<\/li>\n<li>Impilamento intelligente in diretta<\/li>\n<li>Modulo Bluetooth integrato per la connessione wireless con AM3\/AM5<\/li>\n<\/ul>\n<\/div>\n<\/div>\n","protected":false},"excerpt":{"rendered":"<p>ZWO ASI 2600MC-Air astrocamera con chip di guida<\/p>\n","protected":false},"featured_media":63287,"comment_status":"closed","ping_status":"closed","template":"","meta":{"_acf_changed":false},"product_brand":[1788],"product_cat":[1655,1712,1715],"product_tag":[],"class_list":{"0":"post-63364","1":"product","2":"type-product","3":"status-publish","4":"has-post-thumbnail","6":"product_brand-zwo-asi","7":"product_cat-astronomia-accessori-it","8":"product_cat-astrofotografia","9":"product_cat-macchina-fotografica","11":"first","12":"instock","13":"taxable","14":"shipping-taxable","15":"purchasable","16":"product-type-simple"},"acf":[],"_links":{"self":[{"href":"https:\/\/www.teleskopshop.ch\/it\/wp-json\/wp\/v2\/product\/63364","targetHints":{"allow":["GET"]}}],"collection":[{"href":"https:\/\/www.teleskopshop.ch\/it\/wp-json\/wp\/v2\/product"}],"about":[{"href":"https:\/\/www.teleskopshop.ch\/it\/wp-json\/wp\/v2\/types\/product"}],"replies":[{"embeddable":true,"href":"https:\/\/www.teleskopshop.ch\/it\/wp-json\/wp\/v2\/comments?post=63364"}],"wp:featuredmedia":[{"embeddable":true,"href":"https:\/\/www.teleskopshop.ch\/it\/wp-json\/wp\/v2\/media\/63287"}],"wp:attachment":[{"href":"https:\/\/www.teleskopshop.ch\/it\/wp-json\/wp\/v2\/media?parent=63364"}],"wp:term":[{"taxonomy":"product_brand","embeddable":true,"href":"https:\/\/www.teleskopshop.ch\/it\/wp-json\/wp\/v2\/product_brand?post=63364"},{"taxonomy":"product_cat","embeddable":true,"href":"https:\/\/www.teleskopshop.ch\/it\/wp-json\/wp\/v2\/product_cat?post=63364"},{"taxonomy":"product_tag","embeddable":true,"href":"https:\/\/www.teleskopshop.ch\/it\/wp-json\/wp\/v2\/product_tag?post=63364"}],"curies":[{"name":"wp","href":"https:\/\/api.w.org\/{rel}","templated":true}]}}