{"id":63359,"date":"2025-03-18T11:21:44","date_gmt":"2025-03-18T10:21:44","guid":{"rendered":"https:\/\/www.teleskopshop.ch\/shop\/senza-categoria\/zwo-asi-585mc-pro\/"},"modified":"2025-03-18T11:21:44","modified_gmt":"2025-03-18T10:21:44","slug":"zwo-asi-585mc-pro","status":"publish","type":"product","link":"https:\/\/www.teleskopshop.ch\/it\/shop\/astrofotografia\/macchina-fotografica\/zwo-asi-585mc-pro\/","title":{"rendered":"ZWO ASI 585MC Pro"},"content":{"rendered":"<p>ZWO ASI 585MC Pro<\/p>\n<div>\n<div>La ASI585MC Pro \u00e8 la nuova fotocamera deep-sky di ZWO basata sul sensore CMOS SONY 4k con formato 1\/1,2\u2033 e pixel da 2,9\u03bcm. Ha una sensibilit\u00e0 elevatissima e un&#8217;alta risoluzione di 3840*2160 (8,29MP in totale). Si distingue anche per l&#8217;elevata velocit\u00e0 di trasferimento: in modalit\u00e0 ad alta velocit\u00e0, il frame rate pu\u00f2 raggiungere i 47 fotogrammi al secondo a piena risoluzione!  <\/div>\n<div>Come telecamera DSO entry-level, offre il grande vantaggio di un&#8217;elevata efficienza dei costi.<\/div>\n<div><\/div>\n<\/div>\n<div><img decoding=\"async\" src=\"https:\/\/login01.myfactory.cloud\/FotoZumstein\/CustomUpload\/374O357O340O370O356O369O350O335O359O366O371O366O341O360O370O360O366O365O345O372O364O370O371O356O360O365O320O326O\/41.jpg?dp=1&amp;DocumentID=1671024&amp;DocMail=-1\"><\/div>\n<div><\/div>\n<div><strong>Una fotocamera per tutto<\/strong><\/div>\n<div>Grazie alla tecnologia STARVIS 2, la ASI585MC Pro offre prestazioni di imaging ancora migliori rispetto alle altre fotocamere raffreddate. La sua elevata frequenza di fotogrammi la rende adatta non solo alla fotografia di DSO, ma anche a quella solare, lunare e planetaria. <\/div>\n<div><\/div>\n<div><img decoding=\"async\" src=\"https:\/\/login01.myfactory.cloud\/FotoZumstein\/CustomUpload\/374O357O340O370O356O369O350O335O359O366O371O366O341O360O370O360O366O365O345O372O364O370O371O356O360O365O320O326O\/44.jpg?dp=1&amp;DocumentID=1671025&amp;DocMail=-1\"><\/div>\n<div><\/div>\n<div><\/div>\n<div>\n<div><strong>Grande capacit\u00e0 del pozzo pieno<\/strong><\/div>\n<div>La struttura retroilluminata migliora la capacit\u00e0 di riempimento della fotocamera. Anche con i pixel da 2,9\u03bcm non selezionati, l&#8217;ASI585MC Pro ha una capacit\u00e0 di riempimento di 40ke-, quasi tre volte superiore a quella del sensore IMX485 di ultima generazione. Una maggiore capacit\u00e0 di riempimento conferisce alla fotocamera una maggiore efficienza di raccolta della luce, pu\u00f2 prevenire efficacemente la sovraesposizione dell&#8217;area di evidenziazione e migliorare il rapporto segnale\/rumore.  <\/div>\n<div><\/div>\n<div><\/div>\n<div><strong>Bagliore a zero ampere<\/strong><\/div>\n<div>L&#8217;ASI585MC Pro mostra immagini scure estremamente pulite senza il bagliore dell&#8217;amplificatore! Indipendentemente dalla durata dell&#8217;esposizione e dal valore di guadagno, potrai ottenere facilmente immagini astro pulite e uniformi! <\/div>\n<div>Nota: questa funzione \u00e8 implementata direttamente a livello hardware e non richiede il controllo del software.<\/div>\n<div><\/div>\n<div>\n<div><strong>Raffreddamento TEC a due stadi<\/strong><\/div>\n<div>Grazie al raffreddamento TEC a due stadi, la ASI585MC Pro \u00e8 in grado di ridurre la temperatura del sensore CMOS a oltre 35 gradi Celsius al di sotto della temperatura ambiente, riducendo in modo significativo la generazione di corrente oscura e il rumore del sensore anche con tempi di esposizione pi\u00f9 lunghi.<\/div>\n<div><\/div>\n<div>*Il Delta T 35\u2103 \u00e8 stato testato a una temperatura ambiente di 30\u2103. Pu\u00f2 diminuire se il sistema di raffreddamento \u00e8 in funzione per un periodo di tempo pi\u00f9 lungo. Quando la temperatura ambiente si abbassa, anche il delta T diminuisce.  <\/div>\n<div><\/div>\n<div>\n<div><strong>Basso rumore di lettura, elevata gamma dinamica<\/strong><\/div>\n<div><\/div>\n<div>La telecamera \u00e8 dotata di una modalit\u00e0 HCG integrata, che pu\u00f2 ridurre efficacemente il rumore di lettura ad alto guadagno e consente alla telecamera di mantenere la stessa elevata gamma dinamica di quella a basso guadagno.<\/div>\n<div><\/div>\n<div>Quando il guadagno raggiunge 252, la modalit\u00e0 HCG viene attivata automaticamente e la gamma dinamica raggiunge un valore prossimo agli 11 bit. In questo caso, il rumore di lettura pu\u00f2 arrivare a 0,7e. <\/div>\n<div><\/div>\n<div><img decoding=\"async\" src=\"https:\/\/login01.myfactory.cloud\/FotoZumstein\/CustomUpload\/374O357O340O370O356O369O350O335O359O366O371O366O341O360O370O360O366O365O345O372O364O370O371O356O360O365O320O326O\/42.jpg?dp=1&amp;DocumentID=1671026&amp;DocMail=-1\"><\/div>\n<\/div>\n<div>\n<ul>\n<li>Sensore a colori Sony IMX585<\/li>\n<li>8,29 MP<\/li>\n<li>Sensore 11,2&#215;6,3 mm<\/li>\n<li>47 fotogrammi al secondo<\/li>\n<li>Dimensione dei pixel di 2,9um<\/li>\n<\/ul>\n<\/div>\n<\/div>\n<\/div>\n","protected":false},"excerpt":{"rendered":"<p class=\"p1\">La ZWO ASI585MC Pro \u00e8 una fotocamera a colori raffreddata con un sensore Sony IMX585, alta sensibilit\u00e0 e basso rumore. \u00c8 adatta alla fotografia deep-sky e planetaria grazie all&#8217;USB 3.0 e al raffreddamento Peltier. <\/p>\n","protected":false},"featured_media":63292,"comment_status":"closed","ping_status":"closed","template":"","meta":{"_acf_changed":false},"product_brand":[1788],"product_cat":[1655,1712,1715],"product_tag":[],"class_list":{"0":"post-63359","1":"product","2":"type-product","3":"status-publish","4":"has-post-thumbnail","6":"product_brand-zwo-asi","7":"product_cat-astronomia-accessori-it","8":"product_cat-astrofotografia","9":"product_cat-macchina-fotografica","11":"first","12":"instock","13":"taxable","14":"shipping-taxable","15":"purchasable","16":"product-type-simple"},"acf":[],"_links":{"self":[{"href":"https:\/\/www.teleskopshop.ch\/it\/wp-json\/wp\/v2\/product\/63359","targetHints":{"allow":["GET"]}}],"collection":[{"href":"https:\/\/www.teleskopshop.ch\/it\/wp-json\/wp\/v2\/product"}],"about":[{"href":"https:\/\/www.teleskopshop.ch\/it\/wp-json\/wp\/v2\/types\/product"}],"replies":[{"embeddable":true,"href":"https:\/\/www.teleskopshop.ch\/it\/wp-json\/wp\/v2\/comments?post=63359"}],"wp:featuredmedia":[{"embeddable":true,"href":"https:\/\/www.teleskopshop.ch\/it\/wp-json\/wp\/v2\/media\/63292"}],"wp:attachment":[{"href":"https:\/\/www.teleskopshop.ch\/it\/wp-json\/wp\/v2\/media?parent=63359"}],"wp:term":[{"taxonomy":"product_brand","embeddable":true,"href":"https:\/\/www.teleskopshop.ch\/it\/wp-json\/wp\/v2\/product_brand?post=63359"},{"taxonomy":"product_cat","embeddable":true,"href":"https:\/\/www.teleskopshop.ch\/it\/wp-json\/wp\/v2\/product_cat?post=63359"},{"taxonomy":"product_tag","embeddable":true,"href":"https:\/\/www.teleskopshop.ch\/it\/wp-json\/wp\/v2\/product_tag?post=63359"}],"curies":[{"name":"wp","href":"https:\/\/api.w.org\/{rel}","templated":true}]}}