{"id":63352,"date":"2025-03-07T15:51:06","date_gmt":"2025-03-07T14:51:06","guid":{"rendered":"https:\/\/www.teleskopshop.ch\/shop\/senza-categoria\/heritage-150p-flextube-virtuoso-gti\/"},"modified":"2025-03-07T15:51:06","modified_gmt":"2025-03-07T14:51:06","slug":"heritage-150p-flextube-virtuoso-gti","status":"publish","type":"product","link":"https:\/\/www.teleskopshop.ch\/it\/shop\/ottica\/heritage-150p-flextube-virtuoso-gti\/","title":{"rendered":"Heritage-150P Flextube Virtuoso GTi"},"content":{"rendered":"<h2>TELESCOPIO DA TAVOLO GOTO DOBSON WIFI DA 150 MM (6&#8243;) F\/5 CON SPECCHIO PARABOLICO<\/h2>\n<p>La montatura Sky-Watcher HERITAGE-150P (VIRTUOSO GTi), facilmente trasportabile, \u00e8 stata sviluppata appositamente per essere utilizzata senza fili tramite WiFi con il tuo smartphone o tablet utilizzando l&#8217;applicazione gratuita SynScan per iOS o Android. La montatura Virtuoso GTi, con il suo modulo WiFi integrato, crea una propria rete WiFi in modo che la montatura possa essere utilizzata ovunque senza dover accedere a un&#8217;altra rete WiFi o a una rete mobile. Una volta inserite le coordinate nell&#8217;app e completata una semplice procedura di allineamento, sei pronto a esplorare l&#8217;universo utilizzando gli intuitivi menu touchscreen dell&#8217;app.  <\/p>\n<p>Il Virtuoso GTi e l&#8217;applicazione SynScan formano un sistema di controllo GoTo completamente computerizzato che permette di allineare automaticamente il telescopio a qualsiasi oggetto presente nell&#8217;ampio database dell&#8217;applicazione con oltre 10.000 oggetti celesti. Il telescopio contiene la tecnologia brevettata Sky-Watcher Freedom-Find\u2122 a doppio encoder, che consente di spostare manualmente il telescopio senza perdere le informazioni sulla posizione precedentemente memorizzate. Ci\u00f2 consente un&#8217;osservazione pi\u00f9 comoda, flessibile e semplice.  <\/p>\n<p>\u00c8 stato utilizzato lo stesso specchio primario parabolico di alta qualit\u00e0 dei collaudati telescopi Explorer-150P, rendendo l&#8217;Heritage-150P un eccellente e potente telescopio universale che permette di effettuare meravigliose osservazioni della Luna e dei pianeti, oltre che degli oggetti deep-sky.<\/p>\n<p>Il sistema FlexTube\u2122, brevettato e pieghevole, \u00e8 stato creato per garantire un comodo trasporto e una facile conservazione del telescopio. \u00c8 stato progettato per essere utilizzato comodamente su un tavolo, ma \u00e8 anche dotato di una filettatura fotografica standard da 3\/8&#8243; nella parte inferiore per essere utilizzato su un treppiede esistente. Tuttavia, puoi anche utilizzare il nostro treppiede Sky-Watcher AZ5 in acciaio inossidabile (n. 20316), ad esempio. Entrambe le parti del telescopio possono essere utilizzate anche separatamente. Ad esempio, puoi utilizzare il tubo del telescopio con la barra a coda di rondine su una montatura equatoriale oppure puoi collegare un altro telescopio alla montatura Virtuoso.    <\/p>\n<p>Questo telescopio \u00e8 quindi particolarmente adatto per i viaggi. Grazie al suo funzionamento semplice e alle sue elevate prestazioni, \u00e8 molto adatto anche ai gruppi di giovani o alle scuole, ad esempio. L&#8217;Heritage-150P Virtuoso GTi \u00e8 quindi un telescopio particolarmente versatile.  <\/p>\n<p><strong>Ambito di consegna:<\/strong><\/p>\n<ul>\n<li>Telescopio newtoniano da 150 mm<\/li>\n<li>Montaggio Virtuoso\u2122 GTi<\/li>\n<li>Mirino illuminato<\/li>\n<li>Oculari: 10 mm e 25 mm<\/li>\n<li>Scatola regalo<\/li>\n<li>Riflettore parabolico e riflettore secondario con rivestimento Radiant\u2122 Aluminium Quartz (RAQ\u2122), con una riflettivit\u00e0 fino al 94% e una durata e stabilit\u00e0 a lungo termine ottimali.<\/li>\n<\/ul>\n<p>&nbsp;<\/p>\n<p><img decoding=\"async\" src=\"https:\/\/www.opticalvision.de\/fileadmin\/_processed_\/8\/7\/csm_RAQLogo_3afca0bcf4.jpg\" width=\"200\" height=\"133\"><\/p>\n<p>L&#8217;alimentatore e le batterie non sono inclusi nella fornitura!<\/p>\n","protected":false},"excerpt":{"rendered":"<p>Piccolo e pratico telescopio da tavolo che pu\u00f2 essere facilmente controllato con un telefono cellulare. Ideale per il cielo profondo ma anche per i pianeti e la luna. <\/p>\n","protected":false},"featured_media":63249,"comment_status":"closed","ping_status":"closed","template":"","meta":{"_acf_changed":false},"product_brand":[675],"product_cat":[1340,1568,1577],"product_tag":[],"class_list":{"0":"post-63352","1":"product","2":"type-product","3":"status-publish","4":"has-post-thumbnail","6":"product_brand-skywatcher","7":"product_cat-ottica","8":"product_cat-telescopi","9":"product_cat-telescopio-per-principianti","11":"first","12":"instock","13":"sale","14":"taxable","15":"shipping-taxable","16":"purchasable","17":"product-type-simple"},"acf":[],"_links":{"self":[{"href":"https:\/\/www.teleskopshop.ch\/it\/wp-json\/wp\/v2\/product\/63352","targetHints":{"allow":["GET"]}}],"collection":[{"href":"https:\/\/www.teleskopshop.ch\/it\/wp-json\/wp\/v2\/product"}],"about":[{"href":"https:\/\/www.teleskopshop.ch\/it\/wp-json\/wp\/v2\/types\/product"}],"replies":[{"embeddable":true,"href":"https:\/\/www.teleskopshop.ch\/it\/wp-json\/wp\/v2\/comments?post=63352"}],"wp:featuredmedia":[{"embeddable":true,"href":"https:\/\/www.teleskopshop.ch\/it\/wp-json\/wp\/v2\/media\/63249"}],"wp:attachment":[{"href":"https:\/\/www.teleskopshop.ch\/it\/wp-json\/wp\/v2\/media?parent=63352"}],"wp:term":[{"taxonomy":"product_brand","embeddable":true,"href":"https:\/\/www.teleskopshop.ch\/it\/wp-json\/wp\/v2\/product_brand?post=63352"},{"taxonomy":"product_cat","embeddable":true,"href":"https:\/\/www.teleskopshop.ch\/it\/wp-json\/wp\/v2\/product_cat?post=63352"},{"taxonomy":"product_tag","embeddable":true,"href":"https:\/\/www.teleskopshop.ch\/it\/wp-json\/wp\/v2\/product_tag?post=63352"}],"curies":[{"name":"wp","href":"https:\/\/api.w.org\/{rel}","templated":true}]}}