{"id":62816,"date":"2022-05-07T00:00:00","date_gmt":"2022-05-06T22:00:00","guid":{"rendered":"https:\/\/2025.teleskopshop.ch\/shop\/senza-categoria\/celestron-skyportal-wifi-adapter\/"},"modified":"2025-01-25T13:28:07","modified_gmt":"2025-01-25T12:28:07","slug":"celestron-skyportal-wifi-adapter","status":"publish","type":"product","link":"https:\/\/www.teleskopshop.ch\/it\/shop\/astronomia-accessori-it\/adattatori\/smartphone-adapter-it\/celestron-skyportal-wifi-adapter\/","title":{"rendered":"Adattatore WiFi Celestron Sky Portal"},"content":{"rendered":"<p>Il modulo WLAN SkyPortal consente il controllo wireless di quasi tutti i telescopi Celestron GOTO con l&#8217;app per iPhone\/iPad disponibile come optional &#8220;SkyPortal&#8221;. In questa app (un programma completo di planetario) puoi toccare un obiettivo da osservare sulla mappa stellare o in un elenco e il telescopio si sposter\u00e0 automaticamente su di esso. Il telescopio pu\u00f2 essere utilizzato anche senza controller manuale, anche l&#8217;allineamento \u00e8 possibile tramite SkyPortal! Puoi anche indirizzare il tuo adattatore SkyQ con il nuovo software Celestron SkyPortal. SkyPortal \u00e8 un vero e proprio programma planetario: alza lo smartphone verso il cielo e vedrai quali oggetti hai impostato sulla mappa; oppure cerca un oggetto e verrai indirizzato l\u00ec. Dopo che SkyPortal si \u00e8 connesso al tuo telescopio tramite il modulo WiFi e l&#8217;allineamento \u00e8 stato eseguito, puoi controllarlo comodamente tramite il tuo smartphone come al solito. Il software \u00e8 basato su SkySafari ed \u00e8 disponibile gratuitamente per iOS (nell&#8217;App Store) e Android (nel Play Store). Anche le versioni di SkySafari 4.x e successive con controllo del telescopio ora supportano l&#8217;adattatore SkyPortal. Compatibile con i seguenti supporti Celestron: Advanced VX, CG-5 (con CG-5 Aux. splitter), CGX, CGX-L, CPC, CPC DX, CGE, CGE Pro, CGEM, CGEM DX, CGEM II, LCM, NexStar GT (modelli dal 2015 con splitter ausiliario, articolo 93919), NexStar SE Series, NexStar SLT, SkyProdigy. SkyPortal non \u00e8 compatibile con supporti precedenti come NexStar i e NexStar GPS<\/p>\n","protected":false},"excerpt":{"rendered":"<p>Il modulo WLAN SkyPortal consente il controllo wireless di quasi tutti i telescopi Celestron GOTO con l&#8217;app per iPhone\/iPad disponibile come optional &#8220;SkyPortal&#8221;. In questa app (un programma completo di planetario) puoi toccare un obiettivo da osservare sulla mappa stellare o in un elenco e il telescopio si sposter\u00e0 automaticamente su di esso. Il telescopio [&hellip;]<\/p>\n","protected":false},"featured_media":2471,"comment_status":"closed","ping_status":"open","template":"","meta":{"_acf_changed":false},"product_brand":[674],"product_cat":[1655,1658,1712,1716,1692],"product_tag":[],"class_list":{"0":"post-62816","1":"product","2":"type-product","3":"status-publish","4":"has-post-thumbnail","6":"product_brand-celestron","7":"product_cat-astronomia-accessori-it","8":"product_cat-adattatori","9":"product_cat-astrofotografia","10":"product_cat-astro-smartphone-adapter-it","11":"product_cat-smartphone-adapter-it","13":"first","14":"instock","15":"taxable","16":"shipping-taxable","17":"purchasable","18":"product-type-simple"},"acf":[],"_links":{"self":[{"href":"https:\/\/www.teleskopshop.ch\/it\/wp-json\/wp\/v2\/product\/62816","targetHints":{"allow":["GET"]}}],"collection":[{"href":"https:\/\/www.teleskopshop.ch\/it\/wp-json\/wp\/v2\/product"}],"about":[{"href":"https:\/\/www.teleskopshop.ch\/it\/wp-json\/wp\/v2\/types\/product"}],"replies":[{"embeddable":true,"href":"https:\/\/www.teleskopshop.ch\/it\/wp-json\/wp\/v2\/comments?post=62816"}],"wp:featuredmedia":[{"embeddable":true,"href":"https:\/\/www.teleskopshop.ch\/it\/wp-json\/wp\/v2\/media\/2471"}],"wp:attachment":[{"href":"https:\/\/www.teleskopshop.ch\/it\/wp-json\/wp\/v2\/media?parent=62816"}],"wp:term":[{"taxonomy":"product_brand","embeddable":true,"href":"https:\/\/www.teleskopshop.ch\/it\/wp-json\/wp\/v2\/product_brand?post=62816"},{"taxonomy":"product_cat","embeddable":true,"href":"https:\/\/www.teleskopshop.ch\/it\/wp-json\/wp\/v2\/product_cat?post=62816"},{"taxonomy":"product_tag","embeddable":true,"href":"https:\/\/www.teleskopshop.ch\/it\/wp-json\/wp\/v2\/product_tag?post=62816"}],"curies":[{"name":"wp","href":"https:\/\/api.w.org\/{rel}","templated":true}]}}