{"id":62804,"date":"2022-05-09T00:00:00","date_gmt":"2022-05-08T22:00:00","guid":{"rendered":"https:\/\/2025.teleskopshop.ch\/shop\/senza-categoria\/skywatcher-star-discovery-wifi-az-goto-montierung-mit-stativ\/"},"modified":"2025-01-25T13:28:06","modified_gmt":"2025-01-25T12:28:06","slug":"skywatcher-star-discovery-wifi-az-goto-montierung-mit-stativ","status":"publish","type":"product","link":"https:\/\/www.teleskopshop.ch\/it\/shop\/montature\/montature-go-to\/skywatcher-star-discovery-wifi-az-goto-montierung-mit-stativ\/","title":{"rendered":"Skywatcher Star Discovery WIFI AZ Supporto GoTo con treppiede"},"content":{"rendered":"<p>La montatura Skywatcher Star Discovery facilmente trasportabile e azimutale con modulo WIFI SynScan\u2122 \u00e8 stata progettata per un comodo controllo wireless con il tuo smartphone o tablet Android o iOS con l&#8217;app gratuita SynScan. Il modulo WIFI incluso crea la propria rete WIFI, quindi il supporto pu\u00f2 essere utilizzato ovunque, anche senza un&#8217;altra rete WIFI esistente. Dopo aver inserito le coordinate nell&#8217;app e aver eseguito la semplice procedura di allineamento, sei pronto per esplorare l&#8217;universo utilizzando l&#8217;intuitivo menu touchscreen dell&#8217;app. L&#8217;app SynScan consente il controllo completamente computerizzato GoTo della montatura e guida automaticamente il telescopio verso qualsiasi oggetto selezionato dall&#8217;ampio database dell&#8217;app di oltre 10.000 oggetti. La montatura \u00e8 dotata della tecnologia a doppio codificatore Freedom-Find\u2122 brevettata da Skywatcher, che consente alla montatura di essere spostata liberamente a mano senza perdere posizione e dati di allineamento. Questo ti d\u00e0 un&#8217;enorme libert\u00e0 e ulteriore comodit\u00e0 e flessibilit\u00e0 durante le tue osservazioni. Il supporto funziona in modo molto silenzioso e ha un carico utile massimo di 5 kg. I telescopi possono essere fissati utilizzando una barra a coda di rondine standard Skywatcher \/ Vixen. Equipaggiamento: Star Discovery AZ GoTo Montatura azimutale GoTo con tracking in entrambi gli assi Tecnologia Freedom-Find\u2122 a doppio encoder Modulo WIFI SynScan\u2122 Controllo: app SynScan per iOS e Android o pulsantiera Synscan (non inclusa) Database app SynScan: oltre 10.000 oggetti. Deep Sky Objects: 10759, inclusi Messier, NGC, IC, Caldwell Catalog, Named DSOs, Named Stars: 305, Double Stars: 55, Solar System Objects: 7 Planets, Sun, Moon. (Articoli illimitati quando si utilizza un software planetario di terze parti). Metodi di allineamento dell&#8217;app SynScan: allineamento delle stelle pi\u00f9 luminose, allineamento del piano nord Altre funzionalit\u00e0 dell&#8217;app SynScan: luci notturne, punta e allinea con un dispositivo mobile, identificazione degli oggetti celesti, controllo remoto via Internet, oggetti personalizzati, miglioramento della precisione dell&#8217;allineamento (PAE) Connessioni: SynScan mano control box, controllo otturatore DSLR (cavo disponibile come optional) Interfacce: piattaforma ASCOM per PC Windows, App Mobile Planetarium per iOS e Android (SkySafari Plus\/Pro, pi\u00f9 avanti). Velocit\u00e0 di rilevamento: Siderale, Luna, Sole Velocit\u00e0 Pan: 1.0x, 2.0x, 16x, 32x, 64x, 128x, 400x, 500x, 600x, 800x Carico: 5 kg Frizioni meccaniche per movimento manuale Treppiede regolabile in altezza con gambe in acciaio inossidabile e accessori vassoio Morsetto per guide prismatiche standard Skywatcher \/ Vixen Tracking particolarmente silenzioso Scatto elettronico DSLR Porta SNAP (cavo disponibile come optional) Alimentazione: alimentatore 12v DC (contatto positivo centrale) o 8 batterie AA (non incluse). Skywatcher 7Ah o 17Ah Power Tank consigliato. Fornitura: treppiede Star Discovery con gambe in acciaio inossidabile e ripiano Modulo\/cavo WIFI!Alimentatore e batterie non sono inclusi!<\/p>\n<p>Generale<\/p>\n<table>\n<tr>\n<td>Peso<\/td>\n<p> di spedizione <\/p>\n<td>10,6 kg<\/td>\n<\/tr>\n<\/table>\n<table>\n<tr>\n<td>Dimensioni<\/td>\n<p> spedizione <\/p>\n<td>87x47x25,5 cm<\/td>\n<\/tr>\n<\/table>\n<p>montare<\/p>\n<table>\n<tr>Montatura <\/p>\n<td>GoTo di<\/td>\n<td>tipo<\/td>\n<p> azimutale con WIFI per astronomia e fotografia<\/tr>\n<\/table>\n<table>\n<tr>\n<td>Vai a<\/td>\n<td>s\u00ec<\/td>\n<\/tr>\n<\/table>\n<table>\n<tr>\n<td>Max. Carico utile visivo (kg)<\/td>\n<td>5.00<\/td>\n<\/tr>\n<\/table>\n<table>\n<tr>\n<td>Peso totale della montatura (kg)<\/td>\n<td>6,50<\/td>\n<\/tr>\n<\/table>\n","protected":false},"excerpt":{"rendered":"<p>Montatura Azimuth GoTo con treppiede<\/p>\n","protected":false},"featured_media":4823,"comment_status":"closed","ping_status":"open","template":"","meta":{"_acf_changed":false},"product_brand":[675],"product_cat":[1289],"product_tag":[],"class_list":{"0":"post-62804","1":"product","2":"type-product","3":"status-publish","4":"has-post-thumbnail","6":"product_brand-skywatcher","7":"product_cat-montature-go-to","9":"first","10":"instock","11":"taxable","12":"shipping-taxable","13":"purchasable","14":"product-type-simple"},"acf":[],"_links":{"self":[{"href":"https:\/\/www.teleskopshop.ch\/it\/wp-json\/wp\/v2\/product\/62804","targetHints":{"allow":["GET"]}}],"collection":[{"href":"https:\/\/www.teleskopshop.ch\/it\/wp-json\/wp\/v2\/product"}],"about":[{"href":"https:\/\/www.teleskopshop.ch\/it\/wp-json\/wp\/v2\/types\/product"}],"replies":[{"embeddable":true,"href":"https:\/\/www.teleskopshop.ch\/it\/wp-json\/wp\/v2\/comments?post=62804"}],"wp:featuredmedia":[{"embeddable":true,"href":"https:\/\/www.teleskopshop.ch\/it\/wp-json\/wp\/v2\/media\/4823"}],"wp:attachment":[{"href":"https:\/\/www.teleskopshop.ch\/it\/wp-json\/wp\/v2\/media?parent=62804"}],"wp:term":[{"taxonomy":"product_brand","embeddable":true,"href":"https:\/\/www.teleskopshop.ch\/it\/wp-json\/wp\/v2\/product_brand?post=62804"},{"taxonomy":"product_cat","embeddable":true,"href":"https:\/\/www.teleskopshop.ch\/it\/wp-json\/wp\/v2\/product_cat?post=62804"},{"taxonomy":"product_tag","embeddable":true,"href":"https:\/\/www.teleskopshop.ch\/it\/wp-json\/wp\/v2\/product_tag?post=62804"}],"curies":[{"name":"wp","href":"https:\/\/api.w.org\/{rel}","templated":true}]}}