{"id":62789,"date":"2022-05-09T00:00:00","date_gmt":"2022-05-08T22:00:00","guid":{"rendered":"https:\/\/2025.teleskopshop.ch\/shop\/senza-categoria\/skywatcher-heq5-pro-synscan-aequatoriale-teleskop-montierung\/"},"modified":"2025-02-24T10:44:19","modified_gmt":"2025-02-24T09:44:19","slug":"skywatcher-heq5-pro-synscan-aequatoriale-teleskop-montierung","status":"publish","type":"product","link":"https:\/\/www.teleskopshop.ch\/it\/shop\/montature\/montature-go-to\/skywatcher-heq5-pro-synscan-aequatoriale-teleskop-montierung\/","title":{"rendered":"Skywatcher HEQ5 Pro SynScan\u2122 \u00c4quatoriale Teleskop Montierung"},"content":{"rendered":"<p>Die Montierung: Sky-Watcher Montierung f\u00fcr Amateur Astronomen, die eine hochwertige \u00c4quatoriale Montierung mit der Bequemlichkeit eines Computergesteuerten GoTo Systems suchen, ist die HEQ5 Pro SynScan\u2122 die richtige Wahl. Die Sky-Watcher HEQ5 Pro SynScan\u2122 wurde mit Blick auch auf den Einsteiger in die Astronomie entwickelt. Mit der Benutzerfreundlichen Druckknopf Handsteuerung wird das Auffinden und Beobachten von Objekten am Sternhimmel so einfach wie ein Spaziergang im Park. Die Handsteuerung erm\u00f6glicht es das Teleskop auf das gew\u00fcnschte Objekt ausrichten zu lassen oder einfach mit dem Druck nur einer Taste eine gef\u00fchrte Tour durch den Nachthimmel zu starten. Das Benutzerfreundliche Menue enth\u00e4lt eine Datenbank mit \u00fcber 42.000 Objekten des Nachthimmels. Sogar ein unerfahrener Einsteiger kann in nur wenigen Beobachtungsn\u00e4chten die vielf\u00e4ltigen Funktionen des Systems erlernen. Die HEQ5 SynScan\u2122 Montierung enth\u00e4lt aber auch viele Funktionen f\u00fcr den erfahrenen Amateur Astronomen. Die Positionier Genauigkeit liegt bei bis zu 1 Bogenminute. Die Genauigkeit wird durch die Kalibrierung der Software auf mechanische Fehler verbessert. Die Schrittmotoren haben einen Schrittwinkel von 1,8\u00b0 bei 64 Mikroschritten. Die maximale Bewegungsgeschwindigkeit liegt bei 3,4\u00b0 pro Sekunde (800X). Die Montierung enth\u00e4lt ein Auto Guiding Interface f\u00fcr die Astrofotografie. Die Guiding Geschwindigkeit kann auf 0,25x, 0,50x, 0,75x und 1x eingestellt werden. Die Datenbank f\u00fcr die GoTo Positionierung enth\u00e4lt alle Objekte der Messier, NGC und IC Kataloge. Lieferumfang: HEQ5 Pro SynScan\u2122 Montierung Stativ mit Edelstahl Beinen und Ablageplatte SynScan V.5 Handsteuerbox\/Kabel Gegengewicht !Stromversorgung und Batterien sind nicht im Lieferumfang enthalten!<\/p>\n<p>Allgemein<\/p>\n<table>\n<tr>\n<td>Versandgewicht<\/td>\n<td>29.2kg<\/td>\n<\/tr>\n<\/table>\n<table>\n<tr>\n<td>Versandgr\u00f6\u00dfe<\/td>\n<td>42x43x19cm \/ 126x23x23cm<\/td>\n<\/tr>\n<\/table>\n<p>Montierung<\/p>\n<table>\n<tr>\n<td>Typ<\/td>\n<td>\u00c4quatoriale motorisierte Montierung<\/td>\n<\/tr>\n<\/table>\n<table>\n<tr>\n<td>GoTo<\/td>\n<td> ja <\/td>\n<\/tr>\n<\/table>\n<table>\n<tr>\n<td>Max. Zuladung visuell (kg)<\/td>\n<td>14.00<\/td>\n<\/tr>\n<\/table>\n<table>\n<tr>\n<td>Montierungsgewicht gesamt (kg)<\/td>\n<td>26.50<\/td>\n<\/tr>\n<\/table>\n","protected":false},"excerpt":{"rendered":"<p>Die Montierung: Sky-Watcher Montierung f\u00fcr Amateur Astronomen, die eine hochwertige \u00c4quatoriale Montierung mit der Bequemlichkeit eines Computergesteuerten GoTo Systems suchen, ist die HEQ5 Pro SynScan\u2122 die richtige Wahl. Die Sky-Watcher HEQ5 Pro SynScan\u2122 wurde mit Blick auch auf den Einsteiger in die Astronomie entwickelt. Mit der Benutzerfreundlichen Druckknopf Handsteuerung wird das Auffinden und Beobachten von [&hellip;]<\/p>\n","protected":false},"featured_media":4803,"comment_status":"closed","ping_status":"closed","template":"","meta":{"_acf_changed":false},"product_brand":[675],"product_cat":[1289],"product_tag":[],"class_list":{"0":"post-62789","1":"product","2":"type-product","3":"status-publish","4":"has-post-thumbnail","6":"product_brand-skywatcher","7":"product_cat-montature-go-to","9":"first","10":"instock","11":"sale","12":"taxable","13":"shipping-taxable","14":"purchasable","15":"product-type-simple"},"acf":[],"_links":{"self":[{"href":"https:\/\/www.teleskopshop.ch\/it\/wp-json\/wp\/v2\/product\/62789","targetHints":{"allow":["GET"]}}],"collection":[{"href":"https:\/\/www.teleskopshop.ch\/it\/wp-json\/wp\/v2\/product"}],"about":[{"href":"https:\/\/www.teleskopshop.ch\/it\/wp-json\/wp\/v2\/types\/product"}],"replies":[{"embeddable":true,"href":"https:\/\/www.teleskopshop.ch\/it\/wp-json\/wp\/v2\/comments?post=62789"}],"wp:featuredmedia":[{"embeddable":true,"href":"https:\/\/www.teleskopshop.ch\/it\/wp-json\/wp\/v2\/media\/4803"}],"wp:attachment":[{"href":"https:\/\/www.teleskopshop.ch\/it\/wp-json\/wp\/v2\/media?parent=62789"}],"wp:term":[{"taxonomy":"product_brand","embeddable":true,"href":"https:\/\/www.teleskopshop.ch\/it\/wp-json\/wp\/v2\/product_brand?post=62789"},{"taxonomy":"product_cat","embeddable":true,"href":"https:\/\/www.teleskopshop.ch\/it\/wp-json\/wp\/v2\/product_cat?post=62789"},{"taxonomy":"product_tag","embeddable":true,"href":"https:\/\/www.teleskopshop.ch\/it\/wp-json\/wp\/v2\/product_tag?post=62789"}],"curies":[{"name":"wp","href":"https:\/\/api.w.org\/{rel}","templated":true}]}}