{"id":62771,"date":"2022-05-09T00:00:00","date_gmt":"2022-05-08T22:00:00","guid":{"rendered":"https:\/\/2025.teleskopshop.ch\/shop\/senza-categoria\/skywatcher-az-eq6gt-pro-synscan-aequatoriale-teleskop-montierung\/"},"modified":"2025-09-23T16:14:32","modified_gmt":"2025-09-23T14:14:32","slug":"skywatcher-az-eq6gt-pro-synscan-aequatoriale-teleskop-montierung","status":"publish","type":"product","link":"https:\/\/www.teleskopshop.ch\/it\/shop\/montature\/montature-go-to\/skywatcher-az-eq6gt-pro-synscan-aequatoriale-teleskop-montierung\/","title":{"rendered":"Skywatcher AZ EQ6GT Pro SynScan \u00c4quatoriale Teleskop Montierung"},"content":{"rendered":"<p>Die Teleskop Montierung: Die Skywatcher AZ-EQ6GT ist eine spannende, evolution\u00e4re Weiterentwicklung der sehr erfolgreichen NEQ6 Pro Teleskop Montierung. Die AZ-EQ6GT ist eine in zwei verschiedenen Modi verwendbare, vollst\u00e4ndig computergesteuerte, schwere GoTo Montierung f\u00fcr die Astronomie in Azimutaler und \u00c4quatorialer Betriebsweise. Sie beinhaltet eine SynScan Handsteuerbox mit spezieller AZ\/EQ Firmware und kann automatisch \u00fcber 42.900 Himmelsobjekte aus seiner Datenbank aufsuchen und nachf\u00fchren. Im \u00c4quatorialen Modus kann die AZ-EQ6GT f\u00fcr visuelle Beobachtung aber auch die pr\u00e4zise Astrofotografie eingesetzt werden. Im Azimutalen Modus ist sie vorrangig f\u00fcr visuelle Beobachtung gedacht, kann aber 2 Teleskope gleichzeitig, parallel nachf\u00fchren. Eine gro\u00dfartige Neuerung ist die patentierte Doppel Encoder Technologie der AZ-EQ6GT. Sie erlaubt es das Teleskop manuell in beiden Achsen frei zu bewegen ohne die Positionsdaten zu verlieren. Das gibt dem Beobachter enormen Freiraum und mehr Bequemlichkeit und Flexibilit\u00e4t w\u00e4hrend der Beobachtungssitzungen. Skywatcher AZ-EQ6GT &#8230; eine neue Legende wurde geboren!! Lieferumfang: AZ-EQ6GT Montierung Stativ mit 2&#8243; Edelstahl Beinen und Ablageplatte 2 Teleskopaufnahmen f\u00fcr 3&#8243; und Sky-Watcher\/Vixen Norm Schwalbenschwanzschienen SynScan V.5 Handsteuerbox\/Kabel 2St\u00fcck 5kg Gegengewichte !Stromversorgung und Batterien sind nicht im Lieferumfang enthalten!<\/p>\n","protected":false},"excerpt":{"rendered":"<p>Die Teleskop Montierung: Die Skywatcher AZ-EQ6GT ist eine spannende, evolution\u00e4re Weiterentwicklung der sehr erfolgreichen NEQ6 Pro Teleskop Montierung. Die AZ-EQ6GT ist eine in zwei verschiedenen Modi verwendbare, vollst\u00e4ndig computergesteuerte, schwere GoTo Montierung f\u00fcr die Astronomie in Azimutaler und \u00c4quatorialer Betriebsweise. Sie beinhaltet eine SynScan Handsteuerbox mit spezieller AZ\/EQ Firmware und kann automatisch \u00fcber 42.900 Himmelsobjekte [&hellip;]<\/p>\n","protected":false},"featured_media":4779,"comment_status":"closed","ping_status":"closed","template":"","meta":{"_acf_changed":false},"product_brand":[675],"product_cat":[1289],"product_tag":[],"class_list":{"0":"post-62771","1":"product","2":"type-product","3":"status-publish","4":"has-post-thumbnail","6":"product_brand-skywatcher","7":"product_cat-montature-go-to","9":"first","10":"instock","11":"sale","12":"taxable","13":"shipping-taxable","14":"purchasable","15":"product-type-simple"},"acf":[],"_links":{"self":[{"href":"https:\/\/www.teleskopshop.ch\/it\/wp-json\/wp\/v2\/product\/62771","targetHints":{"allow":["GET"]}}],"collection":[{"href":"https:\/\/www.teleskopshop.ch\/it\/wp-json\/wp\/v2\/product"}],"about":[{"href":"https:\/\/www.teleskopshop.ch\/it\/wp-json\/wp\/v2\/types\/product"}],"replies":[{"embeddable":true,"href":"https:\/\/www.teleskopshop.ch\/it\/wp-json\/wp\/v2\/comments?post=62771"}],"wp:featuredmedia":[{"embeddable":true,"href":"https:\/\/www.teleskopshop.ch\/it\/wp-json\/wp\/v2\/media\/4779"}],"wp:attachment":[{"href":"https:\/\/www.teleskopshop.ch\/it\/wp-json\/wp\/v2\/media?parent=62771"}],"wp:term":[{"taxonomy":"product_brand","embeddable":true,"href":"https:\/\/www.teleskopshop.ch\/it\/wp-json\/wp\/v2\/product_brand?post=62771"},{"taxonomy":"product_cat","embeddable":true,"href":"https:\/\/www.teleskopshop.ch\/it\/wp-json\/wp\/v2\/product_cat?post=62771"},{"taxonomy":"product_tag","embeddable":true,"href":"https:\/\/www.teleskopshop.ch\/it\/wp-json\/wp\/v2\/product_tag?post=62771"}],"curies":[{"name":"wp","href":"https:\/\/api.w.org\/{rel}","templated":true}]}}