{"id":62765,"date":"2022-05-09T00:00:00","date_gmt":"2022-05-08T22:00:00","guid":{"rendered":"https:\/\/2025.teleskopshop.ch\/shop\/senza-categoria\/teleskop-montierung-skytee-2-mit-edelstahl-stativ\/"},"modified":"2025-01-25T13:20:18","modified_gmt":"2025-01-25T12:20:18","slug":"teleskop-montierung-skytee-2-mit-edelstahl-stativ","status":"publish","type":"product","link":"https:\/\/www.teleskopshop.ch\/it\/shop\/montature\/montature-azimutali\/teleskop-montierung-skytee-2-mit-edelstahl-stativ\/","title":{"rendered":"Supporto per telescopio Skytee 2 con treppiede in acciaio inossidabile"},"content":{"rendered":"<p>L&#8217;OVL Skytee-2 \u00e8 una montatura azimutale pesante che \u00e8 in grado di azionare 2 telescopi, ciascuno del peso di 15 kg, in parallelo. C&#8217;\u00e8 un attacco a coda di rondine tipo Skywatcher\/Vixen su ciascun lato della montatura. Gli assi possono essere regolati finemente manualmente tramite alberi di comando. I contrappesi Skywatcher possono essere utilizzati sulla barra dei contrappesi integrata. Lo stabile treppiede con gambe in acciaio inossidabile, utilizzato anche con l&#8217;attacco EQ5, \u00e8 incluso nella fornitura. Fornitura: treppiede EQ5 con attacco azimutale Skytee-2 con piastra di conservazione!L&#8217;alimentatore e le batterie non sono inclusi nella fornitura!<\/p>\n<p>Generale<\/p>\n<table>\n<tr>Peso di <\/p>\n<td>spedizione<\/td>\n<td>6,5 kg \/ 6 kg<\/td>\n<\/tr>\n<\/table>\n<table>\n<tr>Dimensioni di <\/p>\n<td>spedizione<\/td>\n<td>39x34x23 cm \/ 90x20x20 cm<\/td>\n<\/tr>\n<\/table>\n<p>montare<\/p>\n<table>\n<tr>\n<td>Tipo<\/td>\n<td>Montatura manuale azimutale per 2 telescopi<\/td>\n<\/tr>\n<\/table>\n<table>\n<tr>\n<td>Massimo Carico utile visivo (kg)<\/td>\n<td>15.00 per lato<\/td>\n<\/tr>\n<\/table>\n<table>\n<tr>\n<td>Peso totale della montatura (kg)<\/td>\n<td>9,40<\/td>\n<\/tr>\n<\/table>\n","protected":false},"excerpt":{"rendered":"<p>Montatura azimutale pesante per 2 telescopi con treppiede in acciaio inox<\/p>\n","protected":false},"featured_media":4771,"comment_status":"closed","ping_status":"open","template":"","meta":{"_acf_changed":false},"product_brand":[677],"product_cat":[1283],"product_tag":[],"class_list":{"0":"post-62765","1":"product","2":"type-product","3":"status-publish","4":"has-post-thumbnail","6":"product_brand-skytee","7":"product_cat-montature-azimutali","9":"first","10":"instock","11":"taxable","12":"shipping-taxable","13":"purchasable","14":"product-type-simple"},"acf":[],"_links":{"self":[{"href":"https:\/\/www.teleskopshop.ch\/it\/wp-json\/wp\/v2\/product\/62765","targetHints":{"allow":["GET"]}}],"collection":[{"href":"https:\/\/www.teleskopshop.ch\/it\/wp-json\/wp\/v2\/product"}],"about":[{"href":"https:\/\/www.teleskopshop.ch\/it\/wp-json\/wp\/v2\/types\/product"}],"replies":[{"embeddable":true,"href":"https:\/\/www.teleskopshop.ch\/it\/wp-json\/wp\/v2\/comments?post=62765"}],"wp:featuredmedia":[{"embeddable":true,"href":"https:\/\/www.teleskopshop.ch\/it\/wp-json\/wp\/v2\/media\/4771"}],"wp:attachment":[{"href":"https:\/\/www.teleskopshop.ch\/it\/wp-json\/wp\/v2\/media?parent=62765"}],"wp:term":[{"taxonomy":"product_brand","embeddable":true,"href":"https:\/\/www.teleskopshop.ch\/it\/wp-json\/wp\/v2\/product_brand?post=62765"},{"taxonomy":"product_cat","embeddable":true,"href":"https:\/\/www.teleskopshop.ch\/it\/wp-json\/wp\/v2\/product_cat?post=62765"},{"taxonomy":"product_tag","embeddable":true,"href":"https:\/\/www.teleskopshop.ch\/it\/wp-json\/wp\/v2\/product_tag?post=62765"}],"curies":[{"name":"wp","href":"https:\/\/api.w.org\/{rel}","templated":true}]}}