{"id":62747,"date":"2022-05-09T00:00:00","date_gmt":"2022-05-08T22:00:00","guid":{"rendered":"https:\/\/2025.teleskopshop.ch\/shop\/senza-categoria\/skywatcher-eq2-aequatoriale-manuelle-teleskop-montierung\/"},"modified":"2025-01-25T13:20:18","modified_gmt":"2025-01-25T12:20:18","slug":"skywatcher-eq2-aequatoriale-manuelle-teleskop-montierung","status":"publish","type":"product","link":"https:\/\/www.teleskopshop.ch\/it\/shop\/montature\/montature-equatoriali\/skywatcher-eq2-aequatoriale-manuelle-teleskop-montierung\/","title":{"rendered":"Montatura per telescopio manuale equatoriale Skywatcher EQ2"},"content":{"rendered":"<p>La montatura: la montatura del telescopio equatoriale Sky-Watcher EQ2 \u00e8 adatta sia per i principianti che per gli astronomi esperti. \u00c8 stabile e include un grande treppiede in alluminio completamente regolabile con un ampio ripiano. Questa montatura \u00e8 dotata di ingranaggi di tracciamento a 360\u00b0 su entrambi gli assi (ascensione retta e declinazione) azionati da alberi flessibili. Un oggetto pu\u00f2 essere impostato utilizzando le coordinate RA e DEC tramite cerchi di pece metalliche. C&#8217;\u00e8 un&#8217;impostazione dell&#8217;altezza del polo per un allineamento preciso con il polo celeste. Opzionalmente, la montatura pu\u00f2 essere dotata di un motore nell&#8217;asse RA per l&#8217;inseguimento automatico. Fornitura: montatura equatoriale EQ2 con aste di comando, contrappeso, treppiede in alluminio con piastra portaoggetti!L&#8217;alimentatore e le batterie non sono inclusi nella fornitura!<\/p>\n<p>Generale<\/p>\n<table>\n<tr>\n<td>Peso di<\/td>\n<p> spedizione <\/p>\n<td>10,2<\/td>\n<p> kg<\/tr>\n<\/table>\n<table>\n<tr>\n<td>Dimensioni<\/td>\n<p> spedizione <\/p>\n<td>110x25x25cm<\/td>\n<\/tr>\n<\/table>\n<p>montare<\/p>\n<table>\n<tr>\n<td>Tipo<\/td>\n<td>Montatura equatoriale manuale<\/td>\n<\/tr>\n<\/table>\n<table>\n<tr>\n<td>Massimo Carico utile visivo (kg)<\/td>\n<td>4.00<\/td>\n<\/tr>\n<\/table>\n<table>\n<tr>\n<td>Peso totale della montatura (kg)<\/td>\n<td>7,00<\/td>\n<\/tr>\n<\/table>\n","protected":false},"excerpt":{"rendered":"<p>Montatura per telescopio equatoriale Skywatcher con treppiede con gambe in alluminio<\/p>\n","protected":false},"featured_media":4719,"comment_status":"closed","ping_status":"open","template":"","meta":{"_acf_changed":false},"product_brand":[675],"product_cat":[1334],"product_tag":[],"class_list":{"0":"post-62747","1":"product","2":"type-product","3":"status-publish","4":"has-post-thumbnail","6":"product_brand-skywatcher","7":"product_cat-montature-equatoriali","9":"first","10":"instock","11":"taxable","12":"shipping-taxable","13":"purchasable","14":"product-type-simple"},"acf":[],"_links":{"self":[{"href":"https:\/\/www.teleskopshop.ch\/it\/wp-json\/wp\/v2\/product\/62747","targetHints":{"allow":["GET"]}}],"collection":[{"href":"https:\/\/www.teleskopshop.ch\/it\/wp-json\/wp\/v2\/product"}],"about":[{"href":"https:\/\/www.teleskopshop.ch\/it\/wp-json\/wp\/v2\/types\/product"}],"replies":[{"embeddable":true,"href":"https:\/\/www.teleskopshop.ch\/it\/wp-json\/wp\/v2\/comments?post=62747"}],"wp:featuredmedia":[{"embeddable":true,"href":"https:\/\/www.teleskopshop.ch\/it\/wp-json\/wp\/v2\/media\/4719"}],"wp:attachment":[{"href":"https:\/\/www.teleskopshop.ch\/it\/wp-json\/wp\/v2\/media?parent=62747"}],"wp:term":[{"taxonomy":"product_brand","embeddable":true,"href":"https:\/\/www.teleskopshop.ch\/it\/wp-json\/wp\/v2\/product_brand?post=62747"},{"taxonomy":"product_cat","embeddable":true,"href":"https:\/\/www.teleskopshop.ch\/it\/wp-json\/wp\/v2\/product_cat?post=62747"},{"taxonomy":"product_tag","embeddable":true,"href":"https:\/\/www.teleskopshop.ch\/it\/wp-json\/wp\/v2\/product_tag?post=62747"}],"curies":[{"name":"wp","href":"https:\/\/api.w.org\/{rel}","templated":true}]}}