{"id":62694,"date":"2022-05-09T00:00:00","date_gmt":"2022-05-08T22:00:00","guid":{"rendered":"https:\/\/2025.teleskopshop.ch\/shop\/senza-categoria\/fotomate-stativ-vt-680-222r-mit-2-wege-neiger\/"},"modified":"2025-01-25T13:16:58","modified_gmt":"2025-01-25T12:16:58","slug":"fotomate-stativ-vt-680-222r-mit-2-wege-neiger","status":"publish","type":"product","link":"https:\/\/www.teleskopshop.ch\/it\/shop\/montature\/treppiedi\/fotomate-it\/fotomate-stativ-vt-680-222r-mit-2-wege-neiger\/","title":{"rendered":"Treppiede Fotomate VT-680-222R con inclinazione a 2 vie"},"content":{"rendered":"<p>Il Fotomate VT-680-222R \u00e8 un eccellente treppiede standard professionale per videocamere e DSLR, ma anche per cannocchiali, piccoli telescopi e binocoli pi\u00f9 grandi. Fornisce un generoso carico utile di 8 kg e raggiunge un&#8217;altezza impressionante di 197 cm. Questo treppiede non ha una colonna centrale estensibile per una maggiore stabilit\u00e0. La testa del treppiede a 2 vie di alta qualit\u00e0 \u00e8 la stessa del modello VT-2900. Il movimento \u00e8 molto fluido e ovattato. Pu\u00f2 essere ruotato di 360\u00b0 in orizzontale e di 155\u00b0 in verticale. Fornitura: treppiede con testa per treppiede Custodia per il trasporto in nylon Alimentatore e batterie non inclusi!<\/p>\n<p>Generale<\/p>\n<table>\n<tr>\n<td>Peso di<\/td>\n<p> spedizione <\/p>\n<td>5,5<\/td>\n<p> kg<\/tr>\n<\/table>\n<table>\n<tr>\n<td>Dimensioni<\/td>\n<p> spedizione <\/p>\n<td>100x18x18cm<\/td>\n<\/tr>\n<\/table>\n<p>osservazione della natura<\/p>\n<table>\n<tr>\n<td>Tipo<\/td>\n<td>Treppiede professionale Extra HD con testa girevole a 2 vie<\/td>\n<\/tr>\n<\/table>\n","protected":false},"excerpt":{"rendered":"<p>Treppiede professionale a 2 vie Fotomate Extra HD<\/p>\n","protected":false},"featured_media":6655,"comment_status":"closed","ping_status":"open","template":"","meta":{"_acf_changed":false},"product_brand":[694],"product_cat":[1310,1280,1295],"product_tag":[],"class_list":{"0":"post-62694","1":"product","2":"type-product","3":"status-publish","4":"has-post-thumbnail","6":"product_brand-fotomate","7":"product_cat-fotomate-it","8":"product_cat-montature","9":"product_cat-treppiedi","11":"first","12":"instock","13":"taxable","14":"shipping-taxable","15":"purchasable","16":"product-type-simple"},"acf":[],"_links":{"self":[{"href":"https:\/\/www.teleskopshop.ch\/it\/wp-json\/wp\/v2\/product\/62694","targetHints":{"allow":["GET"]}}],"collection":[{"href":"https:\/\/www.teleskopshop.ch\/it\/wp-json\/wp\/v2\/product"}],"about":[{"href":"https:\/\/www.teleskopshop.ch\/it\/wp-json\/wp\/v2\/types\/product"}],"replies":[{"embeddable":true,"href":"https:\/\/www.teleskopshop.ch\/it\/wp-json\/wp\/v2\/comments?post=62694"}],"wp:featuredmedia":[{"embeddable":true,"href":"https:\/\/www.teleskopshop.ch\/it\/wp-json\/wp\/v2\/media\/6655"}],"wp:attachment":[{"href":"https:\/\/www.teleskopshop.ch\/it\/wp-json\/wp\/v2\/media?parent=62694"}],"wp:term":[{"taxonomy":"product_brand","embeddable":true,"href":"https:\/\/www.teleskopshop.ch\/it\/wp-json\/wp\/v2\/product_brand?post=62694"},{"taxonomy":"product_cat","embeddable":true,"href":"https:\/\/www.teleskopshop.ch\/it\/wp-json\/wp\/v2\/product_cat?post=62694"},{"taxonomy":"product_tag","embeddable":true,"href":"https:\/\/www.teleskopshop.ch\/it\/wp-json\/wp\/v2\/product_tag?post=62694"}],"curies":[{"name":"wp","href":"https:\/\/api.w.org\/{rel}","templated":true}]}}