{"id":62611,"date":"2022-05-09T00:00:00","date_gmt":"2022-05-08T22:00:00","guid":{"rendered":"https:\/\/2025.teleskopshop.ch\/shop\/senza-categoria\/skywatcher-2-teleskop-amici-prisma\/"},"modified":"2025-01-25T13:24:58","modified_gmt":"2025-01-25T12:24:58","slug":"skywatcher-2-teleskop-amici-prisma","status":"publish","type":"product","link":"https:\/\/www.teleskopshop.ch\/it\/shop\/ottica\/prolunghe-ottiche\/specchi-e-prismi-diagonali\/skywatcher-2-teleskop-amici-prisma\/","title":{"rendered":"Telescopio Skywatcher 2&#8243; prisma di Amici"},"content":{"rendered":"<p>Questo prisma Skywatcher 2&#8243; Amici 45\u00b0 per telescopi \u00e8 stato accuratamente lavorato a CNC e dotato di connettori anodizzati neri. \u00c8 incluso un adattatore per accessori da 1,25&#8243; che \u00e8 stato dotato di un anello di bloccaggio in ottone. La connessione da 2&#8243; contiene una filettatura per i filtri. Il prisma \u00e8 completamente multistrato. Fornitura: prisma di Amici da 2&#8243;! L&#8217;alimentatore e le batterie non sono inclusi nella fornitura!<\/p>\n<p>Generale<\/p>\n<table>\n<tr>\n<td>Peso<\/td>\n<p> di spedizione <\/p>\n<td>0,569 kg<\/td>\n<\/tr>\n<\/table>\n<table>\n<tr>\n<td>Dimensioni<\/td>\n<p> spedizione <\/p>\n<td>18,5&#215;13,5&#215;12 cm<\/td>\n<\/tr>\n<\/table>\n<p>attrezzatura<\/p>\n<table>\n<tr>Prisma di Amici <\/p>\n<td>tipo<\/td>\n<td>45\u00b0 2&#8243;.<\/td>\n<\/tr>\n<\/table>\n<table>\n<tr>\n<td>Collegamento<\/td>\n<td>telescopio 2&#8243; \/ oculare 2&#8243; e 1,25&#8243;<\/td>\n<\/tr>\n<\/table>\n<table>\n<tr>Rivestimento <\/p>\n<td>Rivestimento<\/td>\n<td>multistrato<\/td>\n<\/tr>\n<\/table>\n","protected":false},"excerpt":{"rendered":"<p>Telescopio Skywatcher 2&#8243; Amici Prisma 45\u00b0 con immagine destra e verticale<\/p>\n","protected":false},"featured_media":5975,"comment_status":"closed","ping_status":"open","template":"","meta":{"_acf_changed":false},"product_brand":[675],"product_cat":[1340,1652],"product_tag":[],"class_list":{"0":"post-62611","1":"product","2":"type-product","3":"status-publish","4":"has-post-thumbnail","6":"product_brand-skywatcher","7":"product_cat-ottica","8":"product_cat-specchi-e-prismi-diagonali","10":"first","11":"instock","12":"taxable","13":"shipping-taxable","14":"purchasable","15":"product-type-simple"},"acf":[],"_links":{"self":[{"href":"https:\/\/www.teleskopshop.ch\/it\/wp-json\/wp\/v2\/product\/62611","targetHints":{"allow":["GET"]}}],"collection":[{"href":"https:\/\/www.teleskopshop.ch\/it\/wp-json\/wp\/v2\/product"}],"about":[{"href":"https:\/\/www.teleskopshop.ch\/it\/wp-json\/wp\/v2\/types\/product"}],"replies":[{"embeddable":true,"href":"https:\/\/www.teleskopshop.ch\/it\/wp-json\/wp\/v2\/comments?post=62611"}],"wp:featuredmedia":[{"embeddable":true,"href":"https:\/\/www.teleskopshop.ch\/it\/wp-json\/wp\/v2\/media\/5975"}],"wp:attachment":[{"href":"https:\/\/www.teleskopshop.ch\/it\/wp-json\/wp\/v2\/media?parent=62611"}],"wp:term":[{"taxonomy":"product_brand","embeddable":true,"href":"https:\/\/www.teleskopshop.ch\/it\/wp-json\/wp\/v2\/product_brand?post=62611"},{"taxonomy":"product_cat","embeddable":true,"href":"https:\/\/www.teleskopshop.ch\/it\/wp-json\/wp\/v2\/product_cat?post=62611"},{"taxonomy":"product_tag","embeddable":true,"href":"https:\/\/www.teleskopshop.ch\/it\/wp-json\/wp\/v2\/product_tag?post=62611"}],"curies":[{"name":"wp","href":"https:\/\/api.w.org\/{rel}","templated":true}]}}