{"id":62587,"date":"2022-05-09T00:00:00","date_gmt":"2022-05-08T22:00:00","guid":{"rendered":"https:\/\/2025.teleskopshop.ch\/shop\/senza-categoria\/skywatcher-komakorrektor-2-fuer-newton-spiegel-teleskope\/"},"modified":"2026-02-05T09:52:18","modified_gmt":"2026-02-05T08:52:18","slug":"skywatcher-komakorrektor-2-fuer-newton-spiegel-teleskope","status":"publish","type":"product","link":"https:\/\/www.teleskopshop.ch\/it\/shop\/ottica\/prolunghe-ottiche\/correttori-ottici\/correttori-di-coma\/skywatcher-komakorrektor-2-fuer-newton-spiegel-teleskope\/","title":{"rendered":"Skywatcher Komakorrektor 2&#8243; f\u00fcr Newton Spiegel Teleskope"},"content":{"rendered":"<h1>Skywatcher Komakorrektor 2&#8243; f\u00fcr Newton Spiegel Teleskope<\/h1>\n<p>Skywatcher Koma Korrektor, optimiert f\u00fcr alle f\/5 Newton Teleskope mit 2&#8243; Fokussierer. Er liefert beeindruckende Weitfeld Beobachtungen mit Nadelpunktfeinen Sternen bis an den Rand des Gesichtsfeldes. Die Vergr\u00f6\u00dferung bleibt dabei identisch. Der Koma Korrektor wird mit Adaptern f\u00fcr die visuelle Beobachtung geliefert. F\u00fcr die Fotografie mit einer DSLR Kamera ben\u00f6tigen Sie noch einen Adapter von M48x0,75 um Ihre Kamera anzuschlie\u00dfen. Sky-Watcher hat Adapter f\u00fcr Canon und Nikon im Programm (Prod. Code 20237 &amp; 20238) Lieferumfang: Koma Korrektor Adapterset !Stromversorgung und Batterien sind nicht im Lieferumfang enthalten!<\/p>\n<p>Allgemein<\/p>\n<table>\n<tbody>\n<tr>\n<td>Versandgewicht<\/td>\n<td>0.302kg<\/td>\n<\/tr>\n<\/tbody>\n<\/table>\n<table>\n<tbody>\n<tr>\n<td>Versandgr\u00f6\u00dfe<\/td>\n<td>14x8x7.5cm<\/td>\n<\/tr>\n<\/tbody>\n<\/table>\n<p>Zubeh\u00f6r<\/p>\n<table>\n<tbody>\n<tr>\n<td>Typ<\/td>\n<td>Komakorrektor f\u00fcr F\/5 Newton Spiegelteleskope<\/td>\n<\/tr>\n<\/tbody>\n<\/table>\n<table>\n<tbody>\n<tr>\n<td>Anschluss<\/td>\n<td>Teleskop 2&#8243; Steckanschlu\u00df \/ Okular-Kameraseite M48 oder 2&#8243; Steckanschlu\u00df<\/td>\n<\/tr>\n<\/tbody>\n<\/table>\n","protected":false},"excerpt":{"rendered":"<p>Vielen Dank f\u00fcr Ihren Besuch bei Teleskopshop.ch.<\/p>\n<p>Es freut uns, Ihnen das Produkt <b>Skywatcher Komakorrektor 2&#8243; f\u00fcr Newton Spiegel Teleskope<\/b> zu den nachfolgenden Konditionen anbieten zu d\u00fcrfen.<\/p>\n","protected":false},"featured_media":5731,"comment_status":"closed","ping_status":"closed","template":"","meta":{"_acf_changed":false},"product_brand":[675],"product_cat":[1541,1529,1340,1523],"product_tag":[],"class_list":{"0":"post-62587","1":"product","2":"type-product","3":"status-publish","4":"has-post-thumbnail","6":"product_brand-skywatcher","7":"product_cat-correttori-di-coma","8":"product_cat-correttori-ottici","9":"product_cat-ottica","10":"product_cat-prolunghe-ottiche","12":"first","13":"instock","14":"taxable","15":"shipping-taxable","16":"purchasable","17":"product-type-simple"},"acf":[],"_links":{"self":[{"href":"https:\/\/www.teleskopshop.ch\/it\/wp-json\/wp\/v2\/product\/62587","targetHints":{"allow":["GET"]}}],"collection":[{"href":"https:\/\/www.teleskopshop.ch\/it\/wp-json\/wp\/v2\/product"}],"about":[{"href":"https:\/\/www.teleskopshop.ch\/it\/wp-json\/wp\/v2\/types\/product"}],"replies":[{"embeddable":true,"href":"https:\/\/www.teleskopshop.ch\/it\/wp-json\/wp\/v2\/comments?post=62587"}],"wp:featuredmedia":[{"embeddable":true,"href":"https:\/\/www.teleskopshop.ch\/it\/wp-json\/wp\/v2\/media\/5731"}],"wp:attachment":[{"href":"https:\/\/www.teleskopshop.ch\/it\/wp-json\/wp\/v2\/media?parent=62587"}],"wp:term":[{"taxonomy":"product_brand","embeddable":true,"href":"https:\/\/www.teleskopshop.ch\/it\/wp-json\/wp\/v2\/product_brand?post=62587"},{"taxonomy":"product_cat","embeddable":true,"href":"https:\/\/www.teleskopshop.ch\/it\/wp-json\/wp\/v2\/product_cat?post=62587"},{"taxonomy":"product_tag","embeddable":true,"href":"https:\/\/www.teleskopshop.ch\/it\/wp-json\/wp\/v2\/product_tag?post=62587"}],"curies":[{"name":"wp","href":"https:\/\/api.w.org\/{rel}","templated":true}]}}