{"id":62578,"date":"2022-05-09T00:00:00","date_gmt":"2022-05-08T22:00:00","guid":{"rendered":"https:\/\/2025.teleskopshop.ch\/shop\/senza-categoria\/skywatcher-m48-teleskop-feldebner-esprit-80-ed\/"},"modified":"2025-03-03T09:25:42","modified_gmt":"2025-03-03T08:25:42","slug":"skywatcher-m48-teleskop-feldebner-esprit-80-ed","status":"publish","type":"product","link":"https:\/\/www.teleskopshop.ch\/it\/shop\/ottica\/prolunghe-ottiche\/correttori-ottici\/feldebner-it\/skywatcher-m48-teleskop-feldebner-esprit-80-ed\/","title":{"rendered":"Skywatcher M48 Teleskop Feldebner Esprit 80 ED"},"content":{"rendered":"<p>Der Original Feldebner f\u00fcr das Skywatcher Esprit 80ED Apo Refraktor Teleskop. F\u00fcr CCD Vollformat mit M48x0,75 Gewindeanschlu\u00df f\u00fcr Kameraadapter. Lieferumfang: Feldebner Staubschutzkappen !Stromversorgung und Batterien sind nicht im Lieferumfang enthalten!<\/p>\n<p>Allgemein<\/p>\n<table>\n<tr>\n<td>Versandgewicht<\/td>\n<td>0.390kg<\/td>\n<\/tr>\n<\/table>\n<table>\n<tr>\n<td>Versandgr\u00f6\u00dfe<\/td>\n<td>14x10x9.5cm<\/td>\n<\/tr>\n<\/table>\n<p>Zubeh\u00f6r<\/p>\n<table>\n<tr>\n<td>Typ<\/td>\n<td>Vollformat Feldebner<\/td>\n<\/tr>\n<\/table>\n<table>\n<tr>\n<td>Anschluss<\/td>\n<td>M48 Au\u00dfengewinde f\u00fcr Kameraadapter<\/td>\n<\/tr>\n<\/table>\n<table>\n<tr>\n<td>Verg\u00fctung<\/td>\n<td>Mehrschicht Verg\u00fctung<\/td>\n<\/tr>\n<\/table>\n","protected":false},"excerpt":{"rendered":"<p>Vielen Dank f\u00fcr Ihren Besuch bei Teleskopshop.ch. <\/p>\n<p>Es freut uns, Ihnen das Produkt <b>Skywatcher M48 Teleskop Feldebner Esprit 80 ED<\/b> zu den nachfolgenden Konditionen anbieten zu d\u00fcrfen.<\/p>\n","protected":false},"featured_media":5747,"comment_status":"closed","ping_status":"closed","template":"","meta":{"_acf_changed":false},"product_brand":[675],"product_cat":[1529,1532,1340,1523],"product_tag":[],"class_list":{"0":"post-62578","1":"product","2":"type-product","3":"status-publish","4":"has-post-thumbnail","6":"product_brand-skywatcher","7":"product_cat-correttori-ottici","8":"product_cat-feldebner-it","9":"product_cat-ottica","10":"product_cat-prolunghe-ottiche","12":"first","13":"instock","14":"sale","15":"taxable","16":"shipping-taxable","17":"purchasable","18":"product-type-simple"},"acf":[],"_links":{"self":[{"href":"https:\/\/www.teleskopshop.ch\/it\/wp-json\/wp\/v2\/product\/62578","targetHints":{"allow":["GET"]}}],"collection":[{"href":"https:\/\/www.teleskopshop.ch\/it\/wp-json\/wp\/v2\/product"}],"about":[{"href":"https:\/\/www.teleskopshop.ch\/it\/wp-json\/wp\/v2\/types\/product"}],"replies":[{"embeddable":true,"href":"https:\/\/www.teleskopshop.ch\/it\/wp-json\/wp\/v2\/comments?post=62578"}],"wp:featuredmedia":[{"embeddable":true,"href":"https:\/\/www.teleskopshop.ch\/it\/wp-json\/wp\/v2\/media\/5747"}],"wp:attachment":[{"href":"https:\/\/www.teleskopshop.ch\/it\/wp-json\/wp\/v2\/media?parent=62578"}],"wp:term":[{"taxonomy":"product_brand","embeddable":true,"href":"https:\/\/www.teleskopshop.ch\/it\/wp-json\/wp\/v2\/product_brand?post=62578"},{"taxonomy":"product_cat","embeddable":true,"href":"https:\/\/www.teleskopshop.ch\/it\/wp-json\/wp\/v2\/product_cat?post=62578"},{"taxonomy":"product_tag","embeddable":true,"href":"https:\/\/www.teleskopshop.ch\/it\/wp-json\/wp\/v2\/product_tag?post=62578"}],"curies":[{"name":"wp","href":"https:\/\/api.w.org\/{rel}","templated":true}]}}