{"id":62563,"date":"2022-05-09T00:00:00","date_gmt":"2022-05-08T22:00:00","guid":{"rendered":"https:\/\/2025.teleskopshop.ch\/shop\/senza-categoria\/acuter-spektiv-natureclose-st80b-geradsichtig\/"},"modified":"2025-01-25T13:17:01","modified_gmt":"2025-01-25T12:17:01","slug":"acuter-spektiv-natureclose-st80b-geradsichtig","status":"publish","type":"product","link":"https:\/\/www.teleskopshop.ch\/it\/shop\/ottica\/prolunghe-ottiche\/oculari\/oculari-per-cannocchiali\/acuter-spektiv-natureclose-st80b-geradsichtig\/","title":{"rendered":"Cannocchiale acuto Natureclose ST80B a visione dritta"},"content":{"rendered":"<p>Il superbo cannocchiale impermeabile Acuter Natureclose \u00e8 perfetto per l&#8217;osservatore serio della natura. Ha prestazioni ottiche eccellenti con immagini nitide, luminose e ad alta definizione su tutto il campo. \u00c8 incluso uno zoom 8-24 mm. Come gli oculari disponibili opzionalmente con lunghezze focali fisse, l&#8217;oculare zoom in dotazione ha una generosa estrazione pupillare e conchiglie oculari pieghevoli per i portatori di occhiali. Le lenti dell&#8217;obiettivo sono multistrato per la massima trasmissione della luce e un contrasto elevato. La messa a fuoco \u00e8 molto morbida. La custodia \u00e8 rivestita con una vernice protettiva in gomma per proteggere il dispositivo dalle influenze ambientali. Il cannocchiale \u00e8 dotato di una filettatura fotografica standard per il fissaggio a un treppiede. \u00c8 inclusa una custodia imbottita di alta qualit\u00e0. Fornitura: borsa per cannocchiale 20-60&#215;80 Alimentatore e batterie non inclusi!<\/p>\n<p>Generale<\/p>\n<table>\n<tr>\n<td>Peso<\/td>\n<p> di spedizione <\/p>\n<td>2.328 kg<\/td>\n<\/tr>\n<\/table>\n<table>\n<tr>\n<td>Dimensioni<\/td>\n<p> spedizione <\/p>\n<td>49x17x14 cm<\/td>\n<\/tr>\n<\/table>\n<p>osservazione della natura<\/p>\n<table>\n<tr>\n<td>Digitare<\/td>\n<td>Zoom Cannocchiale Dritto<\/td>\n<\/tr>\n<\/table>\n<table>\n<tr>\n<td>Ingrandimento<\/td>\n<td>20-60x<\/td>\n<\/tr>\n<\/table>\n<table>\n<tr>\n<td>Diametro lente obiettivo (mm)<\/td>\n<td>80<\/td>\n<\/tr>\n<\/table>\n<table>\n<tr>\n<td>Pupilla di uscita (mm)<\/td>\n<td>1,33<\/td>\n<\/tr>\n<\/table>\n<table>\n<tr>\n<td>Quadrante<\/td>\n<td>del sistema di messa a fuoco<\/td>\n<\/tr>\n<\/table>\n<table>\n<tr>\n<td>Rivestimento Lenti Rivestimento<\/td>\n<td>Multistrato<\/td>\n<\/tr>\n<\/table>\n<table>\n<tr>\n<td>A prova di schizzi<\/td>\n<td>s\u00ec<\/td>\n<\/tr>\n<\/table>\n","protected":false},"excerpt":{"rendered":"<p>Cannocchiale Acuter impermeabile 20-60&#215;80 con vista diritta<\/p>\n","protected":false},"featured_media":6731,"comment_status":"closed","ping_status":"open","template":"","meta":{"_acf_changed":false},"product_brand":[678],"product_cat":[1478,1505,1340],"product_tag":[],"class_list":{"0":"post-62563","1":"product","2":"type-product","3":"status-publish","4":"has-post-thumbnail","6":"product_brand-acuter","7":"product_cat-oculari","8":"product_cat-oculari-per-cannocchiali","9":"product_cat-ottica","11":"first","12":"instock","13":"taxable","14":"shipping-taxable","15":"purchasable","16":"product-type-simple"},"acf":[],"_links":{"self":[{"href":"https:\/\/www.teleskopshop.ch\/it\/wp-json\/wp\/v2\/product\/62563","targetHints":{"allow":["GET"]}}],"collection":[{"href":"https:\/\/www.teleskopshop.ch\/it\/wp-json\/wp\/v2\/product"}],"about":[{"href":"https:\/\/www.teleskopshop.ch\/it\/wp-json\/wp\/v2\/types\/product"}],"replies":[{"embeddable":true,"href":"https:\/\/www.teleskopshop.ch\/it\/wp-json\/wp\/v2\/comments?post=62563"}],"wp:featuredmedia":[{"embeddable":true,"href":"https:\/\/www.teleskopshop.ch\/it\/wp-json\/wp\/v2\/media\/6731"}],"wp:attachment":[{"href":"https:\/\/www.teleskopshop.ch\/it\/wp-json\/wp\/v2\/media?parent=62563"}],"wp:term":[{"taxonomy":"product_brand","embeddable":true,"href":"https:\/\/www.teleskopshop.ch\/it\/wp-json\/wp\/v2\/product_brand?post=62563"},{"taxonomy":"product_cat","embeddable":true,"href":"https:\/\/www.teleskopshop.ch\/it\/wp-json\/wp\/v2\/product_cat?post=62563"},{"taxonomy":"product_tag","embeddable":true,"href":"https:\/\/www.teleskopshop.ch\/it\/wp-json\/wp\/v2\/product_tag?post=62563"}],"curies":[{"name":"wp","href":"https:\/\/api.w.org\/{rel}","templated":true}]}}