{"id":62426,"date":"2022-05-09T00:00:00","date_gmt":"2022-05-08T22:00:00","guid":{"rendered":"https:\/\/2025.teleskopshop.ch\/shop\/senza-categoria\/hyperflex-7e2-9mm-27mm-teleskop-zoom-okular\/"},"modified":"2025-01-25T13:26:13","modified_gmt":"2025-01-25T12:26:13","slug":"hyperflex-7e2-9mm-27mm-teleskop-zoom-okular","status":"publish","type":"product","link":"https:\/\/www.teleskopshop.ch\/it\/shop\/ottica\/prolunghe-ottiche\/oculari\/oculari-da-125\/hyperflex-7e2-9mm-27mm-teleskop-zoom-okular\/","title":{"rendered":"Oculare zoom telescopio Hyperflex 7E2 9mm &#8211; 27mm"},"content":{"rendered":"<p>L&#8217;oculare zoom ad alte prestazioni OVL per telescopi di altissima qualit\u00e0 offre un campo visivo piatto e immagini nitide, chiare e prive di distorsioni. Fornisce una regolazione continua della lunghezza focale da 9 mm a 27 mm e un campo visivo apparente da 60\u00b0 a 40\u00b0. Alcune lunghezze focali di riferimento sono incise sul corpo per una maggiore comodit\u00e0. L&#8217;oculare pu\u00f2 essere regolato in modo estremamente fluido ed \u00e8 un piacere da osservare. L&#8217;estrazione pupillare \u00e8 di 18 mm. La costruzione comprende 7 lenti in 4 gruppi separati. Questo modello di oculare esotico \u00e8 dotato di una lente oculare di dimensioni generose e di una morbida conchiglia oculare regolabile per una visione confortevole. \u00c8 completamente rivestito a banda larga, i bordi dell&#8217;obiettivo sono stati anneriti ed \u00e8 dotato di aperture interne ed \u00e8 parafocale. L&#8217;alloggiamento \u00e8 di alta qualit\u00e0, anodizzato nero lucido e dotato di anelli di presa in gomma rigata. La presa dell&#8217;oculare \u00e8 dotata di una filettatura per filtri standard da 1,25&#8243; per alloggiare i filtri. Fornitura: oculare zoom 9-27 mm con presa da 1,25&#8243; Cappucci di protezione dalla polvere! Alimentatore e batterie non sono inclusi!<\/p>\n<p>Generale<\/p>\n<table>\n<tr>\n<td>Peso<\/td>\n<p> di spedizione <\/p>\n<td>0,323 kg<\/td>\n<\/tr>\n<\/table>\n<table>\n<tr>\n<td>Dimensioni<\/td>\n<p> spedizione <\/p>\n<td>11&#215;7,5&#215;7 cm<\/td>\n<\/tr>\n<\/table>\n<p>attrezzatura<\/p>\n<table>\n<tr>\n<td>Tipo<\/td>\n<td>oculare zoom da 1,25&#8243;.<\/td>\n<\/tr>\n<\/table>\n<table>\n<tr>\n<td>Lunghezza focale (mm)<\/td>\n<td>9-27<\/td>\n<\/tr>\n<\/table>\n<table>\n<tr>\n<td>Proprio campo visivo (\u00b0)<\/td>\n<td>60<\/td>\n<\/tr>\n<\/table>\n<table>\n<tr>\n<td>Connessione<\/td>\n<td>1,25&#8243;<\/td>\n<\/tr>\n<\/table>\n<table>\n<tr>\n<td>Compensazione Compensazione<\/td>\n<td>multistrato a banda larga<\/td>\n<\/tr>\n<\/table>\n","protected":false},"excerpt":{"rendered":"<p>Oculare zoom telescopio ad alte prestazioni da 1,25&#8243; da 9 mm a 27 mm: consente di risparmiare un set di oculari di alta qualit\u00e0!<\/p>\n","protected":false},"featured_media":5823,"comment_status":"closed","ping_status":"open","template":"","meta":{"_acf_changed":false},"product_brand":[690],"product_cat":[1478,1481,1340],"product_tag":[],"class_list":{"0":"post-62426","1":"product","2":"type-product","3":"status-publish","4":"has-post-thumbnail","6":"product_brand-hyperflex","7":"product_cat-oculari","8":"product_cat-oculari-da-125","9":"product_cat-ottica","11":"first","12":"instock","13":"taxable","14":"shipping-taxable","15":"purchasable","16":"product-type-simple"},"acf":[],"_links":{"self":[{"href":"https:\/\/www.teleskopshop.ch\/it\/wp-json\/wp\/v2\/product\/62426","targetHints":{"allow":["GET"]}}],"collection":[{"href":"https:\/\/www.teleskopshop.ch\/it\/wp-json\/wp\/v2\/product"}],"about":[{"href":"https:\/\/www.teleskopshop.ch\/it\/wp-json\/wp\/v2\/types\/product"}],"replies":[{"embeddable":true,"href":"https:\/\/www.teleskopshop.ch\/it\/wp-json\/wp\/v2\/comments?post=62426"}],"wp:featuredmedia":[{"embeddable":true,"href":"https:\/\/www.teleskopshop.ch\/it\/wp-json\/wp\/v2\/media\/5823"}],"wp:attachment":[{"href":"https:\/\/www.teleskopshop.ch\/it\/wp-json\/wp\/v2\/media?parent=62426"}],"wp:term":[{"taxonomy":"product_brand","embeddable":true,"href":"https:\/\/www.teleskopshop.ch\/it\/wp-json\/wp\/v2\/product_brand?post=62426"},{"taxonomy":"product_cat","embeddable":true,"href":"https:\/\/www.teleskopshop.ch\/it\/wp-json\/wp\/v2\/product_cat?post=62426"},{"taxonomy":"product_tag","embeddable":true,"href":"https:\/\/www.teleskopshop.ch\/it\/wp-json\/wp\/v2\/product_tag?post=62426"}],"curies":[{"name":"wp","href":"https:\/\/api.w.org\/{rel}","templated":true}]}}