{"id":62359,"date":"2022-05-09T00:00:00","date_gmt":"2022-05-08T22:00:00","guid":{"rendered":"https:\/\/2025.teleskopshop.ch\/shop\/senza-categoria\/variabler-polarisations-teleskop-filter-1-25\/"},"modified":"2025-01-25T13:26:21","modified_gmt":"2025-01-25T12:26:21","slug":"variabler-polarisations-teleskop-filter-1-25","status":"publish","type":"product","link":"https:\/\/www.teleskopshop.ch\/it\/shop\/ottica\/prolunghe-ottiche\/filtro-portafiltro\/filtri-polarizzatori\/variabler-polarisations-teleskop-filter-1-25\/","title":{"rendered":"Filtro telescopio a polarizzazione variabile 1,25&#8243;"},"content":{"rendered":"<p>Questi filtri per telescopi OVL di alta qualit\u00e0 realizzati in vetro ottico in un telaio in alluminio anodizzato nero riducono la luce che entra nell&#8217;oculare grazie alla polarizzazione variabile. Puoi attenuare progressivamente la luce quando osservi oggetti luminosi come la luna o alcuni pianeti al livello adatto alle tue esigenze, aumentando cos\u00ec il contrasto ed eliminando l&#8217;abbagliamento per vedere pi\u00f9 dettagli. La trasmissione della luce pu\u00f2 essere regolata in modo variabile tra il 40% e meno dell&#8217;1%. Il filtro non cambia il colore dell&#8217;oggetto osservato e previene l&#8217;affaticamento degli occhi e la perdita della vista notturna. Ogni set di filtri \u00e8 composto da due filtri polarizzatori, uno dei quali pu\u00f2 essere ruotato per regolare la luminosit\u00e0. I filtri possono essere utilizzati anche singolarmente, ad esempio per ridurre i riflessi di luce dalle superfici dell&#8217;acqua o dal vetro durante l&#8217;osservazione diurna. Fornitura: scatola portafiltri da 1,25&#8243;! Alimentatore e batterie non sono inclusi!<\/p>\n<p>Generale<\/p>\n<table>\n<tr>\n<td>Peso di<\/td>\n<p> spedizione <\/p>\n<td>0,03 kg<\/td>\n<\/tr>\n<\/table>\n<table>\n<tr>\n<td>Dimensioni<\/td>\n<p> di spedizione <\/p>\n<td>4,5x4x4,5 cm<\/td>\n<\/tr>\n<\/table>\n<p>attrezzatura<\/p>\n<table>\n<tr>\n<td>Digitare<\/td>\n<td>filtro a polarizzazione variabile<\/td>\n<\/tr>\n<\/table>\n<table>\n<tr>\n<td>Collegamento<\/td>\n<td>Filettatura del filtro da 1,25&#8243; (28,5 mm).<\/td>\n<\/tr>\n<\/table>\n","protected":false},"excerpt":{"rendered":"<p>Filtro telescopico a doppia polarizzazione regolabile<\/p>\n","protected":false},"featured_media":5647,"comment_status":"closed","ping_status":"open","template":"","meta":{"_acf_changed":false},"product_brand":[681],"product_cat":[1421,1379,1340],"product_tag":[],"class_list":{"0":"post-62359","1":"product","2":"type-product","3":"status-publish","4":"has-post-thumbnail","6":"product_brand-sonstige","7":"product_cat-filtri-polarizzatori","8":"product_cat-filtro-portafiltro","9":"product_cat-ottica","11":"first","12":"instock","13":"taxable","14":"shipping-taxable","15":"purchasable","16":"product-type-simple"},"acf":[],"_links":{"self":[{"href":"https:\/\/www.teleskopshop.ch\/it\/wp-json\/wp\/v2\/product\/62359","targetHints":{"allow":["GET"]}}],"collection":[{"href":"https:\/\/www.teleskopshop.ch\/it\/wp-json\/wp\/v2\/product"}],"about":[{"href":"https:\/\/www.teleskopshop.ch\/it\/wp-json\/wp\/v2\/types\/product"}],"replies":[{"embeddable":true,"href":"https:\/\/www.teleskopshop.ch\/it\/wp-json\/wp\/v2\/comments?post=62359"}],"wp:featuredmedia":[{"embeddable":true,"href":"https:\/\/www.teleskopshop.ch\/it\/wp-json\/wp\/v2\/media\/5647"}],"wp:attachment":[{"href":"https:\/\/www.teleskopshop.ch\/it\/wp-json\/wp\/v2\/media?parent=62359"}],"wp:term":[{"taxonomy":"product_brand","embeddable":true,"href":"https:\/\/www.teleskopshop.ch\/it\/wp-json\/wp\/v2\/product_brand?post=62359"},{"taxonomy":"product_cat","embeddable":true,"href":"https:\/\/www.teleskopshop.ch\/it\/wp-json\/wp\/v2\/product_cat?post=62359"},{"taxonomy":"product_tag","embeddable":true,"href":"https:\/\/www.teleskopshop.ch\/it\/wp-json\/wp\/v2\/product_tag?post=62359"}],"curies":[{"name":"wp","href":"https:\/\/api.w.org\/{rel}","templated":true}]}}