{"id":62344,"date":"2022-05-09T00:00:00","date_gmt":"2022-05-08T22:00:00","guid":{"rendered":"https:\/\/2025.teleskopshop.ch\/shop\/senza-categoria\/lichtverschmutzungs-teleskop-filter-1-25\/"},"modified":"2025-01-25T13:26:16","modified_gmt":"2025-01-25T12:26:16","slug":"lichtverschmutzungs-teleskop-filter-1-25","status":"publish","type":"product","link":"https:\/\/www.teleskopshop.ch\/it\/shop\/ottica\/prolunghe-ottiche\/filtro-portafiltro\/filtri-contro-linquinamento-luminoso\/lichtverschmutzungs-teleskop-filter-1-25\/","title":{"rendered":"Filtro per telescopio per inquinamento luminoso 1,25&#8243;"},"content":{"rendered":"<p>Questi filtri per telescopi OVL nel loro telaio in alluminio anodizzato nero sono progettati per filtrare la luce che interferisce dalle lampade a vapori di mercurio e altro inquinamento luminoso, consentendo al contempo alle lunghezze d&#8217;onda critiche H-alfa e H-beta di passare meglio dei filtri concorrenti. I cieli luminosi e inquinati dalla luce appaiono molto pi\u00f9 scuri e il contrasto tra il cielo e l&#8217;oggetto \u00e8 visibilmente aumentato. Questo effetto di miglioramento del contrasto \u00e8 particolarmente importante nella nebbia. A differenza delle stelle, le nebulose emettono luce solo in una gamma molto limitata di lunghezze d&#8217;onda. Questi filtri consentono la massima trasmissione delle lunghezze d&#8217;onda importanti in H-alfa, H-beta e le due linee di ossigeno ionizzato, queste sono le gamme di lunghezze d&#8217;onda pi\u00f9 importanti nelle nebulose. Anche le osservazioni di galassie e ammassi stellari beneficiano di questo filtro, sebbene non altrettanto. Inoltre, il contrasto dei dettagli rossastri sui pianeti \u00e8 migliorato. Questo filtro funziona con telescopi di tutte le dimensioni, ma \u00e8 particolarmente adatto per telescopi fino a 114 mm di diametro, dove altri filtri rimuovono troppa luce. Fornitura: scatola portafiltri da 1,25&#8243;! Alimentatore e batterie non sono inclusi!<\/p>\n<p>Generale<\/p>\n<table>\n<tr>\n<td>Peso<\/td>\n<p> di spedizione <\/p>\n<td>0,025 kg<\/td>\n<\/tr>\n<\/table>\n<table>\n<tr>\n<td>Dimensioni<\/td>\n<p> spedizione <\/p>\n<td>5,5&#215;4,5&#215;2 cm<\/td>\n<\/tr>\n<\/table>\n<p>attrezzatura<\/p>\n<table>\n<tr>\n<td>Digitare<\/td>\n<td>filtro di miglioramento del contrasto<\/td>\n<\/tr>\n<\/table>\n<table>\n<tr>\n<td>Collegamento<\/td>\n<td>Filettatura del filtro da 1,25&#8243; (28,5 mm).<\/td>\n<\/tr>\n<\/table>\n","protected":false},"excerpt":{"rendered":"<p>Il telescopio filtra contro il fastidioso inquinamento luminoso dentro e intorno alle citt\u00e0<\/p>\n","protected":false},"featured_media":5607,"comment_status":"closed","ping_status":"open","template":"","meta":{"_acf_changed":false},"product_brand":[681],"product_cat":[1403,1379,1340],"product_tag":[],"class_list":{"0":"post-62344","1":"product","2":"type-product","3":"status-publish","4":"has-post-thumbnail","6":"product_brand-sonstige","7":"product_cat-filtri-contro-linquinamento-luminoso","8":"product_cat-filtro-portafiltro","9":"product_cat-ottica","11":"first","12":"instock","13":"taxable","14":"shipping-taxable","15":"purchasable","16":"product-type-simple"},"acf":[],"_links":{"self":[{"href":"https:\/\/www.teleskopshop.ch\/it\/wp-json\/wp\/v2\/product\/62344","targetHints":{"allow":["GET"]}}],"collection":[{"href":"https:\/\/www.teleskopshop.ch\/it\/wp-json\/wp\/v2\/product"}],"about":[{"href":"https:\/\/www.teleskopshop.ch\/it\/wp-json\/wp\/v2\/types\/product"}],"replies":[{"embeddable":true,"href":"https:\/\/www.teleskopshop.ch\/it\/wp-json\/wp\/v2\/comments?post=62344"}],"wp:featuredmedia":[{"embeddable":true,"href":"https:\/\/www.teleskopshop.ch\/it\/wp-json\/wp\/v2\/media\/5607"}],"wp:attachment":[{"href":"https:\/\/www.teleskopshop.ch\/it\/wp-json\/wp\/v2\/media?parent=62344"}],"wp:term":[{"taxonomy":"product_brand","embeddable":true,"href":"https:\/\/www.teleskopshop.ch\/it\/wp-json\/wp\/v2\/product_brand?post=62344"},{"taxonomy":"product_cat","embeddable":true,"href":"https:\/\/www.teleskopshop.ch\/it\/wp-json\/wp\/v2\/product_cat?post=62344"},{"taxonomy":"product_tag","embeddable":true,"href":"https:\/\/www.teleskopshop.ch\/it\/wp-json\/wp\/v2\/product_tag?post=62344"}],"curies":[{"name":"wp","href":"https:\/\/api.w.org\/{rel}","templated":true}]}}