{"id":62245,"date":"2022-05-09T00:00:00","date_gmt":"2022-05-08T22:00:00","guid":{"rendered":"https:\/\/2025.teleskopshop.ch\/shop\/senza-categoria\/helios-spektiv-fieldmaster-ed82ds-triplet-zoom\/"},"modified":"2025-01-25T13:16:06","modified_gmt":"2025-01-25T12:16:06","slug":"helios-spektiv-fieldmaster-ed82ds-triplet-zoom","status":"publish","type":"product","link":"https:\/\/www.teleskopshop.ch\/it\/shop\/ottica\/treppiedi-it\/piu-grandi-di-50-mm\/helios-spektiv-fieldmaster-ed82ds-triplet-zoom\/","title":{"rendered":"Cannocchiale Helios Fieldmaster ED82DS Triplet Zoom"},"content":{"rendered":"<p>Il nuovo cannocchiale top di gamma Helios Fieldmaster ED80DS \u00e8 perfetto per gli osservatori di uccelli e natura pi\u00f9 esigenti. Questo cannocchiale di fascia alta include una lente tripletta per una perfetta correzione dell&#8217;immagine e prestazioni ottiche eccellenti. Sono stati installati occhiali ED esotici per un&#8217;immagine senza errori di colore e una perfetta riproduzione dei colori. Inoltre, sono stati installati prismi BaK4 di alta qualit\u00e0. L&#8217;ottica \u00e8 completamente multistrato a banda larga. \u00c8 stata inoltre installata una riduzione di 4:1 per una messa a fuoco precisa. L&#8217;elegante cannocchiale ha un corpo leggero in lega di magnesio e una visiera parasole retrattile. Il dispositivo \u00e8 impermeabile e riempito di azoto per evitare l&#8217;appannamento. L&#8217;oculare zoom da 7,5-22,5 mm incluso, composto da 8 elementi dell&#8217;obiettivo, consente una generosa estrazione pupillare di 18-19,5 mm ed \u00e8 quindi perfetto anche per le persone che indossano gli occhiali. \u00c8 inclusa una custodia protettiva. Il cannocchiale Helios pu\u00f2 essere montato su un treppiede con la filettatura integrata. Fornitura: copertura protettiva per cannocchiale 20-60x82ED Alimentatore e batterie non inclusi!<\/p>\n<p>Generale<\/p>\n<table>\n<tr>\n<td>Peso<\/td>\n<p> di spedizione <\/p>\n<td>3.357 kg<\/td>\n<\/tr>\n<\/table>\n<table>\n<tr>\n<td>Dimensioni<\/td>\n<p> spedizione <\/p>\n<td>42x21x15 cm<\/td>\n<\/tr>\n<\/table>\n<p>osservazione della natura<\/p>\n<table>\n<tr>\n<td>Digitare<\/td>\n<td>il cannocchiale con tripletto zoom<\/td>\n<\/tr>\n<\/table>\n<table>\n<tr>\n<td>Ingrandimento<\/td>\n<td>20-60x<\/td>\n<\/tr>\n<\/table>\n<table>\n<tr>\n<td>Diametro lente obiettivo (mm)<\/td>\n<td>82<\/td>\n<\/tr>\n<\/table>\n<table>\n<tr>\n<td>Pupilla di uscita (mm)<\/td>\n<td>1,37<\/td>\n<\/tr>\n<\/table>\n<table>\n<tr>Rotella di regolazione del <\/p>\n<td>sistema di messa a fuoco<\/td>\n<td>con riduzione 4:1<\/td>\n<\/tr>\n<\/table>\n<table>\n<tr>Tipi di <\/p>\n<td>vetro<\/td>\n<td>ED vetro 2 lenti<\/td>\n<\/tr>\n<\/table>\n<table>\n<tr>\n<td>Lens Coat<\/td>\n<td>Rivestimento multistrato a banda larga<\/td>\n<\/tr>\n<\/table>\n<table>\n<tr>\n<td>Distanza minima di messa a fuoco (m)<\/td>\n<td>13.00<\/td>\n<\/tr>\n<\/table>\n<table>\n<tr>\n<td>A prova di schizzi<\/td>\n<td>s\u00ec<\/td>\n<\/tr>\n<\/table>\n<table>\n<tr>\n<td>Riempimento di azoto (s\u00ec \/ no)<\/td>\n<td>s\u00ec<\/td>\n<\/tr>\n<\/table>\n","protected":false},"excerpt":{"rendered":"<p>Cannocchiale ED Helios impermeabile da 82 mm con ingrandimento 20-60x<\/p>\n","protected":false},"featured_media":6571,"comment_status":"closed","ping_status":"open","template":"","meta":{"_acf_changed":false},"product_brand":[682],"product_cat":[1340,1562,1556],"product_tag":[],"class_list":{"0":"post-62245","1":"product","2":"type-product","3":"status-publish","4":"has-post-thumbnail","6":"product_brand-helios","7":"product_cat-ottica","8":"product_cat-piu-grandi-di-50-mm","9":"product_cat-treppiedi-it","11":"first","12":"instock","13":"taxable","14":"shipping-taxable","15":"purchasable","16":"product-type-simple"},"acf":[],"_links":{"self":[{"href":"https:\/\/www.teleskopshop.ch\/it\/wp-json\/wp\/v2\/product\/62245","targetHints":{"allow":["GET"]}}],"collection":[{"href":"https:\/\/www.teleskopshop.ch\/it\/wp-json\/wp\/v2\/product"}],"about":[{"href":"https:\/\/www.teleskopshop.ch\/it\/wp-json\/wp\/v2\/types\/product"}],"replies":[{"embeddable":true,"href":"https:\/\/www.teleskopshop.ch\/it\/wp-json\/wp\/v2\/comments?post=62245"}],"wp:featuredmedia":[{"embeddable":true,"href":"https:\/\/www.teleskopshop.ch\/it\/wp-json\/wp\/v2\/media\/6571"}],"wp:attachment":[{"href":"https:\/\/www.teleskopshop.ch\/it\/wp-json\/wp\/v2\/media?parent=62245"}],"wp:term":[{"taxonomy":"product_brand","embeddable":true,"href":"https:\/\/www.teleskopshop.ch\/it\/wp-json\/wp\/v2\/product_brand?post=62245"},{"taxonomy":"product_cat","embeddable":true,"href":"https:\/\/www.teleskopshop.ch\/it\/wp-json\/wp\/v2\/product_cat?post=62245"},{"taxonomy":"product_tag","embeddable":true,"href":"https:\/\/www.teleskopshop.ch\/it\/wp-json\/wp\/v2\/product_tag?post=62245"}],"curies":[{"name":"wp","href":"https:\/\/api.w.org\/{rel}","templated":true}]}}