{"id":62239,"date":"2022-05-09T00:00:00","date_gmt":"2022-05-08T22:00:00","guid":{"rendered":"https:\/\/2025.teleskopshop.ch\/shop\/senza-categoria\/acuter-spektiv-mak-70-25-75x70\/"},"modified":"2025-01-25T13:16:08","modified_gmt":"2025-01-25T12:16:08","slug":"acuter-spektiv-mak-70-25-75x70","status":"publish","type":"product","link":"https:\/\/www.teleskopshop.ch\/it\/shop\/ottica\/treppiedi-it\/piu-grandi-di-50-mm\/acuter-spektiv-mak-70-25-75x70\/","title":{"rendered":"Cannocchiale acuto MAK 70 25-75&#215;70"},"content":{"rendered":"<p>Questo cannocchiale gommato Acuter pu\u00f2 essere piccolo, ma ha un&#8217;elevata capacit\u00e0 di ingrandimento grazie al suo design Maksutov Cassegrain. Questo design speciale piega il percorso del raggio, consentendo un tubo corto. L&#8217;ottica \u00e8 completamente multistrato per un&#8217;eccellente trasmissione della luce, risoluzione e contrasto. La messa a fuoco pu\u00f2 essere azionata molto dolcemente ed \u00e8, come al solito, sul lato destro del tubo. Una filettatura fotografica da 1\/4&#8243; \u00e8 integrata per il fissaggio a un treppiede. Fornitura: cannocchiale 25-75&#215;70! Alimentatore e batterie non sono inclusi!<\/p>\n<p>Generale<\/p>\n<table>\n<tr>\n<td>Peso di<\/td>\n<p> spedizione <\/p>\n<td>1,3 kg<\/td>\n<\/tr>\n<\/table>\n<table>\n<tr>\n<td>Dimensioni<\/td>\n<p> spedizione <\/p>\n<td>35x18x12cm<\/td>\n<\/tr>\n<\/table>\n<p>osservazione della natura<\/p>\n<table>\n<tr>\n<td>Digitare<\/td>\n<td>il cannocchiale zoom Maksutov Cassegrain<\/td>\n<\/tr>\n<\/table>\n<table>\n<tr>\n<td>Ingrandimento<\/td>\n<td>25-75 volte<\/td>\n<\/tr>\n<\/table>\n<table>\n<tr>\n<td>Diametro lente obiettivo (mm)<\/td>\n<td>70<\/td>\n<\/tr>\n<\/table>\n<table>\n<tr>\n<td>Pupilla di uscita (mm)<\/td>\n<td>0,93<\/td>\n<\/tr>\n<\/table>\n<table>\n<tr>\n<td>Sistema di messa a fuoco con messa a fuoco primaria a<\/td>\n<td>specchio<\/td>\n<\/tr>\n<\/table>\n<table>\n<tr>\n<td>Rivestimento Lenti Rivestimento<\/td>\n<td>Multistrato<\/td>\n<\/tr>\n<\/table>\n<table>\n<tr>\n<td>Distanza minima di messa a fuoco (m)<\/td>\n<td>4,20<\/td>\n<\/tr>\n<\/table>\n","protected":false},"excerpt":{"rendered":"<p>Cannocchiale Maksutov Cassegrain da 70 mm Acuter con ingrandimento 25-75x<\/p>\n","protected":false},"featured_media":6683,"comment_status":"closed","ping_status":"open","template":"","meta":{"_acf_changed":false},"product_brand":[678],"product_cat":[1340,1562,1556],"product_tag":[],"class_list":{"0":"post-62239","1":"product","2":"type-product","3":"status-publish","4":"has-post-thumbnail","6":"product_brand-acuter","7":"product_cat-ottica","8":"product_cat-piu-grandi-di-50-mm","9":"product_cat-treppiedi-it","11":"first","12":"instock","13":"taxable","14":"shipping-taxable","15":"purchasable","16":"product-type-simple"},"acf":[],"_links":{"self":[{"href":"https:\/\/www.teleskopshop.ch\/it\/wp-json\/wp\/v2\/product\/62239","targetHints":{"allow":["GET"]}}],"collection":[{"href":"https:\/\/www.teleskopshop.ch\/it\/wp-json\/wp\/v2\/product"}],"about":[{"href":"https:\/\/www.teleskopshop.ch\/it\/wp-json\/wp\/v2\/types\/product"}],"replies":[{"embeddable":true,"href":"https:\/\/www.teleskopshop.ch\/it\/wp-json\/wp\/v2\/comments?post=62239"}],"wp:featuredmedia":[{"embeddable":true,"href":"https:\/\/www.teleskopshop.ch\/it\/wp-json\/wp\/v2\/media\/6683"}],"wp:attachment":[{"href":"https:\/\/www.teleskopshop.ch\/it\/wp-json\/wp\/v2\/media?parent=62239"}],"wp:term":[{"taxonomy":"product_brand","embeddable":true,"href":"https:\/\/www.teleskopshop.ch\/it\/wp-json\/wp\/v2\/product_brand?post=62239"},{"taxonomy":"product_cat","embeddable":true,"href":"https:\/\/www.teleskopshop.ch\/it\/wp-json\/wp\/v2\/product_cat?post=62239"},{"taxonomy":"product_tag","embeddable":true,"href":"https:\/\/www.teleskopshop.ch\/it\/wp-json\/wp\/v2\/product_tag?post=62239"}],"curies":[{"name":"wp","href":"https:\/\/api.w.org\/{rel}","templated":true}]}}