{"id":62233,"date":"2022-05-09T00:00:00","date_gmt":"2022-05-08T22:00:00","guid":{"rendered":"https:\/\/2025.teleskopshop.ch\/shop\/senza-categoria\/acuter-spektiv-grandvista-ds80a\/"},"modified":"2025-01-25T13:16:11","modified_gmt":"2025-01-25T12:16:11","slug":"acuter-spektiv-grandvista-ds80a","status":"publish","type":"product","link":"https:\/\/www.teleskopshop.ch\/it\/shop\/ottica\/treppiedi-it\/piu-grandi-di-50-mm\/acuter-spektiv-grandvista-ds80a\/","title":{"rendered":"Cannocchiale acuto Grandvista DS80A"},"content":{"rendered":"<p>I nuovi cannocchiali da osservazione impermeabili acromatici Acuter GrandVista Series migliorati hanno un design eccezionalmente bello e sono strumenti ottici altamente funzionali e precisi. Lo speciale vetro ED a basso indice consente un&#8217;eccellente correzione del colore e un contrasto elevato senza aberrazioni cromatiche. Combinano prestazioni ottiche eccellenti con molte caratteristiche di fascia alta indispensabili, che li rendono perfetti per l&#8217;ornitologia e le osservazioni di natura estensiva, nonch\u00e9 per il tiro sportivo e persino l&#8217;astronomia.Il cannocchiale \u00e8 dotato di un oculare zoom standard da 20x a 60x, ma pu\u00f2 anche essere montato con uno standard gli oculari astronomici possono essere montati per un&#8217;ampia gamma di ingrandimenti. Il cannocchiale pu\u00f2 essere ruotato completamente nell&#8217;anello del tubo integrato per una visione particolarmente confortevole. L&#8217;intera ottica \u00e8 multistrato. Fornitura: borsa per cannocchiale 20-60&#215;80 Alimentatore e batterie non inclusi!<\/p>\n<p>Generale<\/p>\n<table>\n<tr>\n<td>Peso<\/td>\n<p> di spedizione <\/p>\n<td>2.710 kg<\/td>\n<\/tr>\n<\/table>\n<table>\n<tr>\n<td>Dimensioni<\/td>\n<p> spedizione <\/p>\n<td>59x20x13 cm<\/td>\n<\/tr>\n<\/table>\n<p>osservazione della natura<\/p>\n<table>\n<tr>\n<td>Tipo<\/td>\n<td>cannocchiale con oculari intercambiabili a 45\u00b0<\/td>\n<\/tr>\n<\/table>\n<table>\n<tr>\n<td>Ingrandimento<\/td>\n<td>20-60x<\/td>\n<\/tr>\n<\/table>\n<table>\n<tr>\n<td>Diametro lente obiettivo (mm)<\/td>\n<td>80<\/td>\n<\/tr>\n<\/table>\n<table>\n<tr>\n<td>Pupilla di uscita (mm)<\/td>\n<td>1,33<\/td>\n<\/tr>\n<\/table>\n<table>\n<tr>Quadrante del <\/p>\n<td>sistema di messa a fuoco<\/td>\n<td>con ulteriore riduzione 15:1<\/td>\n<\/tr>\n<\/table>\n<table>\n<tr>Tipi di <\/p>\n<td>vetro Vetro<\/td>\n<td>ED<\/td>\n<\/tr>\n<\/table>\n<table>\n<tr>\n<td>Estrazione oculare all&#8217;oculare (mm)<\/td>\n<td>20.00<\/td>\n<\/tr>\n<\/table>\n<table>\n<tr>\n<td>Distanza minima di messa a fuoco (m)<\/td>\n<td>6,00<\/td>\n<\/tr>\n<\/table>\n<table>\n<tr>\n<td>A prova di schizzi<\/td>\n<td>s\u00ec<\/td>\n<\/tr>\n<\/table>\n","protected":false},"excerpt":{"rendered":"<p>Cannocchiale Acuter impermeabile 20-60x80ED con vista a 45\u00b0<\/p>\n","protected":false},"featured_media":6675,"comment_status":"closed","ping_status":"open","template":"","meta":{"_acf_changed":false},"product_brand":[678],"product_cat":[1340,1562,1556],"product_tag":[],"class_list":{"0":"post-62233","1":"product","2":"type-product","3":"status-publish","4":"has-post-thumbnail","6":"product_brand-acuter","7":"product_cat-ottica","8":"product_cat-piu-grandi-di-50-mm","9":"product_cat-treppiedi-it","11":"first","12":"instock","13":"taxable","14":"shipping-taxable","15":"purchasable","16":"product-type-simple"},"acf":[],"_links":{"self":[{"href":"https:\/\/www.teleskopshop.ch\/it\/wp-json\/wp\/v2\/product\/62233","targetHints":{"allow":["GET"]}}],"collection":[{"href":"https:\/\/www.teleskopshop.ch\/it\/wp-json\/wp\/v2\/product"}],"about":[{"href":"https:\/\/www.teleskopshop.ch\/it\/wp-json\/wp\/v2\/types\/product"}],"replies":[{"embeddable":true,"href":"https:\/\/www.teleskopshop.ch\/it\/wp-json\/wp\/v2\/comments?post=62233"}],"wp:featuredmedia":[{"embeddable":true,"href":"https:\/\/www.teleskopshop.ch\/it\/wp-json\/wp\/v2\/media\/6675"}],"wp:attachment":[{"href":"https:\/\/www.teleskopshop.ch\/it\/wp-json\/wp\/v2\/media?parent=62233"}],"wp:term":[{"taxonomy":"product_brand","embeddable":true,"href":"https:\/\/www.teleskopshop.ch\/it\/wp-json\/wp\/v2\/product_brand?post=62233"},{"taxonomy":"product_cat","embeddable":true,"href":"https:\/\/www.teleskopshop.ch\/it\/wp-json\/wp\/v2\/product_cat?post=62233"},{"taxonomy":"product_tag","embeddable":true,"href":"https:\/\/www.teleskopshop.ch\/it\/wp-json\/wp\/v2\/product_tag?post=62233"}],"curies":[{"name":"wp","href":"https:\/\/api.w.org\/{rel}","templated":true}]}}