{"id":62224,"date":"2022-05-09T00:00:00","date_gmt":"2022-05-08T22:00:00","guid":{"rendered":"https:\/\/2025.teleskopshop.ch\/shop\/senza-categoria\/barr-stroud-spektiv-sierra-20-60x84ed\/"},"modified":"2025-01-25T13:25:02","modified_gmt":"2025-01-25T12:25:02","slug":"barr-stroud-spektiv-sierra-20-60x84ed","status":"publish","type":"product","link":"https:\/\/www.teleskopshop.ch\/it\/shop\/ottica\/treppiedi-it\/piu-grandi-di-50-mm\/barr-stroud-spektiv-sierra-20-60x84ed\/","title":{"rendered":"Cannocchiale Barr &amp; Stroud Sierra 20-60x84ED"},"content":{"rendered":"<p>Il cannocchiale di fascia alta Barr &amp; Stroud 20-60&#215;84 ED Deluxe \u00e8 stato sviluppato per gli esperti di birdwatching e osservatori della natura. Un elemento in vetro giapponese S-FPL53ED di alta qualit\u00e0 \u00e8 stato utilizzato nell&#8217;obiettivo per consentire immagini a colori quasi prive di errori di colore. Il cannocchiale ED \u00e8 dotato di un oculare zoom super grandangolare 20-60x di alta qualit\u00e0 con oculare regolabile. L&#8217;oculare contiene un elemento asferico per correggere le aberrazioni sferiche. L&#8217;oculare \u00e8 tenuto saldamente in un anello di compressione in ottone. Tuttavia, il cannocchiale pu\u00f2 anche essere dotato di normali oculari da 1,25&#8243;, rendendolo ancora pi\u00f9 versatile. Il cannocchiale Barr &amp; Stroud pu\u00f2 essere messo a fuoco dolcemente, comodamente e in modo intuitivo con un grande anello zigrinato. prismi BaK-4 corretti ed \u00e8 completamente multistrato Ottica rivestita per la massima trasmissione della luce e immagini luminose e ad alto contrasto \u00c8 impermeabile e riempito di azoto per una visione senza nebbia L&#8217;alloggiamento \u00e8 realizzato in una lega di alluminio-magnesio resistente ma leggera e rivestito in un bella gomma per proteggerlo dagli urti.Per il fissaggio a un treppiede, \u00e8 dotato di un anello girevole con filo fotografico, utile anche per i tiratori.Include anche un cappuccio antirugiada estensibile.Un sacchetto protettivo \u00e8 incluso nella fornitura del cannocchiale.Fornitura: borsa oculare zoom cannocchiale!L&#8217;alimentatore e le batterie non sono inclusi.<\/p>\n<p>Generale<\/p>\n<table>\n<tr>\n<td>Peso<\/td>\n<p> di spedizione <\/p>\n<td>2,3 kg<\/td>\n<\/tr>\n<\/table>\n<table>\n<tr>\n<td>Dimensioni<\/td>\n<p> spedizione <\/p>\n<td>20x14x50 cm<\/td>\n<\/tr>\n<\/table>\n<p>Dati: Barr &amp; Stroud<\/p>\n<table>\n<tr>\n<td>Cannocchiale tipo<\/td>\n<td>45\u00b0 ED con attacco oculare intercambiabile 1,25&#8243;<\/td>\n<\/tr>\n<\/table>\n<table>\n<tr>\n<td>Ingrandimento<\/td>\n<td>20-60x<\/td>\n<\/tr>\n<\/table>\n<table>\n<tr>\n<td>Diametro lente obiettivo (mm)<\/td>\n<td>84<\/td>\n<\/tr>\n<\/table>\n<table>\n<tr>\n<td>Pupilla di uscita (mm)<\/td>\n<td>1,40<\/td>\n<\/tr>\n<\/table>\n<table>\n<tr>\n<td>Sistema di messa a fuoco Messa a fuoco interna<\/td>\n<td>tramite ampio anello di regolazione<\/td>\n<\/tr>\n<\/table>\n<table>\n<tr>Tipi di <\/p>\n<td>vetro<\/td>\n<td>S-FPL53 ED per lente \/ BaK-4 per prismi<\/td>\n<\/tr>\n<\/table>\n<table>\n<tr>\n<td>Rivestimento lenti<\/td>\n<td>Ottica FMC \/ Prismi PHC<\/td>\n<\/tr>\n<\/table>\n<table>\n<tr>Campo <\/p>\n<td>visivo a 1000 m<\/td>\n<td>da 34,4 a 17,7 m<\/td>\n<\/tr>\n<\/table>\n<table>\n<tr>\n<td>Distanza minima di messa a fuoco (m)<\/td>\n<td>\n<table>\n<tr>\n<td>A prova di schizzi<\/td>\n<td>s\u00ec<\/td>\n<\/tr>\n<\/table>\n<table>\n<tr>\n<td>Riempimento di azoto (s\u00ec \/ no)<\/td>\n<td>s\u00ec<\/td>\n<\/tr>\n<\/table>\n","protected":false},"excerpt":{"rendered":"<p>Barr &amp; Stroud Cannocchiale ED da 84 mm di alta qualit\u00e0 con attacco oculare da 1,25&#8243; e oculare zoom 20-60x<\/p>\n","protected":false},"featured_media":6123,"comment_status":"closed","ping_status":"open","template":"","meta":{"_acf_changed":false},"product_brand":[684],"product_cat":[1340,1562,1556],"product_tag":[],"class_list":{"0":"post-62224","1":"product","2":"type-product","3":"status-publish","4":"has-post-thumbnail","6":"product_brand-barr-stroud","7":"product_cat-ottica","8":"product_cat-piu-grandi-di-50-mm","9":"product_cat-treppiedi-it","11":"first","12":"instock","13":"taxable","14":"shipping-taxable","15":"purchasable","16":"product-type-simple"},"acf":[],"_links":{"self":[{"href":"https:\/\/www.teleskopshop.ch\/it\/wp-json\/wp\/v2\/product\/62224","targetHints":{"allow":["GET"]}}],"collection":[{"href":"https:\/\/www.teleskopshop.ch\/it\/wp-json\/wp\/v2\/product"}],"about":[{"href":"https:\/\/www.teleskopshop.ch\/it\/wp-json\/wp\/v2\/types\/product"}],"replies":[{"embeddable":true,"href":"https:\/\/www.teleskopshop.ch\/it\/wp-json\/wp\/v2\/comments?post=62224"}],"wp:featuredmedia":[{"embeddable":true,"href":"https:\/\/www.teleskopshop.ch\/it\/wp-json\/wp\/v2\/media\/6123"}],"wp:attachment":[{"href":"https:\/\/www.teleskopshop.ch\/it\/wp-json\/wp\/v2\/media?parent=62224"}],"wp:term":[{"taxonomy":"product_brand","embeddable":true,"href":"https:\/\/www.teleskopshop.ch\/it\/wp-json\/wp\/v2\/product_brand?post=62224"},{"taxonomy":"product_cat","embeddable":true,"href":"https:\/\/www.teleskopshop.ch\/it\/wp-json\/wp\/v2\/product_cat?post=62224"},{"taxonomy":"product_tag","embeddable":true,"href":"https:\/\/www.teleskopshop.ch\/it\/wp-json\/wp\/v2\/product_tag?post=62224"}],"curies":[{"name":"wp","href":"https:\/\/api.w.org\/{rel}","templated":true}]}}