{"id":62212,"date":"2022-05-09T00:00:00","date_gmt":"2022-05-08T22:00:00","guid":{"rendered":"https:\/\/2025.teleskopshop.ch\/shop\/senza-categoria\/helios-spektiv-rapide-12x50\/"},"modified":"2025-01-25T13:18:07","modified_gmt":"2025-01-25T12:18:07","slug":"helios-spektiv-rapide-12x50","status":"publish","type":"product","link":"https:\/\/www.teleskopshop.ch\/it\/shop\/ottica\/treppiedi-it\/fino-a-50-mm\/helios-spektiv-rapide-12x50\/","title":{"rendered":"Cannocchiale Helios Rapide 12&#215;50"},"content":{"rendered":"<p>Questo cannocchiale Helios impermeabile di alta qualit\u00e0 \u00e8 ideale per l&#8217;osservazione della natura e per le riprese sportive. La custodia in gomma dalla forma ergonomica si adatta perfettamente alla mano per un uso rapido e confortevole. Il cannocchiale pu\u00f2 essere montato sul treppiede da tavolo estensibile in dotazione o su un treppiede grande. I prismi BaK-4 di alta qualit\u00e0 e l&#8217;ottica completamente multistrato consentono prestazioni ottiche eccellenti. \u00c8 stato riempito con azoto per resistenza all&#8217;acqua e protezione antiappannamento. Per chi porta gli occhiali, \u00e8 dotato di un oculare pieghevole in gomma. L&#8217;estrazione pupillare \u00e8 di 14 mm. Fornitura: cannocchiale 12&#215;50 cappucci di protezione antipolvere treppiede da tavolo Alimentatore e batterie non inclusi!<\/p>\n<p>Generale<\/p>\n<table>\n<tr>Peso di <\/p>\n<td>spedizione<\/td>\n<td>1 kg<\/td>\n<\/tr>\n<\/table>\n<table>\n<tr>\n<td>Dimensioni<\/td>\n<p> spedizione <\/p>\n<td>20x15x8cm<\/td>\n<\/tr>\n<\/table>\n<p>osservazione della natura<\/p>\n<table>\n<tr>\n<td>Cannocchiale<\/td>\n<p> a prisma <\/p>\n<td>a<\/td>\n<p> tetto<\/tr>\n<\/table>\n<table>\n<tr>\n<td>Ingrandimento<\/td>\n<td>12<\/td>\n<\/tr>\n<\/table>\n<table>\n<tr>\n<td>Diametro lente obiettivo (mm)<\/td>\n<td>50<\/td>\n<\/tr>\n<\/table>\n<table>\n<tr>\n<td>Pupilla di uscita (mm)<\/td>\n<td>4.16<\/td>\n<\/tr>\n<\/table>\n<table>\n<tr>Focheggiatore <\/p>\n<td>rotante del sistema di<\/td>\n<p> messa a <\/p>\n<td>fuoco<\/td>\n<\/tr>\n<\/table>\n<table>\n<tr>\n<td>Il crepuscolo<\/td>\n<td>numero 19.3<\/td>\n<\/tr>\n<\/table>\n<table>\n<tr>\n<td>Intensit\u00e0<\/td>\n<p> luminosa <\/p>\n<td>17.31<\/td>\n<\/tr>\n<\/table>\n<table>\n<tr>\n<td>Rivestimento Lenti Rivestimento<\/td>\n<td>Multistrato<\/td>\n<\/tr>\n<\/table>\n<table>\n<tr>\n<td>Estrazione oculare all&#8217;oculare (mm)<\/td>\n<td>14.00<\/td>\n<\/tr>\n<\/table>\n<table>\n<tr>Campo <\/p>\n<td>visivo a 1000m<\/td>\n<td>82m<\/td>\n<\/tr>\n<\/table>\n<table>\n<tr>\n<td>Distanza minima di messa a fuoco (m)<\/td>\n<td>3,00<\/td>\n<\/tr>\n<\/table>\n<table>\n<tr>\n<td>A prova di schizzi<\/td>\n<td>s\u00ec<\/td>\n<\/tr>\n<\/table>\n<table>\n<tr>\n<td>Riempimento di azoto (s\u00ec \/ no)<\/td>\n<td>s\u00ec<\/td>\n<\/tr>\n<\/table>\n","protected":false},"excerpt":{"rendered":"<p>Cannocchiale Helios impermeabile con apertura di 50 mm e treppiede da tavolo<\/p>\n","protected":false},"featured_media":6559,"comment_status":"closed","ping_status":"open","template":"","meta":{"_acf_changed":false},"product_brand":[682],"product_cat":[1559,1340,1556],"product_tag":[],"class_list":{"0":"post-62212","1":"product","2":"type-product","3":"status-publish","4":"has-post-thumbnail","6":"product_brand-helios","7":"product_cat-fino-a-50-mm","8":"product_cat-ottica","9":"product_cat-treppiedi-it","11":"first","12":"instock","13":"taxable","14":"shipping-taxable","15":"purchasable","16":"product-type-simple"},"acf":[],"_links":{"self":[{"href":"https:\/\/www.teleskopshop.ch\/it\/wp-json\/wp\/v2\/product\/62212","targetHints":{"allow":["GET"]}}],"collection":[{"href":"https:\/\/www.teleskopshop.ch\/it\/wp-json\/wp\/v2\/product"}],"about":[{"href":"https:\/\/www.teleskopshop.ch\/it\/wp-json\/wp\/v2\/types\/product"}],"replies":[{"embeddable":true,"href":"https:\/\/www.teleskopshop.ch\/it\/wp-json\/wp\/v2\/comments?post=62212"}],"wp:featuredmedia":[{"embeddable":true,"href":"https:\/\/www.teleskopshop.ch\/it\/wp-json\/wp\/v2\/media\/6559"}],"wp:attachment":[{"href":"https:\/\/www.teleskopshop.ch\/it\/wp-json\/wp\/v2\/media?parent=62212"}],"wp:term":[{"taxonomy":"product_brand","embeddable":true,"href":"https:\/\/www.teleskopshop.ch\/it\/wp-json\/wp\/v2\/product_brand?post=62212"},{"taxonomy":"product_cat","embeddable":true,"href":"https:\/\/www.teleskopshop.ch\/it\/wp-json\/wp\/v2\/product_cat?post=62212"},{"taxonomy":"product_tag","embeddable":true,"href":"https:\/\/www.teleskopshop.ch\/it\/wp-json\/wp\/v2\/product_tag?post=62212"}],"curies":[{"name":"wp","href":"https:\/\/api.w.org\/{rel}","templated":true}]}}