{"id":62195,"date":"2022-05-09T00:00:00","date_gmt":"2022-05-08T22:00:00","guid":{"rendered":"https:\/\/2025.teleskopshop.ch\/shop\/senza-categoria\/skywatcher-teleskop-evostar-150-ed-mit-montierung-eq6r\/"},"modified":"2025-09-05T17:29:01","modified_gmt":"2025-09-05T15:29:01","slug":"skywatcher-teleskop-evostar-150-ed-mit-montierung-eq6r","status":"publish","type":"product","link":"https:\/\/www.teleskopshop.ch\/it\/shop\/ottica\/telescopi\/rifrattore\/con-montature-go-to\/skywatcher-teleskop-evostar-150-ed-mit-montierung-eq6r\/","title":{"rendered":"Skywatcher Teleskop Evostar 150 ED mit Montierung EQ6R"},"content":{"rendered":"<p>Die Optik: Apochromatische Refraktoren erzeugen durch ihre abschattungsfreien, lehrbuchartigen Beugungsmuster die sch\u00e4rfsten und hochwertigsten Abbildungen von allen Teleskop Systemen. Der Skywatcher High End Evostar 150ED Apo Refraktor enth\u00e4lt ein Doublet Objektiv mit einer Linse aus besonders niedrig brechendem ED Glas sowie ein darauf passend abgestimmtes Kronglas Element. Jede Glas-Luft Fl\u00e4che der Optik wurde mit einer exotischen, metallischen Anti-Reflektions Beschichtung versehen, um eine hohe, maximale Lichttransmission von 99,5 % zu erreichen! Die wegweisende Skywatcher &#8220;Metallic High-Transmission Coating\u201d (MHC) ist die hochwertigste optische Linsenbeschichtung in ihrer Klasse. Als Sonderzubeh\u00f6r ist ein auf das Teleskop abgestimmter 0,85x Reducer \/ Korrektor ebenfalls erh\u00e4ltlich. Die Montierung: Die neue, computergesteuerte Skywatcher EQ6-R PRO Synscan\u2122 Teleskop Montierung ist die beeindruckende, evolution\u00e4re Weiterentwicklung einer Legende, die die EQ6 PRO darstellt. Das moderne, optimierte Design der EQ6-R PRO beinhaltetet neue Ausstattungsdetails, die erfahrene Astrofotografen sofort \u00fcberzeugen werden: Erh\u00f6hte Zuladung von 20 kg f\u00fcr die Astrofotografie Antrieb \u00fcber Riemen f\u00fcr minimales &#8220;Backlash&#8221; &#8211; besonders leiser und weicher Betrieb und bessere Ergebnisse beim &#8220;Guiding&#8221;, sowie h\u00f6heres Drehmoment des Antriebes Verbesserte Polh\u00f6heneinstellung mit gr\u00f6\u00dferem Einstellbereich (5\u00b0 bis 65\u00b0) Eingebauter &#8220;SNAP&#8221; Kamera Kontroll Anschlu\u00df PPEC Schneckengetriebe und Periodische Schneckenfehler Korrektur Funktion (macht das st\u00e4ndig neue Trainieren des Antriebes \u00fcberfl\u00fcssig) Integrierter Tragegriff f\u00fcr einen bequemen Transport Die beigef\u00fcgte computergesteuerte Synscan\u2122 Handsteuerung erlaubt es das Teleskop auf ein bestimmtes Objekt auszurichten und bietet Touren \u00fcber den aktuellen Nachthimmel mit nur einem Knopfdruck an. Das benutzerfreundlichen Men\u00fc System erlaubt die automatische Nachf\u00fchrung von \u00fcber 42.000 astronomischen Objekten des Nachthimmels mit seiner umfangreichen Datenbank. Lieferumfang: Objektivdurchmesser: 150mm Tubusl\u00e4nge: 1280 mm Brennweite: 1200mm (f\/8) Dual-Speed 11:1 2\u201d Crayford Fokussierer Rohrschellen &amp; 45mm Skywatcher \/ Vixen Norm Prismenschiene Solider Aluminium Transportkoffer EQ6-R Montierung Stativ mit 2&#8243; Edelstahl Beinen und Ablageplatte Kombinierte Teleskopaufnahme f\u00fcr 3&#8243; und Sky-Watcher\/Vixen Norm Schwalbenschwanzschienen SynScan V.5 Handsteuerbox\/Kabel Gegengewichtsstange 18mm 240mm L\u00e4nge + 180mm L\u00e4nge 2 St\u00fcck 5 kg Gegengewichte Polsucherfernrohr Autoguiding Anschlu\u00df !Stromversorgung und Batterien sind nicht im Lieferumfang enthalten!<br \/>\nAllgemein<\/p>\n<table>\n<tbody>\n<tr>\n<td>Versandgewicht<\/td>\n<td>28.0kg \/ 22.0kg \/ 20.0kg<\/td>\n<\/tr>\n<\/tbody>\n<\/table>\n<table>\n<tbody>\n<tr>\n<td>Versandgr\u00f6\u00dfe<\/td>\n<td>150x37x47cm \/ 54x64x30cm \/ 117x27x27cm<\/td>\n<\/tr>\n<\/tbody>\n<\/table>\n<p>Optik<\/p>\n<table>\n<tbody>\n<tr>\n<td>Bauart<\/td>\n<td>apochromatischer Refraktor<\/td>\n<\/tr>\n<\/tbody>\n<\/table>\n<table>\n<tbody>\n<tr>\n<td>Brennweite (mm)<\/td>\n<td>1200<\/td>\n<\/tr>\n<\/tbody>\n<\/table>\n<table>\n<tbody>\n<tr>\n<td>\u00d6ffnung (mm)<\/td>\n<td>150<\/td>\n<\/tr>\n<\/tbody>\n<\/table>\n<table>\n<tbody>\n<tr>\n<td>\u00d6ffnungsverh\u00e4ltnis<\/td>\n<td>f:8.0<\/td>\n<\/tr>\n<\/tbody>\n<\/table>\n<table>\n<tbody>\n<tr>\n<td>Okularauszug<\/td>\n<td>Dual Speed 2&#8221; Crayford mit 11:1 Untersetzung<\/td>\n<\/tr>\n<\/tbody>\n<\/table>\n<table>\n<tbody>\n<tr>\n<td>Tubusgewicht (kg)<\/td>\n<td>9.50<\/td>\n<\/tr>\n<\/tbody>\n<\/table>\n<p>Montierung<\/p>\n<table>\n<tbody>\n<tr>\n<td>Typ<\/td>\n<td>\u00c4quatoriale Montierung<\/td>\n<\/tr>\n<\/tbody>\n<\/table>\n<table>\n<tbody>\n<tr>\n<td>GoTo<\/td>\n<td>ja<\/td>\n<\/tr>\n<\/tbody>\n<\/table>\n<table>\n<tbody>\n<tr>\n<td>Max. Zuladung photografisch (kg)<\/td>\n<td>20.00<\/td>\n<\/tr>\n<\/tbody>\n<\/table>\n<table>\n<tbody>\n<tr>\n<td>Montierungsgewicht gesamt (kg)<\/td>\n<td>34.80<\/td>\n<\/tr>\n<\/tbody>\n<\/table>\n","protected":false},"excerpt":{"rendered":"<p>Vielen Dank f\u00fcr Ihren Besuch bei Teleskopshop.ch. <\/p>\n<p>Es freut uns, Ihnen das Produkt <b>Skywatcher Teleskop Evostar 150 ED mit Montierung EQ6R<\/b> zu den nachfolgenden Konditionen anbieten zu d\u00fcrfen.<\/p>\n","protected":false},"featured_media":5515,"comment_status":"closed","ping_status":"closed","template":"","meta":{"_acf_changed":false},"product_brand":[675],"product_cat":[1640,1340,1631,1568],"product_tag":[],"class_list":{"0":"post-62195","1":"product","2":"type-product","3":"status-publish","4":"has-post-thumbnail","6":"product_brand-skywatcher","7":"product_cat-con-montature-go-to","8":"product_cat-ottica","9":"product_cat-rifrattore","10":"product_cat-telescopi","12":"first","13":"instock","14":"sale","15":"taxable","16":"shipping-taxable","17":"purchasable","18":"product-type-simple"},"acf":[],"_links":{"self":[{"href":"https:\/\/www.teleskopshop.ch\/it\/wp-json\/wp\/v2\/product\/62195","targetHints":{"allow":["GET"]}}],"collection":[{"href":"https:\/\/www.teleskopshop.ch\/it\/wp-json\/wp\/v2\/product"}],"about":[{"href":"https:\/\/www.teleskopshop.ch\/it\/wp-json\/wp\/v2\/types\/product"}],"replies":[{"embeddable":true,"href":"https:\/\/www.teleskopshop.ch\/it\/wp-json\/wp\/v2\/comments?post=62195"}],"wp:featuredmedia":[{"embeddable":true,"href":"https:\/\/www.teleskopshop.ch\/it\/wp-json\/wp\/v2\/media\/5515"}],"wp:attachment":[{"href":"https:\/\/www.teleskopshop.ch\/it\/wp-json\/wp\/v2\/media?parent=62195"}],"wp:term":[{"taxonomy":"product_brand","embeddable":true,"href":"https:\/\/www.teleskopshop.ch\/it\/wp-json\/wp\/v2\/product_brand?post=62195"},{"taxonomy":"product_cat","embeddable":true,"href":"https:\/\/www.teleskopshop.ch\/it\/wp-json\/wp\/v2\/product_cat?post=62195"},{"taxonomy":"product_tag","embeddable":true,"href":"https:\/\/www.teleskopshop.ch\/it\/wp-json\/wp\/v2\/product_tag?post=62195"}],"curies":[{"name":"wp","href":"https:\/\/api.w.org\/{rel}","templated":true}]}}