{"id":62180,"date":"2022-05-09T00:00:00","date_gmt":"2022-05-08T22:00:00","guid":{"rendered":"https:\/\/2025.teleskopshop.ch\/shop\/senza-categoria\/skywatcher-teleskop-startravel-120-az3\/"},"modified":"2025-03-03T09:47:41","modified_gmt":"2025-03-03T08:47:41","slug":"skywatcher-teleskop-startravel-120-az3","status":"publish","type":"product","link":"https:\/\/www.teleskopshop.ch\/it\/shop\/ottica\/telescopi\/rifrattore\/con-montatura-azimutale\/skywatcher-teleskop-startravel-120-az3\/","title":{"rendered":"Skywatcher Teleskop Startravel 120 AZ3"},"content":{"rendered":"<p>Die Teleskop Optik: Skywatcher Startravel Teleskope sind 2-elementige, Luftspalt Achromat Refraktoren, perfekt f\u00fcr die Weitfeld Beobachtung von Kometen, Sternfeldern, Sternhaufen, Nebeln, hellen Galaxien und Planeten, dem Mond und der Sonne (mit sicheren, geeigneten Filtern) sowie der Naturbeobachtung am Tag. Dieses Weitfeld Teleskop mit seinem kurzen Tubus ist aber auch mit fester \u00d6ffnung f\u00fcr die Astrofotografie oder terrestrische Fotografie zu verwenden. Sein schnelles \u00d6ffnungsverh\u00e4ltnis macht ihn ideal f\u00fcr die Fotografie von Mond und Sonnenfinsternissen sowie die Naturfotografie. Die Teleskop Montierung: Die intuitiv und einfach zu bedienende azimutale AZ3 Montierung bietet eine hohe Stabilit\u00e4t und pr\u00e4zise Kontrolle des Teleskopes \u00fcber zwei biegsame Einstellwellen in horizontaler und vertikaler Richtung. Lieferumfang: 120mm Refraktor Teleskop Sky-Watcher AZ3 Montierung Leuchtpunkt Sucher 1,25&#8243; 45\u00b0 Amici Prisma Okulare: 10mm &amp; 25mm Direkter DSLR Kamera Anschlu\u00df Fokussierer mit 2&#8243; und 1,25&#8243; Anschlu\u00df Aluminium Stativ mit Ablageplatte !Stromversorgung und Batterien sind nicht im Lieferumfang enthalten!<br \/>\nAllgemein<\/p>\n<table>\n<tbody>\n<tr>\n<td>Versandgewicht<\/td>\n<td>12.0kg<\/td>\n<\/tr>\n<\/tbody>\n<\/table>\n<table>\n<tbody>\n<tr>\n<td>Versandgr\u00f6\u00dfe<\/td>\n<td>97x45x25cm<\/td>\n<\/tr>\n<\/tbody>\n<\/table>\n<p>Optik<\/p>\n<table>\n<tbody>\n<tr>\n<td>Bauart<\/td>\n<td>achromatischer Refraktor<\/td>\n<\/tr>\n<\/tbody>\n<\/table>\n<table>\n<tbody>\n<tr>\n<td>Brennweite (mm)<\/td>\n<td>600<\/td>\n<\/tr>\n<\/tbody>\n<\/table>\n<table>\n<tbody>\n<tr>\n<td>\u00d6ffnung (mm)<\/td>\n<td>120<\/td>\n<\/tr>\n<\/tbody>\n<\/table>\n<table>\n<tbody>\n<tr>\n<td>\u00d6ffnungsverh\u00e4ltnis<\/td>\n<td>f:5<\/td>\n<\/tr>\n<\/tbody>\n<\/table>\n<table>\n<tbody>\n<tr>\n<td>Okularauszug<\/td>\n<td>2&#8243;<\/td>\n<\/tr>\n<\/tbody>\n<\/table>\n<table>\n<tbody>\n<tr>\n<td>Tubusgewicht (kg)<\/td>\n<td>3.90<\/td>\n<\/tr>\n<\/tbody>\n<\/table>\n<p>Montierung<\/p>\n<table>\n<tbody>\n<tr>\n<td>Typ<\/td>\n<td>Azimutale manuelle Montierung AZ3<\/td>\n<\/tr>\n<\/tbody>\n<\/table>\n<table>\n<tbody>\n<tr>\n<td>Max. Zuladung visuell (kg)<\/td>\n<td>5.00<\/td>\n<\/tr>\n<\/tbody>\n<\/table>\n<table>\n<tbody>\n<tr>\n<td>Montierungsgewicht gesamt (kg)<\/td>\n<td>3.90<\/td>\n<\/tr>\n<\/tbody>\n<\/table>\n","protected":false},"excerpt":{"rendered":"<p>Vielen Dank f\u00fcr Ihren Besuch bei Teleskopshop.ch. <\/p>\n<p>Es freut uns, Ihnen das Produkt <b>Skywatcher Teleskop Startravel 120 AZ3<\/b> zu den nachfolgenden Konditionen anbieten zu d\u00fcrfen.<\/p>\n","protected":false},"featured_media":5495,"comment_status":"closed","ping_status":"closed","template":"","meta":{"_acf_changed":false},"product_brand":[675],"product_cat":[1634,1340,1631,1568],"product_tag":[],"class_list":{"0":"post-62180","1":"product","2":"type-product","3":"status-publish","4":"has-post-thumbnail","6":"product_brand-skywatcher","7":"product_cat-con-montatura-azimutale","8":"product_cat-ottica","9":"product_cat-rifrattore","10":"product_cat-telescopi","12":"first","13":"instock","14":"sale","15":"taxable","16":"shipping-taxable","17":"purchasable","18":"product-type-simple"},"acf":[],"_links":{"self":[{"href":"https:\/\/www.teleskopshop.ch\/it\/wp-json\/wp\/v2\/product\/62180","targetHints":{"allow":["GET"]}}],"collection":[{"href":"https:\/\/www.teleskopshop.ch\/it\/wp-json\/wp\/v2\/product"}],"about":[{"href":"https:\/\/www.teleskopshop.ch\/it\/wp-json\/wp\/v2\/types\/product"}],"replies":[{"embeddable":true,"href":"https:\/\/www.teleskopshop.ch\/it\/wp-json\/wp\/v2\/comments?post=62180"}],"wp:featuredmedia":[{"embeddable":true,"href":"https:\/\/www.teleskopshop.ch\/it\/wp-json\/wp\/v2\/media\/5495"}],"wp:attachment":[{"href":"https:\/\/www.teleskopshop.ch\/it\/wp-json\/wp\/v2\/media?parent=62180"}],"wp:term":[{"taxonomy":"product_brand","embeddable":true,"href":"https:\/\/www.teleskopshop.ch\/it\/wp-json\/wp\/v2\/product_brand?post=62180"},{"taxonomy":"product_cat","embeddable":true,"href":"https:\/\/www.teleskopshop.ch\/it\/wp-json\/wp\/v2\/product_cat?post=62180"},{"taxonomy":"product_tag","embeddable":true,"href":"https:\/\/www.teleskopshop.ch\/it\/wp-json\/wp\/v2\/product_tag?post=62180"}],"curies":[{"name":"wp","href":"https:\/\/api.w.org\/{rel}","templated":true}]}}