{"id":62174,"date":"2022-05-09T00:00:00","date_gmt":"2022-05-08T22:00:00","guid":{"rendered":"https:\/\/2025.teleskopshop.ch\/shop\/senza-categoria\/skywatcher-teleskop-startravel-120-eq3-2\/"},"modified":"2025-03-03T09:47:08","modified_gmt":"2025-03-03T08:47:08","slug":"skywatcher-teleskop-startravel-120-eq3-2","status":"publish","type":"product","link":"https:\/\/www.teleskopshop.ch\/it\/shop\/ottica\/telescopi\/rifrattore\/con-montatura-equatoriale\/skywatcher-teleskop-startravel-120-eq3-2\/","title":{"rendered":"Skywatcher Teleskop Startravel 120 EQ3-2"},"content":{"rendered":"<p>Die Teleskop Optik: Skywatcher Startravel Teleskope sind 2-elementige, Luftspalt Achromat Refraktoren, perfekt f\u00fcr die Weitfeld Beobachtung von Kometen, Sternfeldern, Sternhaufen, Nebeln, hellen Galaxien und Planeten, dem Mond und der Sonne (mit sicheren, geeigneten Filtern) sowie der Naturbeobachtung am Tag. Dieses Weitfeld Teleskop mit seinem kurzen Tubus ist aber auch mit fester \u00d6ffnung f\u00fcr die Astrofotografie oder terrestrische Fotografie zu verwenden. Sein schnelles \u00d6ffnungsverh\u00e4ltnis macht ihn ideal f\u00fcr die Fotografie von Mond und Sonnenfinsternissen sowie die Naturfotografie. Die Teleskop Montierung: Diese kleinste, optional voll mit Motoren und GoTo Ausstattungsf\u00e4hige, \u00c4quatoriale Montierung von Skywatcher entspricht vom Aufbau her den gr\u00f6\u00dferen Modellen. Sie k\u00f6nnen mit Hilfe der Biegsamen Wellen das Objekt im Teleskop einstellen und Nachf\u00fchren. F\u00fcr die schnelle Bewegung k\u00f6nnen Sie die Klemmungen an den Achsen l\u00f6sen. Lieferumfang: 120mm Refraktor Teleskop Sky-Watcher EQ3-2 Montierung Leuchtpunkt Sucher Fokussierer mit Adapter f\u00fcr 2&#8243; und 1,25&#8243; 1,25&#8243; Zenitspiegel Okulare: 10mm &#038; 25mm 2fach Deluxe Barlow Linse mit Kameraadapter Aluminium Stativ mit Ablageplatte !Stromversorgung und Batterien sind nicht im Lieferumfang enthalten!<\/p>\n<p>Allgemein<\/p>\n<table>\n<tr>\n<td>Versandgewicht<\/td>\n<td>22.3kg<\/td>\n<\/tr>\n<\/table>\n<table>\n<tr>\n<td>Versandgr\u00f6\u00dfe<\/td>\n<td>97x64x26cm<\/td>\n<\/tr>\n<\/table>\n<p>Optik<\/p>\n<table>\n<tr>\n<td>Bauart<\/td>\n<td>achromatischer Refraktor<\/td>\n<\/tr>\n<\/table>\n<table>\n<tr>\n<td>Brennweite (mm)<\/td>\n<td>600<\/td>\n<\/tr>\n<\/table>\n<table>\n<tr>\n<td>\u00d6ffnung (mm)<\/td>\n<td>120<\/td>\n<\/tr>\n<\/table>\n<table>\n<tr>\n<td>\u00d6ffnungsverh\u00e4ltnis<\/td>\n<td>f:5<\/td>\n<\/tr>\n<\/table>\n<table>\n<tr>\n<td>Okularauszug<\/td>\n<td>2&#8243;<\/td>\n<\/tr>\n<\/table>\n<table>\n<tr>\n<td>Tubusgewicht (kg)<\/td>\n<td>4.10<\/td>\n<\/tr>\n<\/table>\n<\/td>\n<td>Montierung<\/p>\n<table>\n<tr>\n<td>Typ<\/td>\n<td>\u00c4quatoriale manuelle Montierung EQ3-2<\/td>\n<\/tr>\n<\/table>\n<table>\n<tr>\n<td>Max. Zuladung visuell (kg)<\/td>\n<td>5.00<\/td>\n<\/tr>\n<\/table>\n<table>\n<tr>\n<td>Montierungsgewicht gesamt (kg)<\/td>\n<td>12.00<\/td>\n<\/tr>\n<\/table>\n","protected":false},"excerpt":{"rendered":"<p>Vielen Dank f\u00fcr Ihren Besuch bei Teleskopshop.ch. <\/p>\n<p>Es freut uns, Ihnen das Produkt <b>Skywatcher Teleskop Startravel 120 EQ3-2<\/b> zu den nachfolgenden Konditionen anbieten zu d\u00fcrfen.<\/p>\n","protected":false},"featured_media":5479,"comment_status":"closed","ping_status":"closed","template":"","meta":{"_acf_changed":false},"product_brand":[675],"product_cat":[1643,1340,1631,1568],"product_tag":[],"class_list":{"0":"post-62174","1":"product","2":"type-product","3":"status-publish","4":"has-post-thumbnail","6":"product_brand-skywatcher","7":"product_cat-con-montatura-equatoriale","8":"product_cat-ottica","9":"product_cat-rifrattore","10":"product_cat-telescopi","12":"first","13":"instock","14":"sale","15":"taxable","16":"shipping-taxable","17":"purchasable","18":"product-type-simple"},"acf":[],"_links":{"self":[{"href":"https:\/\/www.teleskopshop.ch\/it\/wp-json\/wp\/v2\/product\/62174","targetHints":{"allow":["GET"]}}],"collection":[{"href":"https:\/\/www.teleskopshop.ch\/it\/wp-json\/wp\/v2\/product"}],"about":[{"href":"https:\/\/www.teleskopshop.ch\/it\/wp-json\/wp\/v2\/types\/product"}],"replies":[{"embeddable":true,"href":"https:\/\/www.teleskopshop.ch\/it\/wp-json\/wp\/v2\/comments?post=62174"}],"wp:featuredmedia":[{"embeddable":true,"href":"https:\/\/www.teleskopshop.ch\/it\/wp-json\/wp\/v2\/media\/5479"}],"wp:attachment":[{"href":"https:\/\/www.teleskopshop.ch\/it\/wp-json\/wp\/v2\/media?parent=62174"}],"wp:term":[{"taxonomy":"product_brand","embeddable":true,"href":"https:\/\/www.teleskopshop.ch\/it\/wp-json\/wp\/v2\/product_brand?post=62174"},{"taxonomy":"product_cat","embeddable":true,"href":"https:\/\/www.teleskopshop.ch\/it\/wp-json\/wp\/v2\/product_cat?post=62174"},{"taxonomy":"product_tag","embeddable":true,"href":"https:\/\/www.teleskopshop.ch\/it\/wp-json\/wp\/v2\/product_tag?post=62174"}],"curies":[{"name":"wp","href":"https:\/\/api.w.org\/{rel}","templated":true}]}}