{"id":62150,"date":"2022-05-09T00:00:00","date_gmt":"2022-05-08T22:00:00","guid":{"rendered":"https:\/\/2025.teleskopshop.ch\/shop\/senza-categoria\/skywatcher-teleskop-quattro-12s\/"},"modified":"2025-03-03T09:44:42","modified_gmt":"2025-03-03T08:44:42","slug":"skywatcher-teleskop-quattro-12s","status":"publish","type":"product","link":"https:\/\/www.teleskopshop.ch\/it\/shop\/ottica\/telescopi\/tubi-ottici-ota\/telescopi-a-riflessione\/newtoniano-it\/skywatcher-teleskop-quattro-12s\/","title":{"rendered":"Skywatcher Teleskop Quattro 12S"},"content":{"rendered":"<p>Die Teleskop Optik: Die neue Skywatcher Quattro Newton Teleskop Serie mit dem schnellen f\/4 \u00d6ffnungsverh\u00e4ltnis wurde speziell f\u00fcr die hochwertige Astrofotografie mit kurzen Belichtungszeiten entwickelt. Sie sind aber ebenfalls feine Teleskope f\u00fcr die visuelle Beobachtung. Anders als die kleineren Quattro Modelle ist der 12S nicht mit Blenden ausgestattet sondern Innen geschw\u00e4rzt. Der 2\u201c Linear Power Focuser mit Untersetzung enth\u00e4lt 4 pr\u00e4zise Kugellager um das Auszugsrohr stabil und ohne Shifting auch mit schwerem Zubeh\u00f6r zu f\u00fchren. Die Kugellager erlauben, besser als ein Zahnstangenauszug, die besonders weiche Verstellung mit gro\u00dfer Pr\u00e4zision. Die 10:1 Untersetzung am zweiten Fokussierknopf erlaubt eine sehr feine Einstellung, die auch dem anspruchsvollen Benutzer gerecht wird. Das Teleskop ist mit einem parabolischen Spiegel aus Pyrex gefertigt, das eine geringe thermische Ausdehnung besitzt und damit schnellere Ausk\u00fchlzeiten erm\u00f6glicht. Lieferumfang: 12\u201c Newton Teleskop mit Stahltubus 9&#215;50 Sucher Parabolischer 300mm Hauptspiegel aus Pyrex 2\u201c Dual Speed 10:1 Linear Power Fokussierer Rohrschellen und Montageschiene !Stromversorgung und Batterien sind nicht im Lieferumfang enthalten!<\/p>\n<p>Allgemein<\/p>\n<table>\n<tr>\n<td>Versandgewicht<\/td>\n<td>32.4kg<\/td>\n<\/tr>\n<\/table>\n<table>\n<tr>\n<td>Versandgr\u00f6\u00dfe<\/td>\n<td>134x54x54cm \/ 46x46x26cm<\/td>\n<\/tr>\n<\/table>\n<p>Optik<\/p>\n<table>\n<tr>\n<td>Bauart<\/td>\n<td>Fotonewton \/ Spiegelteleskop<\/td>\n<\/tr>\n<\/table>\n<table>\n<tr>\n<td>Brennweite (mm)<\/td>\n<td>1200<\/td>\n<\/tr>\n<\/table>\n<table>\n<tr>\n<td>\u00d6ffnung (mm)<\/td>\n<td>300<\/td>\n<\/tr>\n<\/table>\n<table>\n<tr>\n<td>\u00d6ffnungsverh\u00e4ltnis<\/td>\n<td>f:4<\/td>\n<\/tr>\n<\/table>\n<table>\n<tr>\n<td>Okularauszug<\/td>\n<td>2&#8243; Linear Power Fokussierer mit 10:1 Untersetzung<\/td>\n<\/tr>\n<\/table>\n<table>\n<tr>\n<td>Tubusgewicht (kg)<\/td>\n<td>22.80<\/td>\n<\/tr>\n<\/table>\n","protected":false},"excerpt":{"rendered":"<p>Vielen Dank f\u00fcr Ihren Besuch bei Teleskopshop.ch. <\/p>\n<p>Es freut uns, Ihnen das Produkt <b>Skywatcher Teleskop Quattro 12S<\/b> zu den nachfolgenden Konditionen anbieten zu d\u00fcrfen.<\/p>\n","protected":false},"featured_media":5215,"comment_status":"closed","ping_status":"closed","template":"","meta":{"_acf_changed":false},"product_brand":[675],"product_cat":[1628,1340,1568,1622,1610],"product_tag":[],"class_list":{"0":"post-62150","1":"product","2":"type-product","3":"status-publish","4":"has-post-thumbnail","6":"product_brand-skywatcher","7":"product_cat-newtoniano-it","8":"product_cat-ottica","9":"product_cat-telescopi","10":"product_cat-telescopi-a-riflessione","11":"product_cat-tubi-ottici-ota","13":"first","14":"instock","15":"sale","16":"taxable","17":"shipping-taxable","18":"purchasable","19":"product-type-simple"},"acf":[],"_links":{"self":[{"href":"https:\/\/www.teleskopshop.ch\/it\/wp-json\/wp\/v2\/product\/62150","targetHints":{"allow":["GET"]}}],"collection":[{"href":"https:\/\/www.teleskopshop.ch\/it\/wp-json\/wp\/v2\/product"}],"about":[{"href":"https:\/\/www.teleskopshop.ch\/it\/wp-json\/wp\/v2\/types\/product"}],"replies":[{"embeddable":true,"href":"https:\/\/www.teleskopshop.ch\/it\/wp-json\/wp\/v2\/comments?post=62150"}],"wp:featuredmedia":[{"embeddable":true,"href":"https:\/\/www.teleskopshop.ch\/it\/wp-json\/wp\/v2\/media\/5215"}],"wp:attachment":[{"href":"https:\/\/www.teleskopshop.ch\/it\/wp-json\/wp\/v2\/media?parent=62150"}],"wp:term":[{"taxonomy":"product_brand","embeddable":true,"href":"https:\/\/www.teleskopshop.ch\/it\/wp-json\/wp\/v2\/product_brand?post=62150"},{"taxonomy":"product_cat","embeddable":true,"href":"https:\/\/www.teleskopshop.ch\/it\/wp-json\/wp\/v2\/product_cat?post=62150"},{"taxonomy":"product_tag","embeddable":true,"href":"https:\/\/www.teleskopshop.ch\/it\/wp-json\/wp\/v2\/product_tag?post=62150"}],"curies":[{"name":"wp","href":"https:\/\/api.w.org\/{rel}","templated":true}]}}