{"id":62112,"date":"2022-05-09T00:00:00","date_gmt":"2022-05-08T22:00:00","guid":{"rendered":"https:\/\/2025.teleskopshop.ch\/shop\/senza-categoria\/skywatcher-teleskop-skymax-127t-ota\/"},"modified":"2025-03-03T09:21:45","modified_gmt":"2025-03-03T08:21:45","slug":"skywatcher-teleskop-skymax-127t-ota","status":"publish","type":"product","link":"https:\/\/www.teleskopshop.ch\/it\/shop\/ottica\/telescopi\/tubi-ottici-ota\/telescopi-a-riflessione\/maksutov-cassegrain-telescopi-a-riflessione-it\/skywatcher-teleskop-skymax-127t-ota\/","title":{"rendered":"Skywatcher Teleskop SkyMax 127T OTA"},"content":{"rendered":"<p>Die Teleskop Optik: Dieses kompakte und leistungsstarke Skywatcher Maksutov Cassegrain Teleskop mit seiner hochaufl\u00f6senden mehrfachverg\u00fcteten Optik eignet sich bei mittlerer bis hoher Aufl\u00f6sung f\u00fcr die Entdeckung von Oberfl\u00e4chendetails auf dem Mond sowie f\u00fcr die Beobachtung von Planeten und Doppelsternen, es zeigt aber auch schon einige hellere Deep Sky Objekte. Zudem ist es aber auch sehr gut f\u00fcr die Naturbeobachtung einsetzbar. Lieferumfang: 127mm Maksutov Cassegrain Teleskop Leuchtpunktsucher 1,25\u201c Zenitspiegel Okulare: 10mm &#038; 25mm !Stromversorgung und Batterien sind nicht im Lieferumfang enthalten!<\/p>\n<p>Allgemein<\/p>\n<table>\n<tr>\n<td>Versandgewicht<\/td>\n<td>6.3kg<\/td>\n<\/tr>\n<\/table>\n<table>\n<tr>\n<td>Versandgr\u00f6\u00dfe<\/td>\n<td>67x30x26cm<\/td>\n<\/tr>\n<\/table>\n<p>Optik<\/p>\n<table>\n<tr>\n<td>Bauart<\/td>\n<td>Maksutov Cassegrain \/ Spiegelteleskop<\/td>\n<\/tr>\n<\/table>\n<table>\n<tr>\n<td>Brennweite (mm)<\/td>\n<td>1500<\/td>\n<\/tr>\n<\/table>\n<table>\n<tr>\n<td>\u00d6ffnung (mm)<\/td>\n<td>127<\/td>\n<\/tr>\n<\/table>\n<table>\n<tr>\n<td>\u00d6ffnungsverh\u00e4ltnis<\/td>\n<td>f:11.8<\/td>\n<\/tr>\n<\/table>\n<table>\n<tr>\n<td>Okularauszug<\/td>\n<td>Hauptspiegelfokussierung \/ 1.25&#8243; Okularanschlu\u00df<\/td>\n<\/tr>\n<\/table>\n<table>\n<tr>\n<td>Tubusgewicht (kg)<\/td>\n<td>3.20<\/td>\n<\/tr>\n<\/table>\n","protected":false},"excerpt":{"rendered":"<p>Vielen Dank f\u00fcr Ihren Besuch bei Teleskopshop.ch. <\/p>\n<p>Es freut uns, Ihnen das Produkt <b>Skywatcher Teleskop SkyMax 127T OTA<\/b> zu den nachfolgenden Konditionen anbieten zu d\u00fcrfen.<\/p>\n","protected":false},"featured_media":5159,"comment_status":"closed","ping_status":"closed","template":"","meta":{"_acf_changed":false},"product_brand":[675],"product_cat":[1623,1340,1568,1622,1610],"product_tag":[],"class_list":{"0":"post-62112","1":"product","2":"type-product","3":"status-publish","4":"has-post-thumbnail","6":"product_brand-skywatcher","7":"product_cat-maksutov-cassegrain-telescopi-a-riflessione-it","8":"product_cat-ottica","9":"product_cat-telescopi","10":"product_cat-telescopi-a-riflessione","11":"product_cat-tubi-ottici-ota","13":"first","14":"instock","15":"sale","16":"taxable","17":"shipping-taxable","18":"purchasable","19":"product-type-simple"},"acf":[],"_links":{"self":[{"href":"https:\/\/www.teleskopshop.ch\/it\/wp-json\/wp\/v2\/product\/62112","targetHints":{"allow":["GET"]}}],"collection":[{"href":"https:\/\/www.teleskopshop.ch\/it\/wp-json\/wp\/v2\/product"}],"about":[{"href":"https:\/\/www.teleskopshop.ch\/it\/wp-json\/wp\/v2\/types\/product"}],"replies":[{"embeddable":true,"href":"https:\/\/www.teleskopshop.ch\/it\/wp-json\/wp\/v2\/comments?post=62112"}],"wp:featuredmedia":[{"embeddable":true,"href":"https:\/\/www.teleskopshop.ch\/it\/wp-json\/wp\/v2\/media\/5159"}],"wp:attachment":[{"href":"https:\/\/www.teleskopshop.ch\/it\/wp-json\/wp\/v2\/media?parent=62112"}],"wp:term":[{"taxonomy":"product_brand","embeddable":true,"href":"https:\/\/www.teleskopshop.ch\/it\/wp-json\/wp\/v2\/product_brand?post=62112"},{"taxonomy":"product_cat","embeddable":true,"href":"https:\/\/www.teleskopshop.ch\/it\/wp-json\/wp\/v2\/product_cat?post=62112"},{"taxonomy":"product_tag","embeddable":true,"href":"https:\/\/www.teleskopshop.ch\/it\/wp-json\/wp\/v2\/product_tag?post=62112"}],"curies":[{"name":"wp","href":"https:\/\/api.w.org\/{rel}","templated":true}]}}