{"id":62109,"date":"2022-05-09T00:00:00","date_gmt":"2022-05-08T22:00:00","guid":{"rendered":"https:\/\/2025.teleskopshop.ch\/shop\/senza-categoria\/skywatcher-teleskop-skymax-102t-ota\/"},"modified":"2025-01-25T13:26:42","modified_gmt":"2025-01-25T12:26:42","slug":"skywatcher-teleskop-skymax-102t-ota","status":"publish","type":"product","link":"https:\/\/www.teleskopshop.ch\/it\/shop\/ottica\/telescopi\/tubi-ottici-ota\/telescopi-a-riflessione\/maksutov-cassegrain-telescopi-a-riflessione-it\/skywatcher-teleskop-skymax-102t-ota\/","title":{"rendered":"Telescopio Skywatcher SkyMax 102T OTA"},"content":{"rendered":"<p>L&#8217;ottica del telescopio: questo compatto telescopio Skywatcher Maksutov Cassegrain con la sua ottica multistrato ad alta risoluzione \u00e8 adatto per risoluzioni medio-alte per la scoperta di dettagli della superficie lunare, nonch\u00e9 per l&#8217;osservazione di pianeti e stelle doppie. Ma pu\u00f2 anche essere usato molto bene per l&#8217;osservazione della natura. Fornitura: telescopio Maksutov Cassegrain da 102 mm cercatore di punti rossi oculari diagonali a stella da 1,25&#8243;: 10 mm e 25 mm! L&#8217;alimentatore e le batterie non sono inclusi nella fornitura!<\/p>\n<p>Generale<\/p>\n<table>\n<tr>\n<td>Peso di<\/td>\n<p> spedizione <\/p>\n<td>4,5 kg<\/td>\n<\/tr>\n<\/table>\n<table>\n<tr>\n<td>Dimensioni<\/td>\n<p> spedizione <\/p>\n<td>57x25x25cm<\/td>\n<\/tr>\n<\/table>\n<p>ottica<\/p>\n<table>\n<tr>\n<td>Tipo<\/td>\n<td>Maksutov Cassegrain \/ telescopio riflettore<\/td>\n<\/tr>\n<\/table>\n<table>\n<tr>\n<td>Lunghezza focale (mm)<\/td>\n<td>1300<\/td>\n<\/tr>\n<\/table>\n<table>\n<tr>\n<td>Apertura (mm)<\/td>\n<td>102<\/td>\n<\/tr>\n<\/table>\n<table>\n<tr>\n<td>Apertura<\/td>\n<td>f:12.75<\/td>\n<\/tr>\n<\/table>\n<table>\n<tr>\n<td>Focheggiatore<\/td>\n<p> di messa a <\/p>\n<td>fuoco con specchio primario \/ attacco oculare da 1,25&#8243;.<\/td>\n<\/tr>\n<\/table>\n<table>\n<tr>\n<td>Peso tubo (kg)<\/td>\n<td>2,00<\/td>\n<\/tr>\n<\/table>\n","protected":false},"excerpt":{"rendered":"<p>Tubo telescopio Skywatcher 102mm (4&#8243;) F\/1300 Maksutov Cassegrain<\/p>\n","protected":false},"featured_media":5155,"comment_status":"closed","ping_status":"open","template":"","meta":{"_acf_changed":false},"product_brand":[675],"product_cat":[1623,1340,1568,1622,1610],"product_tag":[],"class_list":{"0":"post-62109","1":"product","2":"type-product","3":"status-publish","4":"has-post-thumbnail","6":"product_brand-skywatcher","7":"product_cat-maksutov-cassegrain-telescopi-a-riflessione-it","8":"product_cat-ottica","9":"product_cat-telescopi","10":"product_cat-telescopi-a-riflessione","11":"product_cat-tubi-ottici-ota","13":"first","14":"instock","15":"taxable","16":"shipping-taxable","17":"purchasable","18":"product-type-simple"},"acf":[],"_links":{"self":[{"href":"https:\/\/www.teleskopshop.ch\/it\/wp-json\/wp\/v2\/product\/62109","targetHints":{"allow":["GET"]}}],"collection":[{"href":"https:\/\/www.teleskopshop.ch\/it\/wp-json\/wp\/v2\/product"}],"about":[{"href":"https:\/\/www.teleskopshop.ch\/it\/wp-json\/wp\/v2\/types\/product"}],"replies":[{"embeddable":true,"href":"https:\/\/www.teleskopshop.ch\/it\/wp-json\/wp\/v2\/comments?post=62109"}],"wp:featuredmedia":[{"embeddable":true,"href":"https:\/\/www.teleskopshop.ch\/it\/wp-json\/wp\/v2\/media\/5155"}],"wp:attachment":[{"href":"https:\/\/www.teleskopshop.ch\/it\/wp-json\/wp\/v2\/media?parent=62109"}],"wp:term":[{"taxonomy":"product_brand","embeddable":true,"href":"https:\/\/www.teleskopshop.ch\/it\/wp-json\/wp\/v2\/product_brand?post=62109"},{"taxonomy":"product_cat","embeddable":true,"href":"https:\/\/www.teleskopshop.ch\/it\/wp-json\/wp\/v2\/product_cat?post=62109"},{"taxonomy":"product_tag","embeddable":true,"href":"https:\/\/www.teleskopshop.ch\/it\/wp-json\/wp\/v2\/product_tag?post=62109"}],"curies":[{"name":"wp","href":"https:\/\/api.w.org\/{rel}","templated":true}]}}