{"id":62100,"date":"2022-05-09T00:00:00","date_gmt":"2022-05-08T22:00:00","guid":{"rendered":"https:\/\/2025.teleskopshop.ch\/shop\/senza-categoria\/skywatcher-teleskop-evostar-72-ed-ds-pro-ota\/"},"modified":"2025-09-23T16:40:35","modified_gmt":"2025-09-23T14:40:35","slug":"skywatcher-teleskop-evostar-72-ed-ds-pro-ota","status":"publish","type":"product","link":"https:\/\/www.teleskopshop.ch\/it\/shop\/ottica\/telescopi\/tubi-ottici-ota\/rifrattori\/apocromatici-ed\/skywatcher-teleskop-evostar-72-ed-ds-pro-ota\/","title":{"rendered":"Skywatcher Teleskop Evostar 72 ED DS Pro OTA"},"content":{"rendered":"<p>Apochromatische Refraktoren erzeugen durch ihre abschattungsfreien, lehrbuchartigen Beugungsmuster die sch\u00e4rfsten und hochwertigsten Abbildungen von allen Teleskop Systemen. Der Skywatcher High End Evostar 72ED Apo Refraktor enth\u00e4lt ein Doublet Objektiv mit einer Linse aus besonders niedrig brechendem ED Glas. Auch f\u00fcr das Kronglas Element wurde hochwertigstes Glas verwendet. Jede Glas-Luft Fl\u00e4che der Optik wurde mit einer exotischen, metallischen Anti-Reflektions Beschichtung versehen, um eine hohe, maximale Lichttransmission von 99,5 % zu erreichen! Die wegweisende Skywatcher &#8220;Metallic High-Transmission Coating\u201d (MHC) ist die hochwertigste optische Linsenbeschichtung in ihrer Klasse. (Bitte beachten Sie, das der Evostar 72ED Apo eine andere Objektivlinsen Glas Kombination enth\u00e4lt, als die Evostar 80ED \/ 100ED und 120ED Modelle) Achtung Zenitspiegel und Okular sind nicht im Lieferumfang enthalten! Lieferumfang: 72mm F\/420mm Optischer Tubus \/ Transportl\u00e4nge 420mm Dual Speed Fokussierer 2&#8221; mit 11:1 Untersetzung Rohrschelle und Vixen \/ Skywatcher Style Prismenschiene Aluminium Transportkoffer mit zus\u00e4tzlichen Ausformungen f\u00fcr Zubeh\u00f6rteile !Stromversorgung und Batterien sind nicht im Lieferumfang enthalten!<\/p>\n<p>Allgemein<\/p>\n<table>\n<tr>\n<td>Versandgewicht<\/td>\n<td>5.8kg<\/td>\n<\/tr>\n<\/table>\n<table>\n<tr>\n<td>Versandgr\u00f6\u00dfe<\/td>\n<td>37x59x25cm<\/td>\n<\/tr>\n<\/table>\n<p>Optik<\/p>\n<table>\n<tr>\n<td>Bauart<\/td>\n<td>apochromatischer Refraktor<\/td>\n<\/tr>\n<\/table>\n<table>\n<tr>\n<td>Brennweite (mm)<\/td>\n<td>420<\/td>\n<\/tr>\n<\/table>\n<table>\n<tr>\n<td>\u00d6ffnung (mm)<\/td>\n<td>72<\/td>\n<\/tr>\n<\/table>\n<table>\n<tr>\n<td>\u00d6ffnungsverh\u00e4ltnis<\/td>\n<td>f:5.8<\/td>\n<\/tr>\n<\/table>\n<table>\n<tr>\n<td>Okularauszug<\/td>\n<td>Dual Speed Crayford 2&#8221; mit 11:1 Untersetzung<\/td>\n<\/tr>\n<\/table>\n<table>\n<tr>\n<td>Tubusgewicht (kg)<\/td>\n<td>1.96<\/td>\n<\/tr>\n<\/table>\n","protected":false},"excerpt":{"rendered":"<p>Vielen Dank f\u00fcr Ihren Besuch bei Teleskopshop.ch. <\/p>\n<p>Es freut uns, Ihnen das Produkt <b>Skywatcher Teleskop Evostar 72 ED DS Pro OTA<\/b> zu den nachfolgenden Konditionen anbieten zu d\u00fcrfen.<\/p>\n","protected":false},"featured_media":5147,"comment_status":"closed","ping_status":"closed","template":"","meta":{"_acf_changed":false},"product_brand":[675],"product_cat":[1619,1340,1613,1568,1610],"product_tag":[],"class_list":{"0":"post-62100","1":"product","2":"type-product","3":"status-publish","4":"has-post-thumbnail","6":"product_brand-skywatcher","7":"product_cat-apocromatici-ed","8":"product_cat-ottica","9":"product_cat-rifrattori","10":"product_cat-telescopi","11":"product_cat-tubi-ottici-ota","13":"first","14":"instock","15":"sale","16":"taxable","17":"shipping-taxable","18":"purchasable","19":"product-type-simple"},"acf":[],"_links":{"self":[{"href":"https:\/\/www.teleskopshop.ch\/it\/wp-json\/wp\/v2\/product\/62100","targetHints":{"allow":["GET"]}}],"collection":[{"href":"https:\/\/www.teleskopshop.ch\/it\/wp-json\/wp\/v2\/product"}],"about":[{"href":"https:\/\/www.teleskopshop.ch\/it\/wp-json\/wp\/v2\/types\/product"}],"replies":[{"embeddable":true,"href":"https:\/\/www.teleskopshop.ch\/it\/wp-json\/wp\/v2\/comments?post=62100"}],"wp:featuredmedia":[{"embeddable":true,"href":"https:\/\/www.teleskopshop.ch\/it\/wp-json\/wp\/v2\/media\/5147"}],"wp:attachment":[{"href":"https:\/\/www.teleskopshop.ch\/it\/wp-json\/wp\/v2\/media?parent=62100"}],"wp:term":[{"taxonomy":"product_brand","embeddable":true,"href":"https:\/\/www.teleskopshop.ch\/it\/wp-json\/wp\/v2\/product_brand?post=62100"},{"taxonomy":"product_cat","embeddable":true,"href":"https:\/\/www.teleskopshop.ch\/it\/wp-json\/wp\/v2\/product_cat?post=62100"},{"taxonomy":"product_tag","embeddable":true,"href":"https:\/\/www.teleskopshop.ch\/it\/wp-json\/wp\/v2\/product_tag?post=62100"}],"curies":[{"name":"wp","href":"https:\/\/api.w.org\/{rel}","templated":true}]}}