{"id":61974,"date":"2022-05-09T00:00:00","date_gmt":"2022-05-08T22:00:00","guid":{"rendered":"https:\/\/2025.teleskopshop.ch\/shop\/senza-categoria\/barr-stroud-monokular-sprite-mini-8x25\/"},"modified":"2025-01-25T13:18:27","modified_gmt":"2025-01-25T12:18:27","slug":"barr-stroud-monokular-sprite-mini-8x25","status":"publish","type":"product","link":"https:\/\/www.teleskopshop.ch\/it\/shop\/ottica\/monoculari\/barr-stroud-monokular-sprite-mini-8x25\/","title":{"rendered":"Barr &amp; Stroud Monoculare Sprite Mini 8&#215;25"},"content":{"rendered":"<p>Propriet\u00e0\/Caratteristiche del cannocchiale Barr &amp; Stroud serie 80: &#8211; Lenti completamente multistrato &#8211; Impermeabilit\u00e0 fino a una profondit\u00e0 di 1,5 m per circa 3 minuti &#8211; Riempimento di azoto, previene l&#8217;appannamento dell&#8217;umidit\u00e0 nell&#8217;ottica &#8211; Protezione dalla pioggia &#8211; Leggero grazie al policarbonato &#8211; Durevole armatura in gomma &#8211; Custodia per il trasporto &#8211; Copriobiettivo &#8211; Treppiede da tavolo Realizzato per gli appassionati di outdoor e birdwatching. Il nuovo cannocchiale compatto Barr&amp;Stroud \u00e8 perfetto per chi viaggia leggero ma apprezza e apprezza le prestazioni di un cannocchiale. Prodotto per l&#8217;uso con una sola mano, questo oculare pu\u00f2 essere utilizzato anche in condizioni difficili. Fornito con copriobiettivo, treppiede da tavolo e custodia per il trasporto.<\/p>\n<p>Generale<\/p>\n<table>\n<tr>\n<td>Peso<\/td>\n<p> di spedizione <\/p>\n<td>0,264 kg<\/td>\n<\/tr>\n<\/table>\n<table>\n<tr>\n<td>Dimensioni<\/td>\n<p> di spedizione <\/p>\n<td>7,5&#215;6,5&#215;14 cm<\/td>\n<\/tr>\n<\/table>\n<p>Dati: Barr &amp; Stroud<\/p>\n<table>\n<tr>\n<td>Monoculare<\/td>\n<td>a<\/td>\n<p> prisma a tetto<\/tr>\n<\/table>\n<table>\n<tr>\n<td>Ingrandimento<\/td>\n<td>8x<\/td>\n<\/tr>\n<\/table>\n<table>\n<tr>\n<td>Diametro lente obiettivo (mm)<\/td>\n<td>25<\/td>\n<\/tr>\n<\/table>\n<table>\n<tr>\n<td>Pupilla di uscita (mm)<\/td>\n<td>3.13<\/td>\n<\/tr>\n<\/table>\n<table>\n<tr>Focheggiatore <\/p>\n<td>elicoidale del sistema di<\/td>\n<p> messa a <\/p>\n<td>fuoco<\/td>\n<\/tr>\n<\/table>\n<table>\n<tr>Tipi di prisma in <\/p>\n<td>vetro<\/td>\n<td>BaK-4<\/td>\n<\/tr>\n<\/table>\n<table>\n<tr>\n<td>Twilight<\/td>\n<td>numero 14.14<\/td>\n<\/tr>\n<\/table>\n<table>\n<tr>\n<td>Intensit\u00e0<\/td>\n<p> luminosa <\/p>\n<td>9,77<\/td>\n<\/tr>\n<\/table>\n<table>\n<tr>\n<td>Rivestimento lenti<\/td>\n<td>FMC<\/td>\n<\/tr>\n<\/table>\n<table>\n<tr>\n<td>Estrazione oculare all&#8217;oculare (mm)<\/td>\n<td>14,50<\/td>\n<\/tr>\n<\/table>\n<table>\n<tr>Campo <\/p>\n<td>visivo a 1000m<\/td>\n<td>122m<\/td>\n<\/tr>\n<\/table>\n<table>\n<tr>\n<td>Distanza minima di messa a fuoco (m)<\/td>\n<td>\n<table>\n<tr>\n<td>A prova di schizzi<\/td>\n<td>s\u00ec<\/td>\n<\/tr>\n<\/table>\n","protected":false},"excerpt":{"rendered":"<p>Monoculare Barr &amp; Stroud Sprite Mini 8&#215;25 W\/P<\/p>\n","protected":false},"featured_media":6107,"comment_status":"closed","ping_status":"open","template":"","meta":{"_acf_changed":false},"product_brand":[684],"product_cat":[1475,1340],"product_tag":[],"class_list":{"0":"post-61974","1":"product","2":"type-product","3":"status-publish","4":"has-post-thumbnail","6":"product_brand-barr-stroud","7":"product_cat-monoculari","8":"product_cat-ottica","10":"first","11":"instock","12":"taxable","13":"shipping-taxable","14":"purchasable","15":"product-type-simple"},"acf":[],"_links":{"self":[{"href":"https:\/\/www.teleskopshop.ch\/it\/wp-json\/wp\/v2\/product\/61974","targetHints":{"allow":["GET"]}}],"collection":[{"href":"https:\/\/www.teleskopshop.ch\/it\/wp-json\/wp\/v2\/product"}],"about":[{"href":"https:\/\/www.teleskopshop.ch\/it\/wp-json\/wp\/v2\/types\/product"}],"replies":[{"embeddable":true,"href":"https:\/\/www.teleskopshop.ch\/it\/wp-json\/wp\/v2\/comments?post=61974"}],"wp:featuredmedia":[{"embeddable":true,"href":"https:\/\/www.teleskopshop.ch\/it\/wp-json\/wp\/v2\/media\/6107"}],"wp:attachment":[{"href":"https:\/\/www.teleskopshop.ch\/it\/wp-json\/wp\/v2\/media?parent=61974"}],"wp:term":[{"taxonomy":"product_brand","embeddable":true,"href":"https:\/\/www.teleskopshop.ch\/it\/wp-json\/wp\/v2\/product_brand?post=61974"},{"taxonomy":"product_cat","embeddable":true,"href":"https:\/\/www.teleskopshop.ch\/it\/wp-json\/wp\/v2\/product_cat?post=61974"},{"taxonomy":"product_tag","embeddable":true,"href":"https:\/\/www.teleskopshop.ch\/it\/wp-json\/wp\/v2\/product_tag?post=61974"}],"curies":[{"name":"wp","href":"https:\/\/api.w.org\/{rel}","templated":true}]}}