{"id":61962,"date":"2022-05-09T00:00:00","date_gmt":"2022-05-08T22:00:00","guid":{"rendered":"https:\/\/2025.teleskopshop.ch\/shop\/senza-categoria\/skywatcher-teleskop-skymax-127-synscan-az-goto\/"},"modified":"2025-03-03T09:19:52","modified_gmt":"2025-03-03T08:19:52","slug":"skywatcher-teleskop-skymax-127-synscan-az-goto","status":"publish","type":"product","link":"https:\/\/www.teleskopshop.ch\/it\/shop\/ottica\/telescopi\/maksutov-cassgrain-it\/go-to-maksutov-cassgrain-it\/skywatcher-teleskop-skymax-127-synscan-az-goto\/","title":{"rendered":"Skywatcher Teleskop SkyMax 127 SynScan AZ GoTo"},"content":{"rendered":"<p>Die Teleskop Optik: Das Sky-Watcher Skymax-127 Maksutov Cassegrain Teleskop ist eine gr\u00f6\u00dfere Version des Skymax-102 und stellt beachtliche 55% mehr Lichtsammelleistung zur Verf\u00fcgung und ist damit nochmals eine Steigerung zu seinem kleineren Bruder f\u00fcr die Beobachtung mit mittleren bis hohen Vergr\u00f6\u00dferungen. Die Teleskop Montierung: Die besondere Sky-Watcher SynScan\u2122 AZ Computer GoTo Montierung erm\u00f6glicht es Ihnen einfach Objekte des Nachthimmels, wie Planeten, Nebel, Sternhaufen, Galaxien und vieles mehr aufzusuchen und nachzuf\u00fchren. Die SynScan\u2122 AZ Handsteuerbox bewegt Ihr Teleskop automatisch auf das gew\u00fcnschte Objekt oder f\u00fchrt Sie durch den Nachthimmel mit nur einem Knopfdruck! Das benutzerfreundliche Menue enth\u00e4lt \u00fcber 42.900 Objekte des Nachthimmels. Sogar ein unerfahrener Beobachter kann die Funktionen in nur wenigen Beobachtungsn\u00e4chten erlernen. Lieferumfang: 127 mm Maksutov Cassegrain Teleskop SynScan\u2122 AZ Computer GoTo HD Montierung 6&#215;30 Sucher 1,25\u201c Zenitspiegel Okulare: 10mm &#038; 25 mm 2fach Deluxe Barlow Linse 1,25\u201c mit Kameraadapter Edelstahlstativ mit Ablageplatte !Stromversorgung und Batterien sind nicht im Lieferumfang enthalten!<\/p>\n<p>Allgemein<\/p>\n<table>\n<tr>\n<td>Versandgewicht<\/td>\n<td>11.9kg<\/td>\n<\/tr>\n<\/table>\n<table>\n<tr>\n<td>Versandgr\u00f6\u00dfe<\/td>\n<td>87x44x25cm<\/td>\n<\/tr>\n<\/table>\n<p>Optik<\/p>\n<table>\n<tr>\n<td>Bauart<\/td>\n<td>Maksutov Cassegrain \/ Spiegelteleskop<\/td>\n<\/tr>\n<\/table>\n<table>\n<tr>\n<td>Brennweite (mm)<\/td>\n<td>1500<\/td>\n<\/tr>\n<\/table>\n<table>\n<tr>\n<td>\u00d6ffnung (mm)<\/td>\n<td>127<\/td>\n<\/tr>\n<\/table>\n<table>\n<tr>\n<td>\u00d6ffnungsverh\u00e4ltnis<\/td>\n<td>f:11.8<\/td>\n<\/tr>\n<\/table>\n<table>\n<tr>\n<td>Okularauszug<\/td>\n<td>Hauptspiegelfokussierung \/ 1.25&#8243; Okularanschlu\u00df<\/td>\n<\/tr>\n<\/table>\n<table>\n<tr>\n<td>Tubusgewicht (kg)<\/td>\n<td>3.50<\/td>\n<\/tr>\n<\/table>\n<\/td>\n<td>Montierung<\/p>\n<table>\n<tr>\n<td>Typ<\/td>\n<td>Azimutale Computer Montierung<\/td>\n<\/tr>\n<\/table>\n<table>\n<tr>\n<td>GoTo<\/td>\n<td> ja <\/td>\n<\/tr>\n<\/table>\n<table>\n<tr>\n<td>Max. Zuladung visuell (kg)<\/td>\n<td>5.00<\/td>\n<\/tr>\n<\/table>\n<table>\n<tr>\n<td>Montierungsgewicht gesamt (kg)<\/td>\n<td>4.50<\/td>\n<\/tr>\n<\/table>\n","protected":false},"excerpt":{"rendered":"<p>Vielen Dank f\u00fcr Ihren Besuch bei Teleskopshop.ch. <\/p>\n<p>Es freut uns, Ihnen das Produkt <b>Skywatcher Teleskop SkyMax 127 SynScan AZ GoTo<\/b> zu den nachfolgenden Konditionen anbieten zu d\u00fcrfen.<\/p>\n","protected":false},"featured_media":5235,"comment_status":"closed","ping_status":"closed","template":"","meta":{"_acf_changed":false},"product_brand":[675],"product_cat":[1598,1595,1340,1568],"product_tag":[],"class_list":{"0":"post-61962","1":"product","2":"type-product","3":"status-publish","4":"has-post-thumbnail","6":"product_brand-skywatcher","7":"product_cat-go-to-maksutov-cassgrain-it","8":"product_cat-maksutov-cassgrain-it","9":"product_cat-ottica","10":"product_cat-telescopi","12":"first","13":"instock","14":"sale","15":"taxable","16":"shipping-taxable","17":"purchasable","18":"product-type-simple"},"acf":[],"_links":{"self":[{"href":"https:\/\/www.teleskopshop.ch\/it\/wp-json\/wp\/v2\/product\/61962","targetHints":{"allow":["GET"]}}],"collection":[{"href":"https:\/\/www.teleskopshop.ch\/it\/wp-json\/wp\/v2\/product"}],"about":[{"href":"https:\/\/www.teleskopshop.ch\/it\/wp-json\/wp\/v2\/types\/product"}],"replies":[{"embeddable":true,"href":"https:\/\/www.teleskopshop.ch\/it\/wp-json\/wp\/v2\/comments?post=61962"}],"wp:featuredmedia":[{"embeddable":true,"href":"https:\/\/www.teleskopshop.ch\/it\/wp-json\/wp\/v2\/media\/5235"}],"wp:attachment":[{"href":"https:\/\/www.teleskopshop.ch\/it\/wp-json\/wp\/v2\/media?parent=61962"}],"wp:term":[{"taxonomy":"product_brand","embeddable":true,"href":"https:\/\/www.teleskopshop.ch\/it\/wp-json\/wp\/v2\/product_brand?post=61962"},{"taxonomy":"product_cat","embeddable":true,"href":"https:\/\/www.teleskopshop.ch\/it\/wp-json\/wp\/v2\/product_cat?post=61962"},{"taxonomy":"product_tag","embeddable":true,"href":"https:\/\/www.teleskopshop.ch\/it\/wp-json\/wp\/v2\/product_tag?post=61962"}],"curies":[{"name":"wp","href":"https:\/\/api.w.org\/{rel}","templated":true}]}}