{"id":61956,"date":"2022-05-09T00:00:00","date_gmt":"2022-05-08T22:00:00","guid":{"rendered":"https:\/\/2025.teleskopshop.ch\/shop\/senza-categoria\/skywatcher-teleskop-skymax-180-pro-mit-eq5-pro-synscan-montierung\/"},"modified":"2025-02-24T10:37:09","modified_gmt":"2025-02-24T09:37:09","slug":"skywatcher-teleskop-skymax-180-pro-mit-eq5-pro-synscan-montierung","status":"publish","type":"product","link":"https:\/\/www.teleskopshop.ch\/it\/shop\/ottica\/telescopi\/maksutov-cassgrain-it\/skywatcher-teleskop-skymax-180-pro-mit-eq5-pro-synscan-montierung\/","title":{"rendered":"Skywatcher Teleskop SkyMax 180 Pro mit EQ5 Pro SynScan\u2122 Montierung"},"content":{"rendered":"<p>Die Optik: Das Skywatcher 180 mm Maksutov Cassegrain Teleskop ist die gr\u00f6\u00dfte Optik der Baureihe. Diese Optik ist perfekt f\u00fcr hohe Vergr\u00f6\u00dferungen an Mond und Planeten geeignet und zeigen diese mit hoher Sch\u00e4rfe und Kontrast. Mit seinem 2\u201c Okularanschlu\u00df lassen sich mit diesem Ger\u00e4t auch gro\u00dffl\u00e4chigere Nebel und Galaxien beobachten.. Mit seinem SC Anschlu\u00df lassen sich viele Standardzubeh\u00f6rteile verwenden und auch die Fotografie ist gut m\u00f6glich. Montierung: Skywatcher bietet hier eine einfache L\u00f6sung f\u00fcr Hobbyastronomen an, die ihr Teleskop auf eine bequeme Computergesteuerte Montierung setzen wollen, aber noch keine schwere HEQ5 oder EQ6 Montierung einsetzen m\u00f6chten. Die EQ5 Pro SynScan\u2122 Montierung verwendet das gleiche GoTo System, das in der HEQ5 und EQ6 Pro SynScan\u2122 Montierung eingesetzt wird. Es erlaubt dem Benutzer ein beliebiges Objekt einzustellen oder mit nur einem Knopfdruck eine gef\u00fchrte Tour \u00fcber den Nachthimmel zu starten. Die umfangreiche Datenbank enth\u00e4lt \u00fcber 42.900 Objekte des Nachthimmels. Die Skywatcher EQ5 Pro SynScan\u2122 Montierung ist das perfekte Instrument f\u00fcr den Einsteiger mit etwas gr\u00f6\u00dferem Teleskop in die visuelle Beobachtung oder Fotografie das neue Hobby mit minimalem Aufbau Aufwand zu genie\u00dfen ohne sich bereits perfekt am Himmel auszukennen. Die Montierung wird mit einem stabilen Stativ mit Edelstahl Beinen geliefert. Lieferumfang: 180 mm Maksutov Cassegrain Teleskop 9&#215;50 Sucher 2\u201c Zenitspiegel mit Adapter auf 1,25\u201c Okulare: 9mm &#038; 20mm EQ5 Pro SynScan\u2122 Montierung Stativ mit Edelstahl Beinen und Ablageplatte SynScan\u2122 V.5 Handsteuerbox und Motorsteuerbox mit Kabeln Gegengewichte !Stromversorgung und Batterien sind nicht im Lieferumfang enthalten!<\/p>\n<p>Allgemein<\/p>\n<table>\n<tr>\n<td>Versandgewicht<\/td>\n<td>10.5kg \/ 27.7kg<\/td>\n<\/tr>\n<\/table>\n<table>\n<tr>\n<td>Versandgr\u00f6\u00dfe<\/td>\n<td>77x30x33cm \/ 105x50x25cm<\/td>\n<\/tr>\n<\/table>\n<p>Optik<\/p>\n<table>\n<tr>\n<td>Bauart<\/td>\n<td>Maksutov Cassegrain Spiegelteleskop<\/td>\n<\/tr>\n<\/table>\n<table>\n<tr>\n<td>Brennweite (mm)<\/td>\n<td>2700<\/td>\n<\/tr>\n<\/table>\n<table>\n<tr>\n<td>\u00d6ffnung (mm)<\/td>\n<td>180<\/td>\n<\/tr>\n<\/table>\n<table>\n<tr>\n<td>\u00d6ffnungsverh\u00e4ltnis<\/td>\n<td>f:15<\/td>\n<\/tr>\n<\/table>\n<table>\n<tr>\n<td>Okularauszug<\/td>\n<td>Hauptspiegelfokussierung<\/td>\n<\/tr>\n<\/table>\n<table>\n<tr>\n<td>Tubusgewicht (kg)<\/td>\n<td>7.50<\/td>\n<\/tr>\n<\/table>\n<\/td>\n<td>Montierung<\/p>\n<table>\n<tr>\n<td>Typ<\/td>\n<td>\u00c4quatoriale motorisierte Montierung<\/td>\n<\/tr>\n<\/table>\n<table>\n<tr>\n<td>GoTo<\/td>\n<td> ja <\/td>\n<\/tr>\n<\/table>\n<table>\n<tr>\n<td>Max. Zuladung visuell (kg)<\/td>\n<td>10.00<\/td>\n<\/tr>\n<\/table>\n<table>\n<tr>\n<td>Montierungsgewicht gesamt (kg)<\/td>\n<td>23.40<\/td>\n<\/tr>\n<\/table>\n","protected":false},"excerpt":{"rendered":"<p>Vielen Dank f\u00fcr Ihren Besuch bei Teleskopshop.ch. <\/p>\n<p>Es freut uns, Ihnen das Produkt <b>Skywatcher Teleskop SkyMax 180 Pro mit EQ5 Pro SynScan\u2122 Montierung<\/b> zu den nachfolgenden Konditionen anbieten zu d\u00fcrfen.<\/p>\n","protected":false},"featured_media":5247,"comment_status":"closed","ping_status":"closed","template":"","meta":{"_acf_changed":false},"product_brand":[675],"product_cat":[1595,1340,1568],"product_tag":[],"class_list":{"0":"post-61956","1":"product","2":"type-product","3":"status-publish","4":"has-post-thumbnail","6":"product_brand-skywatcher","7":"product_cat-maksutov-cassgrain-it","8":"product_cat-ottica","9":"product_cat-telescopi","11":"first","12":"instock","13":"sale","14":"taxable","15":"shipping-taxable","16":"purchasable","17":"product-type-simple"},"acf":[],"_links":{"self":[{"href":"https:\/\/www.teleskopshop.ch\/it\/wp-json\/wp\/v2\/product\/61956","targetHints":{"allow":["GET"]}}],"collection":[{"href":"https:\/\/www.teleskopshop.ch\/it\/wp-json\/wp\/v2\/product"}],"about":[{"href":"https:\/\/www.teleskopshop.ch\/it\/wp-json\/wp\/v2\/types\/product"}],"replies":[{"embeddable":true,"href":"https:\/\/www.teleskopshop.ch\/it\/wp-json\/wp\/v2\/comments?post=61956"}],"wp:featuredmedia":[{"embeddable":true,"href":"https:\/\/www.teleskopshop.ch\/it\/wp-json\/wp\/v2\/media\/5247"}],"wp:attachment":[{"href":"https:\/\/www.teleskopshop.ch\/it\/wp-json\/wp\/v2\/media?parent=61956"}],"wp:term":[{"taxonomy":"product_brand","embeddable":true,"href":"https:\/\/www.teleskopshop.ch\/it\/wp-json\/wp\/v2\/product_brand?post=61956"},{"taxonomy":"product_cat","embeddable":true,"href":"https:\/\/www.teleskopshop.ch\/it\/wp-json\/wp\/v2\/product_cat?post=61956"},{"taxonomy":"product_tag","embeddable":true,"href":"https:\/\/www.teleskopshop.ch\/it\/wp-json\/wp\/v2\/product_tag?post=61956"}],"curies":[{"name":"wp","href":"https:\/\/api.w.org\/{rel}","templated":true}]}}