{"id":61933,"date":"2022-05-09T00:00:00","date_gmt":"2022-05-08T22:00:00","guid":{"rendered":"https:\/\/2025.teleskopshop.ch\/shop\/senza-categoria\/skywatcher-teleskop-skyhawk-1145p-synscan-az-goto\/"},"modified":"2025-01-25T13:18:40","modified_gmt":"2025-01-25T12:18:40","slug":"skywatcher-teleskop-skyhawk-1145p-synscan-az-goto","status":"publish","type":"product","link":"https:\/\/www.teleskopshop.ch\/it\/shop\/ottica\/telescopi\/telescopio-per-principianti\/go-to-principianti-it\/skywatcher-teleskop-skyhawk-1145p-synscan-az-goto\/","title":{"rendered":"Telescopio Skywatcher Skyhawk 1145P SynScan AZ GoTo"},"content":{"rendered":"<p>L&#8217;ottica del telescopio: Il telescopio Sky-Watcher Skyhawk-1145P con la sua superba ottica parabolica ha dimostrato la sua versatilit\u00e0. \u00c8 raccomandato dalla rivista Sky At Night della BBC per le sue elevate prestazioni e facilit\u00e0 d&#8217;uso, soprattutto per i principianti. La montatura del telescopio: la speciale montatura GoTo per computer Sky-Watcher SynScan\u2122 AZ consente di localizzare e tracciare facilmente oggetti nel cielo notturno, come pianeti, nebulose, ammassi stellari, galassie e molto altro. La pulsantiera SynScan\u2122 AZ sposta automaticamente il tuo telescopio sull&#8217;oggetto desiderato o ti guida attraverso il cielo notturno con la semplice pressione di un pulsante! Il menu intuitivo contiene oltre 42.900 oggetti del cielo notturno. Anche un osservatore inesperto pu\u00f2 apprendere le funzioni in poche notti di osservazione. Fornitura: telescopio newtoniano da 114 mm montatura SynScan\u2122 mirino 6&#215;24 oculari: 10 mm e 25 mm 2 lenti di Barlow Treppiede in acciaio inossidabile con piastra portaoggetti !Alimentatore e batterie non sono inclusi nella fornitura!<\/p>\n<p>Generale<\/p>\n<table>\n<tr>\n<td>Peso di<\/td>\n<p> spedizione <\/p>\n<td>10,2<\/td>\n<p> kg<\/tr>\n<\/table>\n<table>\n<tr>\n<td>Dimensioni<\/td>\n<p> spedizione <\/p>\n<td>87&#215;43,5&#215;25 cm<\/td>\n<\/tr>\n<\/table>\n<p>ottica<\/p>\n<table>\n<tr>\n<td>Tipo<\/td>\n<td>Newton \/ telescopio riflettore<\/td>\n<\/tr>\n<\/table>\n<table>\n<tr>\n<td>Lunghezza focale (mm)<\/td>\n<td>500<\/td>\n<\/tr>\n<\/table>\n<table>\n<tr>\n<td>Apertura (mm)<\/td>\n<td>114<\/td>\n<\/tr>\n<\/table>\n<table>\n<tr>\n<td>Apertura<\/td>\n<td>f:4.4<\/td>\n<\/tr>\n<\/table>\n<table>\n<tr>\n<td>Focheggiatore<\/td>\n<td>1,25&#8243;<\/td>\n<\/tr>\n<\/table>\n<table>\n<tr>\n<td>Peso tubo (kg)<\/td>\n<td>2,00<\/td>\n<\/tr>\n<\/table>\n<\/td>\n<td>montare<\/p>\n<table>\n<tr>\n<td>Digitare<\/td>\n<td>supporto per computer azimutale<\/td>\n<\/tr>\n<\/table>\n<table>\n<tr>\n<td>Vai a<\/td>\n<td>s\u00ec<\/td>\n<\/tr>\n<\/table>\n<table>\n<tr>\n<td>Max. Carico utile visivo (kg)<\/td>\n<td>5.00<\/td>\n<\/tr>\n<\/table>\n<table>\n<tr>\n<td>Peso totale della montatura (kg)<\/td>\n<td>4,50<\/td>\n<\/tr>\n<\/table>\n","protected":false},"excerpt":{"rendered":"<p>Telescopio Skywatcher 114mm (4.5&#8243;) F\/500 Newton con specchio parabolico e attacco per computer<\/p>\n","protected":false},"featured_media":5455,"comment_status":"closed","ping_status":"open","template":"","meta":{"_acf_changed":false},"product_brand":[675],"product_cat":[1583,1340,1568,1577],"product_tag":[],"class_list":{"0":"post-61933","1":"product","2":"type-product","3":"status-publish","4":"has-post-thumbnail","6":"product_brand-skywatcher","7":"product_cat-go-to-principianti-it","8":"product_cat-ottica","9":"product_cat-telescopi","10":"product_cat-telescopio-per-principianti","12":"first","13":"instock","14":"taxable","15":"shipping-taxable","16":"purchasable","17":"product-type-simple"},"acf":[],"_links":{"self":[{"href":"https:\/\/www.teleskopshop.ch\/it\/wp-json\/wp\/v2\/product\/61933","targetHints":{"allow":["GET"]}}],"collection":[{"href":"https:\/\/www.teleskopshop.ch\/it\/wp-json\/wp\/v2\/product"}],"about":[{"href":"https:\/\/www.teleskopshop.ch\/it\/wp-json\/wp\/v2\/types\/product"}],"replies":[{"embeddable":true,"href":"https:\/\/www.teleskopshop.ch\/it\/wp-json\/wp\/v2\/comments?post=61933"}],"wp:featuredmedia":[{"embeddable":true,"href":"https:\/\/www.teleskopshop.ch\/it\/wp-json\/wp\/v2\/media\/5455"}],"wp:attachment":[{"href":"https:\/\/www.teleskopshop.ch\/it\/wp-json\/wp\/v2\/media?parent=61933"}],"wp:term":[{"taxonomy":"product_brand","embeddable":true,"href":"https:\/\/www.teleskopshop.ch\/it\/wp-json\/wp\/v2\/product_brand?post=61933"},{"taxonomy":"product_cat","embeddable":true,"href":"https:\/\/www.teleskopshop.ch\/it\/wp-json\/wp\/v2\/product_cat?post=61933"},{"taxonomy":"product_tag","embeddable":true,"href":"https:\/\/www.teleskopshop.ch\/it\/wp-json\/wp\/v2\/product_tag?post=61933"}],"curies":[{"name":"wp","href":"https:\/\/api.w.org\/{rel}","templated":true}]}}